{"id":1367,"date":"2021-07-20T17:13:05","date_gmt":"2021-07-20T17:13:05","guid":{"rendered":"https:\/\/pldistribucion.com.ar\/web\/?post_type=product&#038;p=1367"},"modified":"2022-04-05T12:26:57","modified_gmt":"2022-04-05T12:26:57","slug":"mobil-shc-600","status":"publish","type":"product","link":"https:\/\/pldistribucion.com.ar\/web\/producto\/mobil-shc-600\/","title":{"rendered":"MOBIL SHC 600"},"content":{"rendered":"<h1><span style=\"font-size: 80%;\"><em><strong>MOBIL SHC 600<\/strong><\/em><\/span><\/h1>\n<h3><span style=\"font-size: 80%; background-color: #ddb4e0;\"><em><strong>DESCRIPCI\u00d3N DEL PRODUCTO<\/strong><\/em><\/span><\/h3>\n<p><span style=\"color: #000000;\">MOBIL SHC 600 son aceites que se dise\u00f1aron para proporcionar un servicio sobresaliente en t\u00e9rminos de protecci\u00f3n de los equipos, de vida \u00fatil del aceite y de una operaci\u00f3n sin problemas. Esto ayuda a aumentar la productividad de los clientes. Adem\u00e1s, estos aceites cient\u00edficamente dise\u00f1ados est\u00e1n formulados utilizando la tecnolog\u00eda de vanguardia Mobil SHC, de propiedad exclusiva y pendiente de patente. Esto es para proporcionar un desempe\u00f1o excepcional y equilibrado en aplicaciones exigentes a altas y bajas temperaturas.<\/span><\/p>\n<h3><span style=\"font-size: 80%; background-color: #ddb4e0;\"><em><strong>CARACTER\u00cdSTICAS Y BENEFICIOS<\/strong><\/em><\/span><\/h3>\n<ul>\n<li><span style=\"color: #000000;\">Excelente resistencia t\u00e9rmica y a la oxidaci\u00f3n a altas temperaturas.<\/span><\/li>\n<li><span style=\"color: #000000;\">Alto \u00edndice de viscosidad y ausencia de cera.<\/span><\/li>\n<li><span style=\"color: #000000;\">Bajo coeficiente de tracci\u00f3n.<\/span><\/li>\n<li><span style=\"color: #000000;\">Alta capacidad de carga.<\/span><\/li>\n<li><span style=\"color: #000000;\">Combinaci\u00f3n equilibrada de aditivos.<\/span><\/li>\n<li><span style=\"color: #000000;\">Ayuda a ampliar la capacidad de los equipos para operar a altas temperaturas<\/span><\/li>\n<li><span style=\"color: #000000;\">Larga vida \u00fatil del aceite, que ayuda a reducir los costos de mantenimiento<\/span><\/li>\n<li><span style=\"color: #000000;\">Ayuda a minimizar los dep\u00f3sitos y as\u00ed permitir una operaci\u00f3n sin problemas y una larga vida \u00fatil de los filtros<\/span><\/li>\n<li><span style=\"color: #000000;\">Mantiene la viscosidad y el espesor de la pel\u00edcula a altas temperaturas<\/span><\/li>\n<li><span style=\"color: #000000;\">Ayuda a permitir un desempe\u00f1o excepcional a bajas temperaturas, incluyendo los arranques<\/span><\/li>\n<li><span style=\"color: #000000;\">Tambi\u00e9n ayuda a reducir la fricci\u00f3n y a aumentar la eficiencia de los mecanismos de deslizamiento, como los engranajes, con la posibilidad de reducir el consumo de energ\u00eda y de bajar las temperaturas de operaci\u00f3n en condiciones de estado estable.<\/span><\/li>\n<li><span style=\"color: #000000;\">Ayuda a minimizar los efectos del microdeslizamiento en los cojinetes de contacto rodante para posibilitar la prolongaci\u00f3n de la vida \u00fatil de los elementos rodantes.<\/span><\/li>\n<li><span style=\"color: #000000;\">Y ayuda a proteger y a prolongar la vida \u00fatil de los equipos; ayuda a minimizar los tiempos de inactividad inesperados y a prolongar los per\u00edodos de servicio.<\/span><\/li>\n<li><span style=\"color: #000000;\">Proporciona un excelente desempe\u00f1o en t\u00e9rminos de prevenci\u00f3n de la corrosi\u00f3n y formaci\u00f3n de herrumbre, la separabilidad del agua, el control de la espuma y la liberaci\u00f3n de aire.<\/span><\/li>\n<\/ul>\n<h3><span style=\"font-size: 80%; background-color: #ddb4e0;\"><em><strong>APLICACIONES<\/strong><\/em><\/span><\/h3>\n<p><span style=\"color: #000000;\"> Las aplicaciones espec\u00edficas requieren la selecci\u00f3n del grado de viscosidad apropiado e incluyen:<\/span><\/p>\n<ul>\n<li><span style=\"color: #000000;\">Cajas de engranajes llenadas de por vida, especialmente los engranajes helicoidales de alta relaci\u00f3n\/baja eficiencia.<\/span><\/li>\n<li><span style=\"color: #000000;\">Las cajas de engranajes ubicadas en puntos remotos, donde el cambio de aceite es dif\u00edcil.<\/span><\/li>\n<li><span style=\"color: #000000;\">Aplicaciones de bajas temperaturas, como las telesillas de esqu\u00ed, donde se pueden evitar los cambios estacionales de aceite.<\/span><\/li>\n<li><span style=\"color: #000000;\">Rodamientos de rodillos para mezcladores y rodamientos de cuello de cilindro donde se encuentran altas temperaturas.<\/span><\/li>\n<li><span style=\"color: #000000;\">Calandras de pl\u00e1stico.<\/span><\/li>\n<li><span style=\"color: #000000;\">Aplicaciones severas de centr\u00edfugas, incluyendo las centr\u00edfugas marinas.<\/span><\/li>\n<li><span style=\"color: #000000;\">Motores de tracci\u00f3n de corriente alterna de ferrocarriles.<\/span><\/li>\n<\/ul>\n<p><strong><span style=\"color: #0000ff;\"><a style=\"color: #0000ff;\" href=\"https:\/\/pldistribucion.com.ar\/web\/wp-content\/uploads\/FICHA22-1-1.pdf\" target=\"_blank\" rel=\"noopener\">Ver ficha t\u00e9cnica \/\u00a0<\/a><\/span><\/strong><\/p>\n<p><span style=\"color: #0000ff;\"><strong><a style=\"color: #0000ff;\" href=\"https:\/\/pldistribucion.com.ar\/web\/categoria-producto\/lubricantes\/?filter_marcas=mobil\">Ver m\u00e1s productos MOBIL<\/a><\/strong><\/span><\/p>\n<p><span style=\"color: #000000;\">( Esta compa\u00f1\u00eda fue fundada en 1870 bajo el nombre de Standard Oil Company por el estadounidense John D. Rockefeller, tomando en 1920 como registro el nombre comercial de \u201cMobiloil\u201d. Debido a esto, el logo de la marca tambi\u00e9n evoluciona y en 1955, se adopta la marca denominativa \u201c<strong>Mobil<\/strong>\u201d, que se coloc\u00f3 dentro de una forma de escudo y desde este tiempo se ha mantenido el esquema de su color caracter\u00edstico en rojo y azul. Desde autom\u00f3viles, motos y camiones hasta aviones y cohetes espaciales: Mobil mueve la industria, la econom\u00eda y los l\u00edmites&#8230;)<\/span><\/p>\n<p><strong><span style=\"color: #0000ff;\"><a style=\"color: #0000ff;\" href=\"https:\/\/www.mobil.com\/en\/\" target=\"_blank\" rel=\"noopener\">Conoce m\u00e1s sobre MOBIL<\/a><\/span><\/strong><\/p>\n<p>&nbsp;<\/p>\n","protected":false},"excerpt":{"rendered":"<p><img loading=\"lazy\" decoding=\"async\" class=\"alignnone size-medium wp-image-259\" src=\"https:\/\/pldistribucion.com.ar\/web\/wp-content\/uploads\/Mobil_logo-300x300.jpg\" alt=\"\" width=\"300\" height=\"300\" \/><\/p>\n<h1>Lubricantes MOBIL<\/h1>\n<p><strong>Mobil<\/strong> tiene una l\u00ednea de lubricantes exclusivas para cada segmento de operaci\u00f3n que cumple con las especificaciones mas diversas del mercado, ya sea con Mobil Delvac \u2122 para camiones pesados y livianos, Mobil Super \u2122 para autom\u00f3viles, Mobil Super Moto \u2122 para motos, y Mobil \u2122 para industrias, generamos movimiento para todo tipo de veh\u00edculos y motores.<\/p>\n","protected":false},"featured_media":1123,"comment_status":"open","ping_status":"closed","template":"","meta":[],"product_cat":[16,34],"product_tag":[],"yoast_head":"<!-- This site is optimized with the Yoast SEO plugin v23.0 - https:\/\/yoast.com\/wordpress\/plugins\/seo\/ -->\n<title>MOBIL SHC 600 - Perfomance Lube -Lubricantes y aceites<\/title>\n<meta name=\"description\" content=\"Distribuidor de lubricantes MOBIL de diferentes aplicaciones. Env\u00edos a todo el pa\u00eds. Variedad de productos y stock disponible.MOBIL SHC 600\" \/>\n<meta name=\"robots\" content=\"index, follow, max-snippet:-1, max-image-preview:large, max-video-preview:-1\" \/>\n<link rel=\"canonical\" href=\"https:\/\/pldistribucion.com.ar\/web\/producto\/mobil-shc-600\/\" \/>\n<meta property=\"og:locale\" content=\"es_ES\" \/>\n<meta property=\"og:type\" content=\"article\" \/>\n<meta property=\"og:title\" content=\"MOBIL SHC 600 - Perfomance Lube -Lubricantes y aceites\" \/>\n<meta property=\"og:description\" content=\"Distribuidor de lubricantes MOBIL de diferentes aplicaciones. Env\u00edos a todo el pa\u00eds. Variedad de productos y stock disponible.MOBIL SHC 600\" \/>\n<meta property=\"og:url\" content=\"https:\/\/pldistribucion.com.ar\/web\/producto\/mobil-shc-600\/\" \/>\n<meta property=\"og:site_name\" content=\"Perfomance Lube\" \/>\n<meta property=\"article:modified_time\" content=\"2022-04-05T12:26:57+00:00\" \/>\n<meta property=\"og:image\" content=\"https:\/\/pldistribucion.com.ar\/web\/wp-content\/uploads\/mobbb.jpg\" \/>\n\t<meta property=\"og:image:width\" content=\"487\" \/>\n\t<meta property=\"og:image:height\" content=\"589\" \/>\n\t<meta property=\"og:image:type\" content=\"image\/jpeg\" \/>\n<meta name=\"twitter:card\" content=\"summary_large_image\" \/>\n<meta name=\"twitter:label1\" content=\"Tiempo de lectura\" \/>\n\t<meta name=\"twitter:data1\" content=\"3 minutos\" \/>\n<script type=\"application\/ld+json\" class=\"yoast-schema-graph\">{\"@context\":\"https:\/\/schema.org\",\"@graph\":[{\"@type\":\"WebPage\",\"@id\":\"https:\/\/pldistribucion.com.ar\/web\/producto\/mobil-shc-600\/\",\"url\":\"https:\/\/pldistribucion.com.ar\/web\/producto\/mobil-shc-600\/\",\"name\":\"MOBIL SHC 600 - Perfomance Lube -Lubricantes y aceites\",\"isPartOf\":{\"@id\":\"https:\/\/pldistribucion.com.ar\/web\/#website\"},\"primaryImageOfPage\":{\"@id\":\"https:\/\/pldistribucion.com.ar\/web\/producto\/mobil-shc-600\/#primaryimage\"},\"image\":{\"@id\":\"https:\/\/pldistribucion.com.ar\/web\/producto\/mobil-shc-600\/#primaryimage\"},\"thumbnailUrl\":\"https:\/\/pldistribucion.com.ar\/web\/wp-content\/uploads\/mobbb.jpg\",\"datePublished\":\"2021-07-20T17:13:05+00:00\",\"dateModified\":\"2022-04-05T12:26:57+00:00\",\"description\":\"Distribuidor de lubricantes MOBIL de diferentes aplicaciones. Env\u00edos a todo el pa\u00eds. Variedad de productos y stock disponible.MOBIL SHC 600\",\"breadcrumb\":{\"@id\":\"https:\/\/pldistribucion.com.ar\/web\/producto\/mobil-shc-600\/#breadcrumb\"},\"inLanguage\":\"es\",\"potentialAction\":[{\"@type\":\"ReadAction\",\"target\":[\"https:\/\/pldistribucion.com.ar\/web\/producto\/mobil-shc-600\/\"]}]},{\"@type\":\"ImageObject\",\"inLanguage\":\"es\",\"@id\":\"https:\/\/pldistribucion.com.ar\/web\/producto\/mobil-shc-600\/#primaryimage\",\"url\":\"https:\/\/pldistribucion.com.ar\/web\/wp-content\/uploads\/mobbb.jpg\",\"contentUrl\":\"https:\/\/pldistribucion.com.ar\/web\/wp-content\/uploads\/mobbb.jpg\",\"width\":487,\"height\":589,\"caption\":\"MOBIL GREASE CM-L\"},{\"@type\":\"BreadcrumbList\",\"@id\":\"https:\/\/pldistribucion.com.ar\/web\/producto\/mobil-shc-600\/#breadcrumb\",\"itemListElement\":[{\"@type\":\"ListItem\",\"position\":1,\"name\":\"Portada\",\"item\":\"https:\/\/pldistribucion.com.ar\/web\/\"},{\"@type\":\"ListItem\",\"position\":2,\"name\":\"Productos\",\"item\":\"https:\/\/pldistribucion.com.ar\/web\/productos\/\"},{\"@type\":\"ListItem\",\"position\":3,\"name\":\"MOBIL SHC 600\"}]},{\"@type\":\"WebSite\",\"@id\":\"https:\/\/pldistribucion.com.ar\/web\/#website\",\"url\":\"https:\/\/pldistribucion.com.ar\/web\/\",\"name\":\"Perfomance Lube\",\"description\":\"\",\"publisher\":{\"@id\":\"https:\/\/pldistribucion.com.ar\/web\/#organization\"},\"potentialAction\":[{\"@type\":\"SearchAction\",\"target\":{\"@type\":\"EntryPoint\",\"urlTemplate\":\"https:\/\/pldistribucion.com.ar\/web\/?s={search_term_string}\"},\"query-input\":\"required name=search_term_string\"}],\"inLanguage\":\"es\"},{\"@type\":\"Organization\",\"@id\":\"https:\/\/pldistribucion.com.ar\/web\/#organization\",\"name\":\"PERFORMANCE LUBE\",\"url\":\"https:\/\/pldistribucion.com.ar\/web\/\",\"logo\":{\"@type\":\"ImageObject\",\"inLanguage\":\"es\",\"@id\":\"https:\/\/pldistribucion.com.ar\/web\/#\/schema\/logo\/image\/\",\"url\":\"https:\/\/pldistribucion.com.ar\/web\/wp-content\/uploads\/pld_logo_GB-removebg-preview.png\",\"contentUrl\":\"https:\/\/pldistribucion.com.ar\/web\/wp-content\/uploads\/pld_logo_GB-removebg-preview.png\",\"width\":787,\"height\":317,\"caption\":\"PERFORMANCE LUBE\"},\"image\":{\"@id\":\"https:\/\/pldistribucion.com.ar\/web\/#\/schema\/logo\/image\/\"}}]}<\/script>\n<!-- \/ Yoast SEO plugin. -->","yoast_head_json":{"title":"MOBIL SHC 600 - Perfomance Lube -Lubricantes y aceites","description":"Distribuidor de lubricantes MOBIL de diferentes aplicaciones. Env\u00edos a todo el pa\u00eds. Variedad de productos y stock disponible.MOBIL SHC 600","robots":{"index":"index","follow":"follow","max-snippet":"max-snippet:-1","max-image-preview":"max-image-preview:large","max-video-preview":"max-video-preview:-1"},"canonical":"https:\/\/pldistribucion.com.ar\/web\/producto\/mobil-shc-600\/","og_locale":"es_ES","og_type":"article","og_title":"MOBIL SHC 600 - Perfomance Lube -Lubricantes y aceites","og_description":"Distribuidor de lubricantes MOBIL de diferentes aplicaciones. Env\u00edos a todo el pa\u00eds. Variedad de productos y stock disponible.MOBIL SHC 600","og_url":"https:\/\/pldistribucion.com.ar\/web\/producto\/mobil-shc-600\/","og_site_name":"Perfomance Lube","article_modified_time":"2022-04-05T12:26:57+00:00","og_image":[{"width":487,"height":589,"url":"https:\/\/pldistribucion.com.ar\/web\/wp-content\/uploads\/mobbb.jpg","type":"image\/jpeg"}],"twitter_card":"summary_large_image","twitter_misc":{"Tiempo de lectura":"3 minutos"},"schema":{"@context":"https:\/\/schema.org","@graph":[{"@type":"WebPage","@id":"https:\/\/pldistribucion.com.ar\/web\/producto\/mobil-shc-600\/","url":"https:\/\/pldistribucion.com.ar\/web\/producto\/mobil-shc-600\/","name":"MOBIL SHC 600 - Perfomance Lube -Lubricantes y aceites","isPartOf":{"@id":"https:\/\/pldistribucion.com.ar\/web\/#website"},"primaryImageOfPage":{"@id":"https:\/\/pldistribucion.com.ar\/web\/producto\/mobil-shc-600\/#primaryimage"},"image":{"@id":"https:\/\/pldistribucion.com.ar\/web\/producto\/mobil-shc-600\/#primaryimage"},"thumbnailUrl":"https:\/\/pldistribucion.com.ar\/web\/wp-content\/uploads\/mobbb.jpg","datePublished":"2021-07-20T17:13:05+00:00","dateModified":"2022-04-05T12:26:57+00:00","description":"Distribuidor de lubricantes MOBIL de diferentes aplicaciones. Env\u00edos a todo el pa\u00eds. Variedad de productos y stock disponible.MOBIL SHC 600","breadcrumb":{"@id":"https:\/\/pldistribucion.com.ar\/web\/producto\/mobil-shc-600\/#breadcrumb"},"inLanguage":"es","potentialAction":[{"@type":"ReadAction","target":["https:\/\/pldistribucion.com.ar\/web\/producto\/mobil-shc-600\/"]}]},{"@type":"ImageObject","inLanguage":"es","@id":"https:\/\/pldistribucion.com.ar\/web\/producto\/mobil-shc-600\/#primaryimage","url":"https:\/\/pldistribucion.com.ar\/web\/wp-content\/uploads\/mobbb.jpg","contentUrl":"https:\/\/pldistribucion.com.ar\/web\/wp-content\/uploads\/mobbb.jpg","width":487,"height":589,"caption":"MOBIL GREASE CM-L"},{"@type":"BreadcrumbList","@id":"https:\/\/pldistribucion.com.ar\/web\/producto\/mobil-shc-600\/#breadcrumb","itemListElement":[{"@type":"ListItem","position":1,"name":"Portada","item":"https:\/\/pldistribucion.com.ar\/web\/"},{"@type":"ListItem","position":2,"name":"Productos","item":"https:\/\/pldistribucion.com.ar\/web\/productos\/"},{"@type":"ListItem","position":3,"name":"MOBIL SHC 600"}]},{"@type":"WebSite","@id":"https:\/\/pldistribucion.com.ar\/web\/#website","url":"https:\/\/pldistribucion.com.ar\/web\/","name":"Perfomance Lube","description":"","publisher":{"@id":"https:\/\/pldistribucion.com.ar\/web\/#organization"},"potentialAction":[{"@type":"SearchAction","target":{"@type":"EntryPoint","urlTemplate":"https:\/\/pldistribucion.com.ar\/web\/?s={search_term_string}"},"query-input":"required name=search_term_string"}],"inLanguage":"es"},{"@type":"Organization","@id":"https:\/\/pldistribucion.com.ar\/web\/#organization","name":"PERFORMANCE LUBE","url":"https:\/\/pldistribucion.com.ar\/web\/","logo":{"@type":"ImageObject","inLanguage":"es","@id":"https:\/\/pldistribucion.com.ar\/web\/#\/schema\/logo\/image\/","url":"https:\/\/pldistribucion.com.ar\/web\/wp-content\/uploads\/pld_logo_GB-removebg-preview.png","contentUrl":"https:\/\/pldistribucion.com.ar\/web\/wp-content\/uploads\/pld_logo_GB-removebg-preview.png","width":787,"height":317,"caption":"PERFORMANCE LUBE"},"image":{"@id":"https:\/\/pldistribucion.com.ar\/web\/#\/schema\/logo\/image\/"}}]}},"_links":{"self":[{"href":"https:\/\/pldistribucion.com.ar\/web\/wp-json\/wp\/v2\/product\/1367"}],"collection":[{"href":"https:\/\/pldistribucion.com.ar\/web\/wp-json\/wp\/v2\/product"}],"about":[{"href":"https:\/\/pldistribucion.com.ar\/web\/wp-json\/wp\/v2\/types\/product"}],"replies":[{"embeddable":true,"href":"https:\/\/pldistribucion.com.ar\/web\/wp-json\/wp\/v2\/comments?post=1367"}],"wp:featuredmedia":[{"embeddable":true,"href":"https:\/\/pldistribucion.com.ar\/web\/wp-json\/wp\/v2\/media\/1123"}],"wp:attachment":[{"href":"https:\/\/pldistribucion.com.ar\/web\/wp-json\/wp\/v2\/media?parent=1367"}],"wp:term":[{"taxonomy":"product_cat","embeddable":true,"href":"https:\/\/pldistribucion.com.ar\/web\/wp-json\/wp\/v2\/product_cat?post=1367"},{"taxonomy":"product_tag","embeddable":true,"href":"https:\/\/pldistribucion.com.ar\/web\/wp-json\/wp\/v2\/product_tag?post=1367"}],"curies":[{"name":"wp","href":"https:\/\/api.w.org\/{rel}","templated":true}]}}