{"id":1364,"date":"2021-07-16T17:17:46","date_gmt":"2021-07-16T17:17:46","guid":{"rendered":"https:\/\/pldistribucion.com.ar\/web\/?post_type=product&#038;p=1364"},"modified":"2022-06-22T15:36:47","modified_gmt":"2022-06-22T15:36:47","slug":"mobil-eal-arctic","status":"publish","type":"product","link":"https:\/\/pldistribucion.com.ar\/web\/producto\/mobil-eal-arctic\/","title":{"rendered":"MOBIL EAL ARCTIC 32 \/46 \/68"},"content":{"rendered":"<h1><em><strong><span style=\"font-size: 80%;\">MOBIL EAL ARCTIC<\/span><\/strong><\/em><\/h1>\n<h3><span style=\"background-color: #f2d45a; font-size: 80%;\"><strong>DESCRIPCI\u00d3N DEL PRODUCTO<\/strong><\/span><\/h3>\n<p><span style=\"color: #000000;\">MOBIL EAL ARCTIC 32 \/46 \/68\u00a0son lubricantes totalmente sint\u00e9ticos de alto rendimiento. Se dise\u00f1aron espec\u00edficamente para la lubricaci\u00f3n de compresores y sistemas de refrigeraci\u00f3n que utilizan refrigerantes sint\u00e9ticos HFC respetuosos con la capa de ozono. Tambi\u00e9n como los refrigerantes HFO recientemente desarrollados y mezclas de HFO\/HFC con menor potencial de calentamiento global que los HFC, incluyendo los refrigerantes A1 y A2L seg\u00fan la clasificaci\u00f3n de seguridad ASHRAE 34\/ISO 817.<\/span><\/p>\n<p><span style=\"color: #000000;\">Por otro lado, los aceites de la serie Mobil EAL Arctic est\u00e1n formulados con de \u00e9steres de poliol sintetizados (POE) de propiedad exclusiva y un sistema de aditivos \u00fanico. De esta manera, proporcionan una lubricidad, protecci\u00f3n contra el desgaste, estabilidad qu\u00edmica y t\u00e9rmica y estabilidad hidrol\u00edtica sobresalientes.<\/span><\/p>\n<p><span style=\"color: #000000;\">Adem\u00e1s, son miscibles con los refrigerantes HFC, HFO y HFO\/HFC y tienen relaciones bien definidas de viscosidad\/temperatura\/presi\u00f3n con una amplia gama de dichos refrigerantes. Tambi\u00e9n, el desempe\u00f1o de la serie Mobil EAL Arctic ha sido bien documentado con los HFC, HFO y mezclas de HFO\/HFC en una amplia gama de sistemas de refrigeraci\u00f3n y de aire acondicionado y son utilizados por muchos de los principales fabricantes de compresores y sistemas de todo el mundo.<\/span><\/p>\n<p><span style=\"color: #000000;\">La serie Mobil EAL Artic se recomienda para su uso en sistemas de climatizaci\u00f3n (calefacci\u00f3n, ventilaci\u00f3n, aire acondicionado) y de refrigeraci\u00f3n comercial e industrial.<\/span><\/p>\n<h3><span style=\"background-color: #f2d45a; font-size: 80%;\"><strong>CARACTER\u00cdSTICAS<\/strong><\/span><\/h3>\n<p><span style=\"color: #000000;\">Los lubricantes de la serie Mobil EAL Arctic se reconocen y aprecian en todo el mundo por su excelente desempe\u00f1o con una amplia gama de refrigerantes y condiciones de operaci\u00f3n. La serie Mobil EAL Arctic se dise\u00f1\u00f3 para complementar la nueva generaci\u00f3n de refrigerantes respetuosos con la capa de ozono y de menor calentamiento global exigidos por los protocolos de Montreal y de Kyoto, seguidos de acuerdos regionales a\u00fan m\u00e1s estrictos, como la normativa europea sobre gases fluorados.<\/span><\/p>\n<p><span style=\"color: #000000;\">Este trabajo en combinaci\u00f3n con nuestras pruebas de laboratorio ha ayudado a confirmar el desempe\u00f1o excepcional de la serie Mobil EAL Arctic. Este trabajo cooperativo permiti\u00f3 un dise\u00f1o \u00f3ptimo de las mol\u00e9culas sint\u00e9ticas de POE para cada grado de viscosidad de la serie y el desarrollo de un paquete de aditivos para cumplir con los requisitos de estabilidad y compatibilidad para las aplicaciones de refrigeraci\u00f3n.<\/span><\/p>\n<ul>\n<li><span style=\"color: #000000;\">Excelente estabilidad a altas temperaturas.<\/span><\/li>\n<li><span style=\"color: #000000;\">Miscibilidades y relaciones PVT (presi\u00f3n, volumen, temperatura) con refrigerantes HFC bien definidas`.<\/span><\/li>\n<li><span style=\"color: #000000;\">Muy buenas propiedades antidesgaste.<\/span><\/li>\n<li><span style=\"color: #000000;\">Alto \u00edndice de viscosidad y libres de ceras.<\/span><\/li>\n<li><span style=\"color: #000000;\">Amplio rango de viscosidades.<\/span><\/li>\n<\/ul>\n<h3><span style=\"background-color: #f2d45a; font-size: 80%;\"><strong>BENEFICIOS<\/strong><\/span><\/h3>\n<ul>\n<li><span style=\"color: #000000;\">Limpieza mejorada del evaporador, menos tiempo de inactividad no programado y costos de mantenimiento reducidos.<\/span><\/li>\n<li><span style=\"color: #000000;\">Asegura una alta eficiencia del sistema y un retorno apropiado del aceite en los dise\u00f1os de sistemas de refrigeraci\u00f3n.<\/span><\/li>\n<li><span style=\"color: #000000;\">Menor desgaste del compresor, lo cual resulta en menores costos de mantenimiento.<\/span><\/li>\n<li><span style=\"color: #000000;\">Excelente fluidez a bajas temperaturas, no hay dep\u00f3sitos de cera y mayor eficiencia del evaporador.<\/span><\/li>\n<li><span style=\"color: #000000;\">Puede cumplir con los requisitos espec\u00edficos de viscosidad de una amplia gama de equipos y aplicaciones.<\/span><\/li>\n<\/ul>\n<h3><span style=\"font-size: 16.128px; background-color: #f2d45a;\"><b>APLICACIONES<\/b><\/span><\/h3>\n<p><span style=\"color: #000000;\">Los aceites Mobil EAL Arctic Series son higrosc\u00f3picos y se debe tener cuidado de evitar la absorci\u00f3n de humedad durante el manejo de los mismos. Adem\u00e1s, los envases deber\u00e1n estar herm\u00e9ticamente cerrados cuando no se est\u00e9n usando, y se prefieren envases peque\u00f1os. El producto no deber\u00e1 transferirse a recipientes de pl\u00e1sticos que pudieran permitir la entrada de humedad<\/span>.<\/p>\n<p><span style=\"color: #000000;\">La serie Mobil EAL Arctic est\u00e1 recomendada para sistemas de refrigeraci\u00f3n en los que se utilizan refrigerantes HFC, HFO y mezclas de HFO\/FHC. Adem\u00e1s, la gama de aplicaciones es amplia, desde aplicaciones dom\u00e9sticas\/terciarias (sistemas de climatizaci\u00f3n: calefacci\u00f3n, ventilaci\u00f3n, aire acondicionado) hasta aplicaciones comerciales (conservaci\u00f3n de alimentos, transporte) y aplicaciones industriales (procesamiento de alimentos, congelaci\u00f3n).<\/span><\/p>\n<p><span style=\"color: #000000;\">Por \u00faltimo, la serie Mobil EAL Arctic no debe utilizarse en sistemas de amon\u00edaco (NH3 \/ R-717).<\/span><\/p>\n<hr \/>\n<p><span style=\"color: #000080;\"><strong><a style=\"color: #000080;\" href=\"https:\/\/pldistribucion.com.ar\/web\/wp-content\/uploads\/FICHA5-1.pdf\" target=\"_blank\" rel=\"noopener\">Ver ficha t\u00e9cnica \/ <\/a><a style=\"color: #000080;\" href=\"https:\/\/pldistribucion.com.ar\/web\/wp-content\/uploads\/MSDS_793996-1.pdf\" target=\"_blank\" rel=\"noopener\">Ver hoja de seguridad<\/a><\/strong><\/span><\/p>\n<p><span style=\"color: #000080;\"><strong><a style=\"color: #000080;\" href=\"https:\/\/pldistribucion.com.ar\/web\/categoria-producto\/lubricantes\/?filter_marcas=mobil\">Ver m\u00e1s productos MOBIL<\/a><\/strong><\/span><\/p>\n<p><span style=\"color: #000000;\">( Esta compa\u00f1\u00eda fue fundada en 1870 bajo el nombre de Standard Oil Company por el estadounidense John D. Rockefeller, tomando en 1920 como registro el nombre comercial de \u201cMobiloil\u201d. Debido a esto, el logo de la marca tambi\u00e9n evoluciona y en 1955, se adopta la marca denominativa \u201c<strong>Mobil<\/strong>\u201d, que se coloc\u00f3 dentro de una forma de escudo y desde este tiempo se ha mantenido el esquema de su color caracter\u00edstico en rojo y azul. Desde autom\u00f3viles, motos y camiones hasta aviones y cohetes espaciales: Mobil mueve la industria, la econom\u00eda y los l\u00edmites&#8230;)<\/span><\/p>\n<p><span style=\"color: #000080;\"><strong><a style=\"color: #000080;\" href=\"https:\/\/www.mobil.com\/en\/\" target=\"_blank\" rel=\"noopener\">Conoce m\u00e1s sobre MOBIL<\/a><\/strong><\/span><\/p>\n","protected":false},"excerpt":{"rendered":"<p><img loading=\"lazy\" decoding=\"async\" class=\"alignnone wp-image-259 size-medium\" src=\"https:\/\/pldistribucion.com.ar\/web\/wp-content\/uploads\/Mobil_logo-e1655908272998-300x110.jpg\" alt=\"\" width=\"300\" height=\"110\" \/><\/p>\n<p><strong>ISO 68 \u27a2 BALDE X 19L\u00a0<\/strong><\/p>\n<h2 style=\"text-align: left;\"><span style=\"font-size: 75%;\"><strong><a rel=\"noopener noreferrer\" href=\"https:\/\/performancelube.mercadoshops.com.ar\/MLA-1104746100-aceite-mobil-eal-arctic-68-x189l-_JM#position=13&#038;search_layout=stack&#038;type=item&#038;tracking_id=78dc7296-b91e-4499-b93b-e264722f103d#position=6&#038;search_layout=stack&#038;type=item&#038;tracking_id=1bcf7669-5190-45a8-9c79-999a68528828#position=1&#038;search_layout=stack&#038;type=item&#038;tracking_id=8eec1a3c-ddb3-4e6f-bca6-9dc7130a1a7c#position=1&#038;search_layout=stack&#038;type=item&#038;tracking_id=bbc8064c-7b0a-4bdf-bbd3-38c8c93e73bd\" target=\"_blank\" class=\"button primary\"  >\n    <span>VER EN TIENDA ?<\/span>\n  <\/a>\n<span style=\"color: #69314d;\">\u00a0<\/span><\/strong><strong>\u00a0 \u00a0<\/strong><\/span><\/h2>\n<p><strong>Mobil<\/strong> tiene una l\u00ednea de lubricantes exclusivas para cada segmento de operaci\u00f3n que cumple con las especificaciones mas diversas del mercado, ya sea con Mobil Delvac \u2122 para camiones pesados y livianos, Mobil Super \u2122 para autom\u00f3viles, Mobil Super Moto \u2122 para motos, y Mobil \u2122 para industrias, generamos movimiento para todo tipo de veh\u00edculos y motores.<\/p>\n","protected":false},"featured_media":1365,"comment_status":"open","ping_status":"closed","template":"","meta":[],"product_cat":[16,34],"product_tag":[],"yoast_head":"<!-- This site is optimized with the Yoast SEO plugin v23.0 - https:\/\/yoast.com\/wordpress\/plugins\/seo\/ -->\n<title>MOBIL EAL ARCTIC 32 \/46 \/68 - Perfomance Lube -Lubricantes<\/title>\n<meta name=\"description\" content=\"Distribuidor de lubricantes MOBIL de diferentes aplicaciones. Env\u00edos a todo el pa\u00eds. Variedad de productos y stock disponible.MOBIL EAL ARCTIC\" \/>\n<meta name=\"robots\" content=\"index, follow, max-snippet:-1, max-image-preview:large, max-video-preview:-1\" \/>\n<link rel=\"canonical\" href=\"https:\/\/pldistribucion.com.ar\/web\/producto\/mobil-eal-arctic\/\" \/>\n<meta property=\"og:locale\" content=\"es_ES\" \/>\n<meta property=\"og:type\" content=\"article\" \/>\n<meta property=\"og:title\" content=\"MOBIL EAL ARCTIC 32 \/46 \/68 - Perfomance Lube -Lubricantes\" \/>\n<meta property=\"og:description\" content=\"Distribuidor de lubricantes MOBIL de diferentes aplicaciones. Env\u00edos a todo el pa\u00eds. Variedad de productos y stock disponible.MOBIL EAL ARCTIC\" \/>\n<meta property=\"og:url\" content=\"https:\/\/pldistribucion.com.ar\/web\/producto\/mobil-eal-arctic\/\" \/>\n<meta property=\"og:site_name\" content=\"Perfomance Lube\" \/>\n<meta property=\"article:modified_time\" content=\"2022-06-22T15:36:47+00:00\" \/>\n<meta property=\"og:image\" content=\"https:\/\/pldistribucion.com.ar\/web\/wp-content\/uploads\/mobil_eal_arctic_68_1gal_can_front_07-14-15.jpg\" \/>\n\t<meta property=\"og:image:width\" content=\"700\" \/>\n\t<meta property=\"og:image:height\" content=\"700\" \/>\n\t<meta property=\"og:image:type\" content=\"image\/jpeg\" \/>\n<meta name=\"twitter:card\" content=\"summary_large_image\" \/>\n<meta name=\"twitter:label1\" content=\"Tiempo de lectura\" \/>\n\t<meta name=\"twitter:data1\" content=\"4 minutos\" \/>\n<script type=\"application\/ld+json\" class=\"yoast-schema-graph\">{\"@context\":\"https:\/\/schema.org\",\"@graph\":[{\"@type\":\"WebPage\",\"@id\":\"https:\/\/pldistribucion.com.ar\/web\/producto\/mobil-eal-arctic\/\",\"url\":\"https:\/\/pldistribucion.com.ar\/web\/producto\/mobil-eal-arctic\/\",\"name\":\"MOBIL EAL ARCTIC 32 \/46 \/68 - Perfomance Lube -Lubricantes\",\"isPartOf\":{\"@id\":\"https:\/\/pldistribucion.com.ar\/web\/#website\"},\"primaryImageOfPage\":{\"@id\":\"https:\/\/pldistribucion.com.ar\/web\/producto\/mobil-eal-arctic\/#primaryimage\"},\"image\":{\"@id\":\"https:\/\/pldistribucion.com.ar\/web\/producto\/mobil-eal-arctic\/#primaryimage\"},\"thumbnailUrl\":\"https:\/\/pldistribucion.com.ar\/web\/wp-content\/uploads\/mobil_eal_arctic_68_1gal_can_front_07-14-15.jpg\",\"datePublished\":\"2021-07-16T17:17:46+00:00\",\"dateModified\":\"2022-06-22T15:36:47+00:00\",\"description\":\"Distribuidor de lubricantes MOBIL de diferentes aplicaciones. Env\u00edos a todo el pa\u00eds. Variedad de productos y stock disponible.MOBIL EAL ARCTIC\",\"breadcrumb\":{\"@id\":\"https:\/\/pldistribucion.com.ar\/web\/producto\/mobil-eal-arctic\/#breadcrumb\"},\"inLanguage\":\"es\",\"potentialAction\":[{\"@type\":\"ReadAction\",\"target\":[\"https:\/\/pldistribucion.com.ar\/web\/producto\/mobil-eal-arctic\/\"]}]},{\"@type\":\"ImageObject\",\"inLanguage\":\"es\",\"@id\":\"https:\/\/pldistribucion.com.ar\/web\/producto\/mobil-eal-arctic\/#primaryimage\",\"url\":\"https:\/\/pldistribucion.com.ar\/web\/wp-content\/uploads\/mobil_eal_arctic_68_1gal_can_front_07-14-15.jpg\",\"contentUrl\":\"https:\/\/pldistribucion.com.ar\/web\/wp-content\/uploads\/mobil_eal_arctic_68_1gal_can_front_07-14-15.jpg\",\"width\":700,\"height\":700,\"caption\":\"MOBIL EAL ARCTIC\"},{\"@type\":\"BreadcrumbList\",\"@id\":\"https:\/\/pldistribucion.com.ar\/web\/producto\/mobil-eal-arctic\/#breadcrumb\",\"itemListElement\":[{\"@type\":\"ListItem\",\"position\":1,\"name\":\"Portada\",\"item\":\"https:\/\/pldistribucion.com.ar\/web\/\"},{\"@type\":\"ListItem\",\"position\":2,\"name\":\"Productos\",\"item\":\"https:\/\/pldistribucion.com.ar\/web\/productos\/\"},{\"@type\":\"ListItem\",\"position\":3,\"name\":\"MOBIL EAL ARCTIC 32 \/46 \/68\"}]},{\"@type\":\"WebSite\",\"@id\":\"https:\/\/pldistribucion.com.ar\/web\/#website\",\"url\":\"https:\/\/pldistribucion.com.ar\/web\/\",\"name\":\"Perfomance Lube\",\"description\":\"\",\"publisher\":{\"@id\":\"https:\/\/pldistribucion.com.ar\/web\/#organization\"},\"potentialAction\":[{\"@type\":\"SearchAction\",\"target\":{\"@type\":\"EntryPoint\",\"urlTemplate\":\"https:\/\/pldistribucion.com.ar\/web\/?s={search_term_string}\"},\"query-input\":\"required name=search_term_string\"}],\"inLanguage\":\"es\"},{\"@type\":\"Organization\",\"@id\":\"https:\/\/pldistribucion.com.ar\/web\/#organization\",\"name\":\"PERFORMANCE LUBE\",\"url\":\"https:\/\/pldistribucion.com.ar\/web\/\",\"logo\":{\"@type\":\"ImageObject\",\"inLanguage\":\"es\",\"@id\":\"https:\/\/pldistribucion.com.ar\/web\/#\/schema\/logo\/image\/\",\"url\":\"https:\/\/pldistribucion.com.ar\/web\/wp-content\/uploads\/pld_logo_GB-removebg-preview.png\",\"contentUrl\":\"https:\/\/pldistribucion.com.ar\/web\/wp-content\/uploads\/pld_logo_GB-removebg-preview.png\",\"width\":787,\"height\":317,\"caption\":\"PERFORMANCE LUBE\"},\"image\":{\"@id\":\"https:\/\/pldistribucion.com.ar\/web\/#\/schema\/logo\/image\/\"}}]}<\/script>\n<!-- \/ Yoast SEO plugin. -->","yoast_head_json":{"title":"MOBIL EAL ARCTIC 32 \/46 \/68 - Perfomance Lube -Lubricantes","description":"Distribuidor de lubricantes MOBIL de diferentes aplicaciones. Env\u00edos a todo el pa\u00eds. Variedad de productos y stock disponible.MOBIL EAL ARCTIC","robots":{"index":"index","follow":"follow","max-snippet":"max-snippet:-1","max-image-preview":"max-image-preview:large","max-video-preview":"max-video-preview:-1"},"canonical":"https:\/\/pldistribucion.com.ar\/web\/producto\/mobil-eal-arctic\/","og_locale":"es_ES","og_type":"article","og_title":"MOBIL EAL ARCTIC 32 \/46 \/68 - Perfomance Lube -Lubricantes","og_description":"Distribuidor de lubricantes MOBIL de diferentes aplicaciones. Env\u00edos a todo el pa\u00eds. Variedad de productos y stock disponible.MOBIL EAL ARCTIC","og_url":"https:\/\/pldistribucion.com.ar\/web\/producto\/mobil-eal-arctic\/","og_site_name":"Perfomance Lube","article_modified_time":"2022-06-22T15:36:47+00:00","og_image":[{"width":700,"height":700,"url":"https:\/\/pldistribucion.com.ar\/web\/wp-content\/uploads\/mobil_eal_arctic_68_1gal_can_front_07-14-15.jpg","type":"image\/jpeg"}],"twitter_card":"summary_large_image","twitter_misc":{"Tiempo de lectura":"4 minutos"},"schema":{"@context":"https:\/\/schema.org","@graph":[{"@type":"WebPage","@id":"https:\/\/pldistribucion.com.ar\/web\/producto\/mobil-eal-arctic\/","url":"https:\/\/pldistribucion.com.ar\/web\/producto\/mobil-eal-arctic\/","name":"MOBIL EAL ARCTIC 32 \/46 \/68 - Perfomance Lube -Lubricantes","isPartOf":{"@id":"https:\/\/pldistribucion.com.ar\/web\/#website"},"primaryImageOfPage":{"@id":"https:\/\/pldistribucion.com.ar\/web\/producto\/mobil-eal-arctic\/#primaryimage"},"image":{"@id":"https:\/\/pldistribucion.com.ar\/web\/producto\/mobil-eal-arctic\/#primaryimage"},"thumbnailUrl":"https:\/\/pldistribucion.com.ar\/web\/wp-content\/uploads\/mobil_eal_arctic_68_1gal_can_front_07-14-15.jpg","datePublished":"2021-07-16T17:17:46+00:00","dateModified":"2022-06-22T15:36:47+00:00","description":"Distribuidor de lubricantes MOBIL de diferentes aplicaciones. Env\u00edos a todo el pa\u00eds. Variedad de productos y stock disponible.MOBIL EAL ARCTIC","breadcrumb":{"@id":"https:\/\/pldistribucion.com.ar\/web\/producto\/mobil-eal-arctic\/#breadcrumb"},"inLanguage":"es","potentialAction":[{"@type":"ReadAction","target":["https:\/\/pldistribucion.com.ar\/web\/producto\/mobil-eal-arctic\/"]}]},{"@type":"ImageObject","inLanguage":"es","@id":"https:\/\/pldistribucion.com.ar\/web\/producto\/mobil-eal-arctic\/#primaryimage","url":"https:\/\/pldistribucion.com.ar\/web\/wp-content\/uploads\/mobil_eal_arctic_68_1gal_can_front_07-14-15.jpg","contentUrl":"https:\/\/pldistribucion.com.ar\/web\/wp-content\/uploads\/mobil_eal_arctic_68_1gal_can_front_07-14-15.jpg","width":700,"height":700,"caption":"MOBIL EAL ARCTIC"},{"@type":"BreadcrumbList","@id":"https:\/\/pldistribucion.com.ar\/web\/producto\/mobil-eal-arctic\/#breadcrumb","itemListElement":[{"@type":"ListItem","position":1,"name":"Portada","item":"https:\/\/pldistribucion.com.ar\/web\/"},{"@type":"ListItem","position":2,"name":"Productos","item":"https:\/\/pldistribucion.com.ar\/web\/productos\/"},{"@type":"ListItem","position":3,"name":"MOBIL EAL ARCTIC 32 \/46 \/68"}]},{"@type":"WebSite","@id":"https:\/\/pldistribucion.com.ar\/web\/#website","url":"https:\/\/pldistribucion.com.ar\/web\/","name":"Perfomance Lube","description":"","publisher":{"@id":"https:\/\/pldistribucion.com.ar\/web\/#organization"},"potentialAction":[{"@type":"SearchAction","target":{"@type":"EntryPoint","urlTemplate":"https:\/\/pldistribucion.com.ar\/web\/?s={search_term_string}"},"query-input":"required name=search_term_string"}],"inLanguage":"es"},{"@type":"Organization","@id":"https:\/\/pldistribucion.com.ar\/web\/#organization","name":"PERFORMANCE LUBE","url":"https:\/\/pldistribucion.com.ar\/web\/","logo":{"@type":"ImageObject","inLanguage":"es","@id":"https:\/\/pldistribucion.com.ar\/web\/#\/schema\/logo\/image\/","url":"https:\/\/pldistribucion.com.ar\/web\/wp-content\/uploads\/pld_logo_GB-removebg-preview.png","contentUrl":"https:\/\/pldistribucion.com.ar\/web\/wp-content\/uploads\/pld_logo_GB-removebg-preview.png","width":787,"height":317,"caption":"PERFORMANCE LUBE"},"image":{"@id":"https:\/\/pldistribucion.com.ar\/web\/#\/schema\/logo\/image\/"}}]}},"_links":{"self":[{"href":"https:\/\/pldistribucion.com.ar\/web\/wp-json\/wp\/v2\/product\/1364"}],"collection":[{"href":"https:\/\/pldistribucion.com.ar\/web\/wp-json\/wp\/v2\/product"}],"about":[{"href":"https:\/\/pldistribucion.com.ar\/web\/wp-json\/wp\/v2\/types\/product"}],"replies":[{"embeddable":true,"href":"https:\/\/pldistribucion.com.ar\/web\/wp-json\/wp\/v2\/comments?post=1364"}],"wp:featuredmedia":[{"embeddable":true,"href":"https:\/\/pldistribucion.com.ar\/web\/wp-json\/wp\/v2\/media\/1365"}],"wp:attachment":[{"href":"https:\/\/pldistribucion.com.ar\/web\/wp-json\/wp\/v2\/media?parent=1364"}],"wp:term":[{"taxonomy":"product_cat","embeddable":true,"href":"https:\/\/pldistribucion.com.ar\/web\/wp-json\/wp\/v2\/product_cat?post=1364"},{"taxonomy":"product_tag","embeddable":true,"href":"https:\/\/pldistribucion.com.ar\/web\/wp-json\/wp\/v2\/product_tag?post=1364"}],"curies":[{"name":"wp","href":"https:\/\/api.w.org\/{rel}","templated":true}]}}