{"id":1362,"date":"2021-07-16T16:40:02","date_gmt":"2021-07-16T16:40:02","guid":{"rendered":"https:\/\/pldistribucion.com.ar\/web\/?post_type=product&#038;p=1362"},"modified":"2022-04-05T13:54:46","modified_gmt":"2022-04-05T13:54:46","slug":"mobil-gargoyle-arctic-shc-200","status":"publish","type":"product","link":"https:\/\/pldistribucion.com.ar\/web\/producto\/mobil-gargoyle-arctic-shc-200\/","title":{"rendered":"MOBIL GARGOYLE ARCTIC SHC 200"},"content":{"rendered":"<h1><span style=\"font-size: 80%;\"><em><strong>MOBIL GARGOYLE ARCTIC SHC 200<\/strong><\/em><\/span><\/h1>\n<h3><span style=\"font-size: 80%; background-color: #ddb4e0;\"><em><strong>DESCRIPCI\u00d3N DEL PRODUCTO<\/strong><\/em><\/span><\/h3>\n<p><span style=\"color: #000000;\">Mobil Gargoyle Arctic SHC 200 son lubricantes completamente sint\u00e9ticos de desempe\u00f1o superior, espec\u00edficamente dise\u00f1ados para utilizarse en compresores de refrigeraci\u00f3n y bombas de calor.<\/span><\/p>\n<p><span style=\"color: #000000;\"> Est\u00e1n formulados a partir de hidrocarburos sintetizados libres de cera a base de polialfaolefinas (PAO), los cuales tienen una extraordinaria resistencia a la degradaci\u00f3n t\u00e9rmica\/oxidativa. Con sus \u00edndices de viscosidad naturalmente altos y estables ante el cizallamiento y su fluidez a bajas temperaturas, son capaces de funcionar en condiciones de servicio severas que est\u00e1n m\u00e1s all\u00e1 de las capacidades de muchos aceites minerales convencionales.<\/span><\/p>\n<p><span style=\"color: #000000;\">Los lubricantes Mobil Gargoyle Arctic SHC 200 son recomendados para la lubricaci\u00f3n de compresores de refrigeraci\u00f3n que operan a muy altas temperaturas y para sistemas con muy bajas temperaturas en el evaporador. Son aptos para sistemas de compresores que utilizan refrigerantes como amon\u00edaco y di\u00f3xido de carbono. Su baja miscibilidad con el di\u00f3xido de carbono los hace que sean una opci\u00f3n apta para compresores de tornillo que utilizan di\u00f3xido de carbono. Son compatibles con la mayor\u00eda de los refrigerantes, excepto con el di\u00f3xido de azufre y han sido particularmente exitosos con sistemas que utilizan amon\u00edaco como refrigerante. Los aceites Mobil Gargoyle Arctic SHC 200 son completamente miscibles con la mayor\u00eda de los aceites minerales para refrigeraci\u00f3n convencionales. Cualquier mezcla con aceites minerales puede perjudicar las sobresalientes propiedades de desempe\u00f1o de estos productos sint\u00e9ticos de marca Mobil.<\/span><\/p>\n<h3><span style=\"font-size: 80%; background-color: #ddb4e0;\"><em><strong>CARACTER\u00cdSTICAS<\/strong><\/em><\/span><\/h3>\n<p><span style=\"color: #000000;\">La magn\u00edfica capacidad de trabajo a bajas temperaturas en las cuales proporcionan excelente fluidez,\u00a0 excelente resistencia a la p\u00e9rdida de viscosidad debido a la absorci\u00f3n del refrigerante bajo presi\u00f3n, adem\u00e1s de brindar un excelente espesor de pel\u00edcula en los cojinetes y excelentes propiedades de sellado de los ejes.<\/span><\/p>\n<p><span style=\"color: #000000;\">Por su naturaleza, la base lubricante de PAO utilizada en los aceites Mobil Gargoyle Arctic SHC 200 proporciona una excepcional resistencia t\u00e9rmica\/oxidativa, lo cual es cr\u00edtico para las aplicaciones a altas temperaturas. La estrecha distribuci\u00f3n de peso molecular de los materiales base de PAO tambi\u00e9n minimiza la volatilidad y puede ayudar a reducir el arrastre de aceite. Los aceites Mobil Gargoyle Arctic SHC 200 ofrecen las siguientes propiedades y beneficios potenciales:<\/span><\/p>\n<ul>\n<li><span style=\"color: #000000;\">Alto espesor de la pel\u00edcula de aceite en la presencia de refrigerantes.<\/span><\/li>\n<li><span style=\"color: #000000;\">Excelente estabilidad t\u00e9rmica\/ de oxidaci\u00f3n y qu\u00edmica.<\/span><\/li>\n<li><span style=\"color: #000000;\">Baja volatilidad.<\/span><\/li>\n<li><span style=\"color: #000000;\">Alto \u00edndice de viscosidad y libres de ceras.<\/span><\/li>\n<li><span style=\"color: #000000;\">Bajo coeficiente de tracci\u00f3n.<\/span><\/li>\n<li><span style=\"color: #000000;\">Compatibilidad con los sellos.<\/span><\/li>\n<\/ul>\n<h3><span style=\"font-size: 80%; background-color: #ddb4e0;\"><em><strong>BENEFICIOS<\/strong><\/em><\/span><\/h3>\n<ul>\n<li><span style=\"color: #000000;\">Mejor protecci\u00f3n en los compresores la cual ayuda a prolongar la vida de estos, adem\u00e1s de ofrecer un mejor sellado en los ejes, menor fatiga de los cojinetes y menor tiempo muerto no programado.<\/span><\/li>\n<li><span style=\"color: #000000;\">Larga vida \u00fatil del aceite y menor frecuencia de intervalos por cambios de aceite y por rutinas de mantenimiento.<\/span><\/li>\n<li><span style=\"color: #000000;\">Reduce la formaci\u00f3n de lacas y dep\u00f3sitos.<\/span><\/li>\n<li><span style=\"color: #000000;\">La viscosidad permanece constante con menor consumo de aceite.<\/span><\/li>\n<li><span style=\"color: #000000;\">Excelente fluidez a bajas temperaturas, no hay dep\u00f3sitos de cera y mayor eficiencia del evaporador.<\/span><\/li>\n<li><span style=\"color: #000000;\">Potencial para mejorar la eficiencia de los sistemas y reducir el consumo de energ\u00eda.<\/span><\/li>\n<li><span style=\"color: #000000;\">Larga vida \u00fatil de los sellos, menor cantidad de fugas a trav\u00e9s de los sellos del eje.<\/span><\/li>\n<\/ul>\n<h3><span style=\"font-size: 80%; background-color: #ddb4e0;\"><em><strong>APLICACIONES<\/strong><\/em><\/span><\/h3>\n<p><span style=\"color: #000000;\">Los aceites Mobil Gargoyle Arctic SHC 200 son lubricantes completamente sint\u00e9ticos espec\u00edficamente dise\u00f1ados para utilizarse en compresores de refrigeraci\u00f3n y bombas de calor.<\/span><\/p>\n<p><span style=\"color: #000000;\">Consideraciones sobre las aplicaciones: Aunque los aceites Mobil Gargoyle Arctic SHC 200 son compatibles con los productos a base de aceite mineral, una mezcla con los mismos perjudicar\u00e1 su desempe\u00f1o.\u00a0 Los sistemas deber\u00e1n ser completamente drenados, lavados y limpiados al reemplazar un producto mineral con un producto Mobil Gargoyle Arctic SHC 200 . En el caso de los refrigerantes R22, siempre deber\u00e1 solicitarse la orientaci\u00f3n del proveedor de la unidad de refrigeraci\u00f3n a fin de asegurar que la operaci\u00f3n del compresor sea la adecuada para la eficiente separaci\u00f3n del aceite y el refrigerante.<\/span><\/p>\n<p><span style=\"color: #000000;\">A continuaci\u00f3n se indican aplicaciones t\u00edpicas:<\/span><\/p>\n<ul>\n<li><span style=\"color: #000000;\">Sistemas de refrigeraci\u00f3n comerciales, industriales y marinas y aplicaciones en bombas t\u00e9rmicas.<\/span><\/li>\n<li><span style=\"color: #000000;\">Aplicaciones comerciales, industriales y residenciales en bombas de transferencia de calor.<\/span><\/li>\n<li><span style=\"color: #000000;\">Est\u00e1n recomendados tanto para dise\u00f1os de compresores alternativos como rotatorios.<\/span><\/li>\n<li><span style=\"color: #000000;\">Recomendados para utilizarse con los siguientes refrigerantes: Amon\u00edaco y di\u00f3xido de carbono.<\/span><\/li>\n<\/ul>\n<p><span style=\"color: #0000ff;\"><strong><a style=\"color: #0000ff;\" href=\"https:\/\/pldistribucion.com.ar\/web\/wp-content\/uploads\/GL-XX-Mobil-Gargoyle-Arctic-SHC-200.pdf\" target=\"_blank\" rel=\"noopener noreferrer\">Ver ficha t\u00e9cnica<\/a><\/strong><\/span><\/p>\n<p><span style=\"color: #0000ff;\"><strong><a style=\"color: #0000ff;\" href=\"https:\/\/pldistribucion.com.ar\/web\/categoria-producto\/lubricantes\/?filter_marcas=mobil\">Ver m\u00e1s productos MOBIL<\/a><\/strong><\/span><\/p>\n<p><span style=\"color: #000000;\">( Esta compa\u00f1\u00eda fue fundada en 1870 bajo el nombre de Standard Oil Company por el estadounidense John D. Rockefeller, tomando en 1920 como registro el nombre comercial de \u201cMobiloil\u201d. Debido a esto, el logo de la marca tambi\u00e9n evoluciona y en 1955, se adopta la marca denominativa \u201c<strong>Mobil<\/strong>\u201d, que se coloc\u00f3 dentro de una forma de escudo y desde este tiempo se ha mantenido el esquema de su color caracter\u00edstico en rojo y azul. Desde autom\u00f3viles, motos y camiones hasta aviones y cohetes espaciales: Mobil mueve la industria, la econom\u00eda y los l\u00edmites&#8230;)<\/span><\/p>\n<p><strong><span style=\"color: #0000ff;\"><a style=\"color: #0000ff;\" href=\"https:\/\/www.mobil.com\/en\/\" target=\"_blank\" rel=\"noopener\">Conoce m\u00e1s sobre MOBIL<\/a><\/span><\/strong><\/p>\n","protected":false},"excerpt":{"rendered":"<p><img loading=\"lazy\" decoding=\"async\" class=\"alignnone size-medium wp-image-259\" src=\"https:\/\/pldistribucion.com.ar\/web\/wp-content\/uploads\/Mobil_logo-300x300.jpg\" alt=\"\" width=\"300\" height=\"300\" \/><\/p>\n<h1>Lubricantes MOBIL<\/h1>\n<p><strong>Mobil<\/strong> tiene una l\u00ednea de lubricantes exclusivas para cada segmento de operaci\u00f3n que cumple con las especificaciones mas diversas del mercado, ya sea con Mobil Delvac \u2122 para camiones pesados y livianos, Mobil Super \u2122 para autom\u00f3viles, Mobil Super Moto \u2122 para motos, y Mobil \u2122 para industrias, generamos movimiento para todo tipo de veh\u00edculos y motores.<\/p>\n","protected":false},"featured_media":1123,"comment_status":"open","ping_status":"closed","template":"","meta":[],"product_cat":[16,34],"product_tag":[],"yoast_head":"<!-- This site is optimized with the Yoast SEO plugin v23.0 - https:\/\/yoast.com\/wordpress\/plugins\/seo\/ -->\n<title>MOBIL GARGOYLE ARCTIC SHC 200 - Perfomance Lube -Lubricantes<\/title>\n<meta name=\"description\" content=\"Distribuidor de lubricantes MOBIL de diferentes aplicaciones. Env\u00edos a todo el pa\u00eds. Variedad de productos y stock disponible.\" \/>\n<meta name=\"robots\" content=\"index, follow, max-snippet:-1, max-image-preview:large, max-video-preview:-1\" \/>\n<link rel=\"canonical\" href=\"https:\/\/pldistribucion.com.ar\/web\/producto\/mobil-gargoyle-arctic-shc-200\/\" \/>\n<meta property=\"og:locale\" content=\"es_ES\" \/>\n<meta property=\"og:type\" content=\"article\" \/>\n<meta property=\"og:title\" content=\"MOBIL GARGOYLE ARCTIC SHC 200 - Perfomance Lube -Lubricantes\" \/>\n<meta property=\"og:description\" content=\"Distribuidor de lubricantes MOBIL de diferentes aplicaciones. Env\u00edos a todo el pa\u00eds. Variedad de productos y stock disponible.\" \/>\n<meta property=\"og:url\" content=\"https:\/\/pldistribucion.com.ar\/web\/producto\/mobil-gargoyle-arctic-shc-200\/\" \/>\n<meta property=\"og:site_name\" content=\"Perfomance Lube\" \/>\n<meta property=\"article:modified_time\" content=\"2022-04-05T13:54:46+00:00\" \/>\n<meta property=\"og:image\" content=\"https:\/\/pldistribucion.com.ar\/web\/wp-content\/uploads\/mobbb.jpg\" \/>\n\t<meta property=\"og:image:width\" content=\"487\" \/>\n\t<meta property=\"og:image:height\" content=\"589\" \/>\n\t<meta property=\"og:image:type\" content=\"image\/jpeg\" \/>\n<meta name=\"twitter:card\" content=\"summary_large_image\" \/>\n<meta name=\"twitter:label1\" content=\"Tiempo de lectura\" \/>\n\t<meta name=\"twitter:data1\" content=\"4 minutos\" \/>\n<script type=\"application\/ld+json\" class=\"yoast-schema-graph\">{\"@context\":\"https:\/\/schema.org\",\"@graph\":[{\"@type\":\"WebPage\",\"@id\":\"https:\/\/pldistribucion.com.ar\/web\/producto\/mobil-gargoyle-arctic-shc-200\/\",\"url\":\"https:\/\/pldistribucion.com.ar\/web\/producto\/mobil-gargoyle-arctic-shc-200\/\",\"name\":\"MOBIL GARGOYLE ARCTIC SHC 200 - Perfomance Lube -Lubricantes\",\"isPartOf\":{\"@id\":\"https:\/\/pldistribucion.com.ar\/web\/#website\"},\"primaryImageOfPage\":{\"@id\":\"https:\/\/pldistribucion.com.ar\/web\/producto\/mobil-gargoyle-arctic-shc-200\/#primaryimage\"},\"image\":{\"@id\":\"https:\/\/pldistribucion.com.ar\/web\/producto\/mobil-gargoyle-arctic-shc-200\/#primaryimage\"},\"thumbnailUrl\":\"https:\/\/pldistribucion.com.ar\/web\/wp-content\/uploads\/mobbb.jpg\",\"datePublished\":\"2021-07-16T16:40:02+00:00\",\"dateModified\":\"2022-04-05T13:54:46+00:00\",\"description\":\"Distribuidor de lubricantes MOBIL de diferentes aplicaciones. Env\u00edos a todo el pa\u00eds. Variedad de productos y stock disponible.\",\"breadcrumb\":{\"@id\":\"https:\/\/pldistribucion.com.ar\/web\/producto\/mobil-gargoyle-arctic-shc-200\/#breadcrumb\"},\"inLanguage\":\"es\",\"potentialAction\":[{\"@type\":\"ReadAction\",\"target\":[\"https:\/\/pldistribucion.com.ar\/web\/producto\/mobil-gargoyle-arctic-shc-200\/\"]}]},{\"@type\":\"ImageObject\",\"inLanguage\":\"es\",\"@id\":\"https:\/\/pldistribucion.com.ar\/web\/producto\/mobil-gargoyle-arctic-shc-200\/#primaryimage\",\"url\":\"https:\/\/pldistribucion.com.ar\/web\/wp-content\/uploads\/mobbb.jpg\",\"contentUrl\":\"https:\/\/pldistribucion.com.ar\/web\/wp-content\/uploads\/mobbb.jpg\",\"width\":487,\"height\":589,\"caption\":\"MOBIL GREASE CM-L\"},{\"@type\":\"BreadcrumbList\",\"@id\":\"https:\/\/pldistribucion.com.ar\/web\/producto\/mobil-gargoyle-arctic-shc-200\/#breadcrumb\",\"itemListElement\":[{\"@type\":\"ListItem\",\"position\":1,\"name\":\"Portada\",\"item\":\"https:\/\/pldistribucion.com.ar\/web\/\"},{\"@type\":\"ListItem\",\"position\":2,\"name\":\"Productos\",\"item\":\"https:\/\/pldistribucion.com.ar\/web\/productos\/\"},{\"@type\":\"ListItem\",\"position\":3,\"name\":\"MOBIL GARGOYLE ARCTIC SHC 200\"}]},{\"@type\":\"WebSite\",\"@id\":\"https:\/\/pldistribucion.com.ar\/web\/#website\",\"url\":\"https:\/\/pldistribucion.com.ar\/web\/\",\"name\":\"Perfomance Lube\",\"description\":\"\",\"publisher\":{\"@id\":\"https:\/\/pldistribucion.com.ar\/web\/#organization\"},\"potentialAction\":[{\"@type\":\"SearchAction\",\"target\":{\"@type\":\"EntryPoint\",\"urlTemplate\":\"https:\/\/pldistribucion.com.ar\/web\/?s={search_term_string}\"},\"query-input\":\"required name=search_term_string\"}],\"inLanguage\":\"es\"},{\"@type\":\"Organization\",\"@id\":\"https:\/\/pldistribucion.com.ar\/web\/#organization\",\"name\":\"PERFORMANCE LUBE\",\"url\":\"https:\/\/pldistribucion.com.ar\/web\/\",\"logo\":{\"@type\":\"ImageObject\",\"inLanguage\":\"es\",\"@id\":\"https:\/\/pldistribucion.com.ar\/web\/#\/schema\/logo\/image\/\",\"url\":\"https:\/\/pldistribucion.com.ar\/web\/wp-content\/uploads\/pld_logo_GB-removebg-preview.png\",\"contentUrl\":\"https:\/\/pldistribucion.com.ar\/web\/wp-content\/uploads\/pld_logo_GB-removebg-preview.png\",\"width\":787,\"height\":317,\"caption\":\"PERFORMANCE LUBE\"},\"image\":{\"@id\":\"https:\/\/pldistribucion.com.ar\/web\/#\/schema\/logo\/image\/\"}}]}<\/script>\n<!-- \/ Yoast SEO plugin. -->","yoast_head_json":{"title":"MOBIL GARGOYLE ARCTIC SHC 200 - Perfomance Lube -Lubricantes","description":"Distribuidor de lubricantes MOBIL de diferentes aplicaciones. Env\u00edos a todo el pa\u00eds. Variedad de productos y stock disponible.","robots":{"index":"index","follow":"follow","max-snippet":"max-snippet:-1","max-image-preview":"max-image-preview:large","max-video-preview":"max-video-preview:-1"},"canonical":"https:\/\/pldistribucion.com.ar\/web\/producto\/mobil-gargoyle-arctic-shc-200\/","og_locale":"es_ES","og_type":"article","og_title":"MOBIL GARGOYLE ARCTIC SHC 200 - Perfomance Lube -Lubricantes","og_description":"Distribuidor de lubricantes MOBIL de diferentes aplicaciones. Env\u00edos a todo el pa\u00eds. Variedad de productos y stock disponible.","og_url":"https:\/\/pldistribucion.com.ar\/web\/producto\/mobil-gargoyle-arctic-shc-200\/","og_site_name":"Perfomance Lube","article_modified_time":"2022-04-05T13:54:46+00:00","og_image":[{"width":487,"height":589,"url":"https:\/\/pldistribucion.com.ar\/web\/wp-content\/uploads\/mobbb.jpg","type":"image\/jpeg"}],"twitter_card":"summary_large_image","twitter_misc":{"Tiempo de lectura":"4 minutos"},"schema":{"@context":"https:\/\/schema.org","@graph":[{"@type":"WebPage","@id":"https:\/\/pldistribucion.com.ar\/web\/producto\/mobil-gargoyle-arctic-shc-200\/","url":"https:\/\/pldistribucion.com.ar\/web\/producto\/mobil-gargoyle-arctic-shc-200\/","name":"MOBIL GARGOYLE ARCTIC SHC 200 - Perfomance Lube -Lubricantes","isPartOf":{"@id":"https:\/\/pldistribucion.com.ar\/web\/#website"},"primaryImageOfPage":{"@id":"https:\/\/pldistribucion.com.ar\/web\/producto\/mobil-gargoyle-arctic-shc-200\/#primaryimage"},"image":{"@id":"https:\/\/pldistribucion.com.ar\/web\/producto\/mobil-gargoyle-arctic-shc-200\/#primaryimage"},"thumbnailUrl":"https:\/\/pldistribucion.com.ar\/web\/wp-content\/uploads\/mobbb.jpg","datePublished":"2021-07-16T16:40:02+00:00","dateModified":"2022-04-05T13:54:46+00:00","description":"Distribuidor de lubricantes MOBIL de diferentes aplicaciones. Env\u00edos a todo el pa\u00eds. Variedad de productos y stock disponible.","breadcrumb":{"@id":"https:\/\/pldistribucion.com.ar\/web\/producto\/mobil-gargoyle-arctic-shc-200\/#breadcrumb"},"inLanguage":"es","potentialAction":[{"@type":"ReadAction","target":["https:\/\/pldistribucion.com.ar\/web\/producto\/mobil-gargoyle-arctic-shc-200\/"]}]},{"@type":"ImageObject","inLanguage":"es","@id":"https:\/\/pldistribucion.com.ar\/web\/producto\/mobil-gargoyle-arctic-shc-200\/#primaryimage","url":"https:\/\/pldistribucion.com.ar\/web\/wp-content\/uploads\/mobbb.jpg","contentUrl":"https:\/\/pldistribucion.com.ar\/web\/wp-content\/uploads\/mobbb.jpg","width":487,"height":589,"caption":"MOBIL GREASE CM-L"},{"@type":"BreadcrumbList","@id":"https:\/\/pldistribucion.com.ar\/web\/producto\/mobil-gargoyle-arctic-shc-200\/#breadcrumb","itemListElement":[{"@type":"ListItem","position":1,"name":"Portada","item":"https:\/\/pldistribucion.com.ar\/web\/"},{"@type":"ListItem","position":2,"name":"Productos","item":"https:\/\/pldistribucion.com.ar\/web\/productos\/"},{"@type":"ListItem","position":3,"name":"MOBIL GARGOYLE ARCTIC SHC 200"}]},{"@type":"WebSite","@id":"https:\/\/pldistribucion.com.ar\/web\/#website","url":"https:\/\/pldistribucion.com.ar\/web\/","name":"Perfomance Lube","description":"","publisher":{"@id":"https:\/\/pldistribucion.com.ar\/web\/#organization"},"potentialAction":[{"@type":"SearchAction","target":{"@type":"EntryPoint","urlTemplate":"https:\/\/pldistribucion.com.ar\/web\/?s={search_term_string}"},"query-input":"required name=search_term_string"}],"inLanguage":"es"},{"@type":"Organization","@id":"https:\/\/pldistribucion.com.ar\/web\/#organization","name":"PERFORMANCE LUBE","url":"https:\/\/pldistribucion.com.ar\/web\/","logo":{"@type":"ImageObject","inLanguage":"es","@id":"https:\/\/pldistribucion.com.ar\/web\/#\/schema\/logo\/image\/","url":"https:\/\/pldistribucion.com.ar\/web\/wp-content\/uploads\/pld_logo_GB-removebg-preview.png","contentUrl":"https:\/\/pldistribucion.com.ar\/web\/wp-content\/uploads\/pld_logo_GB-removebg-preview.png","width":787,"height":317,"caption":"PERFORMANCE LUBE"},"image":{"@id":"https:\/\/pldistribucion.com.ar\/web\/#\/schema\/logo\/image\/"}}]}},"_links":{"self":[{"href":"https:\/\/pldistribucion.com.ar\/web\/wp-json\/wp\/v2\/product\/1362"}],"collection":[{"href":"https:\/\/pldistribucion.com.ar\/web\/wp-json\/wp\/v2\/product"}],"about":[{"href":"https:\/\/pldistribucion.com.ar\/web\/wp-json\/wp\/v2\/types\/product"}],"replies":[{"embeddable":true,"href":"https:\/\/pldistribucion.com.ar\/web\/wp-json\/wp\/v2\/comments?post=1362"}],"wp:featuredmedia":[{"embeddable":true,"href":"https:\/\/pldistribucion.com.ar\/web\/wp-json\/wp\/v2\/media\/1123"}],"wp:attachment":[{"href":"https:\/\/pldistribucion.com.ar\/web\/wp-json\/wp\/v2\/media?parent=1362"}],"wp:term":[{"taxonomy":"product_cat","embeddable":true,"href":"https:\/\/pldistribucion.com.ar\/web\/wp-json\/wp\/v2\/product_cat?post=1362"},{"taxonomy":"product_tag","embeddable":true,"href":"https:\/\/pldistribucion.com.ar\/web\/wp-json\/wp\/v2\/product_tag?post=1362"}],"curies":[{"name":"wp","href":"https:\/\/api.w.org\/{rel}","templated":true}]}}