{"id":1295,"date":"2021-06-29T13:45:47","date_gmt":"2021-06-29T13:45:47","guid":{"rendered":"https:\/\/pldistribucion.com.ar\/web\/?post_type=product&#038;p=1295"},"modified":"2022-04-13T14:01:32","modified_gmt":"2022-04-13T14:01:32","slug":"mobil-heavy-duty-50-50","status":"publish","type":"product","link":"https:\/\/pldistribucion.com.ar\/web\/producto\/mobil-heavy-duty-50-50\/","title":{"rendered":"MOBIL HEAVY DUTY 50\/50"},"content":{"rendered":"<h1><em><strong><span style=\"font-size: 80%;\">MOBIL HEAVY DUTY 50\/50<\/span><\/strong><\/em><\/h1>\n<h3><span style=\"font-size: 80%; background-color: #ddb4e0;\"><em><strong>DESCRIPCI\u00d3N DEL PRODUCTO<\/strong><\/em><\/span><\/h3>\n<p><span style=\"color: #000000;\">Mobil Heavy Duty 50\/50 Prediluted Coolant\/Antifreeze, es un refrigerante\/anticongelante pre-diluido, listo para usarse, libre de fosfatos, basado en etilenglicol para motores di\u00e9sel de servicio pesado.<\/span><\/p>\n<p><span style=\"color: #000000;\">Asimismo, proporciona una protecci\u00f3n \u00f3ptima tanto contra erosi\u00f3n por cavitaci\u00f3n, como por corrosi\u00f3n, incrustaciones, sobrecalentamiento y congelaci\u00f3n en todo tipo de aplicaciones de sistemas de refrigeraci\u00f3n de servicio pesado. Debido a que viene precargado con un aditivo refrigerante suplementario (SCA) de alta calidad, no requiere ning\u00fan aditivo SCA en el llenado inicial. Adem\u00e1s, ayuda a garantizar que se mantenga la composici\u00f3n qu\u00edmica apropiada cada vez que se rellene.<\/span><\/p>\n<p><span style=\"color: #000000;\">Por otro lado, es un refrigerante\/anticongelante universal que se ha formulado integralmente, que tiene las ventajas de un bajo contenido tanto de s\u00f3lidos disueltos totales como de silicatos y tambi\u00e9n de incorporar nitrito para proporcionar una protecci\u00f3n excepcional contra la cavitaci\u00f3n en camisas h\u00famedas.<\/span><\/p>\n<p><span style=\"color: #000000;\">Por \u00faltimo, las ventajas adicionales de utilizar Mobil Heavy Duty 50\/50 Prediluted Coolant\/Antifreeze incluyen su f\u00f3rmula libre de fosfato que reduce el riesgo de formaci\u00f3n de incrustaciones y sus inhibidores de corrosi\u00f3n de tecnolog\u00eda de punta que eliminan la necesidad de usar agua deionizada cara.<\/span><\/p>\n<h3><span style=\"font-size: 80%; background-color: #ddb4e0;\"><em><strong>CARACTER\u00cdSTICAS<\/strong><\/em><\/span><span style=\"font-size: 80%; background-color: #ddb4e0;\"><em><strong>\u00a0Y BENEFICIOS<\/strong><\/em><\/span><\/h3>\n<ul>\n<li>No se requiere una precarga inicial de aditivo SCA.<\/li>\n<li>Protecci\u00f3n efectiva contra la corrosi\u00f3n para el aluminio, bronce, hierro fundido, soldadura, acero y cobre.<\/li>\n<li>Contiene nitrito una excelente protecci\u00f3n contra las picaduras en camisas h\u00famedas de los cilindros.<\/li>\n<li>F\u00f3rmula libre de fosfato reduce dep\u00f3sitos de incrustaciones de agua dura.<\/li>\n<li>Sistema inhibidor ayuda a reducir la precipitaci\u00f3n de los aditivos, los geles y las incrustaciones.<\/li>\n<li>Compatible con otros refrigerantes integralmente formulados comercialmente disponibles.<\/li>\n<li>Compatible con aditivos SCA y filtros de sistemas de enfriamiento en motores diesel de servicio pesado.<\/li>\n<li>F\u00f3rmula universal baja en silicato ayuda a reducir dep\u00f3sitos.<\/li>\n<\/ul>\n<h3><span style=\"font-size: 80%; background-color: #ddb4e0;\"><em><strong>APLICACIONES<\/strong><\/em><\/span><\/h3>\n<p><span style=\"color: #000000;\">Se recomienda utilizar Mobil Heavy Duty 50\/50 Prediluted Coolant\/Antifreeze en motores di\u00e9sel y de gasolina de servicio pesado en aplicaciones tanto en carretera como fuera de ella, as\u00ed como en flotas mixtas donde est\u00e1n presentes veh\u00edculos tanto de servicio ligero como de servicio pesado.<\/span><\/p>\n<p><strong><a href=\"https:\/\/pldistribucion.com.ar\/web\/wp-content\/uploads\/NA-XX-Mobil-Heavy-Duty-SCA-Precharged-5050-Prediluted-CoolantAntifreeze.pdf\" target=\"_blank\" rel=\"noopener noreferrer\">Ver ficha t\u00e9cnica<\/a><\/strong><\/p>\n<p><span style=\"color: #0000ff;\"><strong><a style=\"color: #0000ff;\" href=\"https:\/\/pldistribucion.com.ar\/web\/categoria-producto\/lubricantes\/?filter_marcas=mobil\">Ver m\u00e1s productos MOBIL<\/a><\/strong><\/span><\/p>\n<p><span style=\"color: #000000;\">( Esta compa\u00f1\u00eda fue fundada en 1870 bajo el nombre de Standard Oil Company por el estadounidense John D. Rockefeller, tomando en 1920 como registro el nombre comercial de \u201cMobiloil\u201d. Debido a esto, el logo de la marca tambi\u00e9n evoluciona y en 1955, se adopta la marca denominativa \u201c<strong>Mobil<\/strong>\u201d, que se coloc\u00f3 dentro de una forma de escudo y desde este tiempo se ha mantenido el esquema de su color caracter\u00edstico en rojo y azul. Desde autom\u00f3viles, motos y camiones hasta aviones y cohetes espaciales: Mobil mueve la industria, la econom\u00eda y los l\u00edmites&#8230;)<\/span><\/p>\n<p><strong><span style=\"color: #0000ff;\"><a style=\"color: #0000ff;\" href=\"https:\/\/www.mobil.com\/en\/\" target=\"_blank\" rel=\"noopener\">Conoce m\u00e1s sobre MOBIL<\/a><\/span><\/strong><\/p>\n","protected":false},"excerpt":{"rendered":"<p><img loading=\"lazy\" decoding=\"async\" class=\"alignnone size-medium wp-image-259\" src=\"https:\/\/pldistribucion.com.ar\/web\/wp-content\/uploads\/Mobil_logo-300x300.jpg\" alt=\"\" width=\"300\" height=\"300\" \/><\/p>\n<h1>Lubricantes MOBIL<\/h1>\n<p><strong>Mobil<\/strong> tiene una l\u00ednea de lubricantes exclusivas para cada segmento de operaci\u00f3n que cumple con las especificaciones mas diversas del mercado, ya sea con Mobil Delvac \u2122 para camiones pesados y livianos, Mobil Super \u2122 para autom\u00f3viles, Mobil Super Moto \u2122 para motos, y Mobil \u2122 para industrias, generamos movimiento para todo tipo de veh\u00edculos y motores.<\/p>\n","protected":false},"featured_media":1296,"comment_status":"open","ping_status":"closed","template":"","meta":[],"product_cat":[16,36],"product_tag":[],"yoast_head":"<!-- This site is optimized with the Yoast SEO plugin v23.0 - https:\/\/yoast.com\/wordpress\/plugins\/seo\/ -->\n<title>MOBIL HEAVY DUTY 50\/50 - Perfomance Lube -Lubricantes<\/title>\n<meta name=\"description\" content=\"Distribuidor de lubricantes MOBIL de diferentes aplicaciones. Env\u00edos a todo el pa\u00eds. Variedad de productos y stock disponible.MOBIL HEAVY DUTY 50\/50\" \/>\n<meta name=\"robots\" content=\"index, follow, max-snippet:-1, max-image-preview:large, max-video-preview:-1\" \/>\n<link rel=\"canonical\" href=\"https:\/\/pldistribucion.com.ar\/web\/producto\/mobil-heavy-duty-50-50\/\" \/>\n<meta property=\"og:locale\" content=\"es_ES\" \/>\n<meta property=\"og:type\" content=\"article\" \/>\n<meta property=\"og:title\" content=\"MOBIL HEAVY DUTY 50\/50 - Perfomance Lube -Lubricantes\" \/>\n<meta property=\"og:description\" content=\"Distribuidor de lubricantes MOBIL de diferentes aplicaciones. Env\u00edos a todo el pa\u00eds. Variedad de productos y stock disponible.MOBIL HEAVY DUTY 50\/50\" \/>\n<meta property=\"og:url\" content=\"https:\/\/pldistribucion.com.ar\/web\/producto\/mobil-heavy-duty-50-50\/\" \/>\n<meta property=\"og:site_name\" content=\"Perfomance Lube\" \/>\n<meta property=\"article:modified_time\" content=\"2022-04-13T14:01:32+00:00\" \/>\n<meta property=\"og:image\" content=\"https:\/\/pldistribucion.com.ar\/web\/wp-content\/uploads\/Mobil_Heavy_Duty-50_50-e1624974327548.png\" \/>\n\t<meta property=\"og:image:width\" content=\"480\" \/>\n\t<meta property=\"og:image:height\" content=\"480\" \/>\n\t<meta property=\"og:image:type\" content=\"image\/png\" \/>\n<meta name=\"twitter:card\" content=\"summary_large_image\" \/>\n<meta name=\"twitter:label1\" content=\"Tiempo de lectura\" \/>\n\t<meta name=\"twitter:data1\" content=\"2 minutos\" \/>\n<script type=\"application\/ld+json\" class=\"yoast-schema-graph\">{\"@context\":\"https:\/\/schema.org\",\"@graph\":[{\"@type\":\"WebPage\",\"@id\":\"https:\/\/pldistribucion.com.ar\/web\/producto\/mobil-heavy-duty-50-50\/\",\"url\":\"https:\/\/pldistribucion.com.ar\/web\/producto\/mobil-heavy-duty-50-50\/\",\"name\":\"MOBIL HEAVY DUTY 50\/50 - Perfomance Lube -Lubricantes\",\"isPartOf\":{\"@id\":\"https:\/\/pldistribucion.com.ar\/web\/#website\"},\"primaryImageOfPage\":{\"@id\":\"https:\/\/pldistribucion.com.ar\/web\/producto\/mobil-heavy-duty-50-50\/#primaryimage\"},\"image\":{\"@id\":\"https:\/\/pldistribucion.com.ar\/web\/producto\/mobil-heavy-duty-50-50\/#primaryimage\"},\"thumbnailUrl\":\"https:\/\/pldistribucion.com.ar\/web\/wp-content\/uploads\/Mobil_Heavy_Duty-50_50-e1624974327548.png\",\"datePublished\":\"2021-06-29T13:45:47+00:00\",\"dateModified\":\"2022-04-13T14:01:32+00:00\",\"description\":\"Distribuidor de lubricantes MOBIL de diferentes aplicaciones. Env\u00edos a todo el pa\u00eds. Variedad de productos y stock disponible.MOBIL HEAVY DUTY 50\/50\",\"breadcrumb\":{\"@id\":\"https:\/\/pldistribucion.com.ar\/web\/producto\/mobil-heavy-duty-50-50\/#breadcrumb\"},\"inLanguage\":\"es\",\"potentialAction\":[{\"@type\":\"ReadAction\",\"target\":[\"https:\/\/pldistribucion.com.ar\/web\/producto\/mobil-heavy-duty-50-50\/\"]}]},{\"@type\":\"ImageObject\",\"inLanguage\":\"es\",\"@id\":\"https:\/\/pldistribucion.com.ar\/web\/producto\/mobil-heavy-duty-50-50\/#primaryimage\",\"url\":\"https:\/\/pldistribucion.com.ar\/web\/wp-content\/uploads\/Mobil_Heavy_Duty-50_50-e1624974327548.png\",\"contentUrl\":\"https:\/\/pldistribucion.com.ar\/web\/wp-content\/uploads\/Mobil_Heavy_Duty-50_50-e1624974327548.png\",\"width\":480,\"height\":480,\"caption\":\"MOBIL HEAVY DUTY 50\/50\"},{\"@type\":\"BreadcrumbList\",\"@id\":\"https:\/\/pldistribucion.com.ar\/web\/producto\/mobil-heavy-duty-50-50\/#breadcrumb\",\"itemListElement\":[{\"@type\":\"ListItem\",\"position\":1,\"name\":\"Portada\",\"item\":\"https:\/\/pldistribucion.com.ar\/web\/\"},{\"@type\":\"ListItem\",\"position\":2,\"name\":\"Productos\",\"item\":\"https:\/\/pldistribucion.com.ar\/web\/productos\/\"},{\"@type\":\"ListItem\",\"position\":3,\"name\":\"MOBIL HEAVY DUTY 50\/50\"}]},{\"@type\":\"WebSite\",\"@id\":\"https:\/\/pldistribucion.com.ar\/web\/#website\",\"url\":\"https:\/\/pldistribucion.com.ar\/web\/\",\"name\":\"Perfomance Lube\",\"description\":\"\",\"publisher\":{\"@id\":\"https:\/\/pldistribucion.com.ar\/web\/#organization\"},\"potentialAction\":[{\"@type\":\"SearchAction\",\"target\":{\"@type\":\"EntryPoint\",\"urlTemplate\":\"https:\/\/pldistribucion.com.ar\/web\/?s={search_term_string}\"},\"query-input\":\"required name=search_term_string\"}],\"inLanguage\":\"es\"},{\"@type\":\"Organization\",\"@id\":\"https:\/\/pldistribucion.com.ar\/web\/#organization\",\"name\":\"PERFORMANCE LUBE\",\"url\":\"https:\/\/pldistribucion.com.ar\/web\/\",\"logo\":{\"@type\":\"ImageObject\",\"inLanguage\":\"es\",\"@id\":\"https:\/\/pldistribucion.com.ar\/web\/#\/schema\/logo\/image\/\",\"url\":\"https:\/\/pldistribucion.com.ar\/web\/wp-content\/uploads\/pld_logo_GB-removebg-preview.png\",\"contentUrl\":\"https:\/\/pldistribucion.com.ar\/web\/wp-content\/uploads\/pld_logo_GB-removebg-preview.png\",\"width\":787,\"height\":317,\"caption\":\"PERFORMANCE LUBE\"},\"image\":{\"@id\":\"https:\/\/pldistribucion.com.ar\/web\/#\/schema\/logo\/image\/\"}}]}<\/script>\n<!-- \/ Yoast SEO plugin. -->","yoast_head_json":{"title":"MOBIL HEAVY DUTY 50\/50 - Perfomance Lube -Lubricantes","description":"Distribuidor de lubricantes MOBIL de diferentes aplicaciones. Env\u00edos a todo el pa\u00eds. Variedad de productos y stock disponible.MOBIL HEAVY DUTY 50\/50","robots":{"index":"index","follow":"follow","max-snippet":"max-snippet:-1","max-image-preview":"max-image-preview:large","max-video-preview":"max-video-preview:-1"},"canonical":"https:\/\/pldistribucion.com.ar\/web\/producto\/mobil-heavy-duty-50-50\/","og_locale":"es_ES","og_type":"article","og_title":"MOBIL HEAVY DUTY 50\/50 - Perfomance Lube -Lubricantes","og_description":"Distribuidor de lubricantes MOBIL de diferentes aplicaciones. Env\u00edos a todo el pa\u00eds. Variedad de productos y stock disponible.MOBIL HEAVY DUTY 50\/50","og_url":"https:\/\/pldistribucion.com.ar\/web\/producto\/mobil-heavy-duty-50-50\/","og_site_name":"Perfomance Lube","article_modified_time":"2022-04-13T14:01:32+00:00","og_image":[{"width":480,"height":480,"url":"https:\/\/pldistribucion.com.ar\/web\/wp-content\/uploads\/Mobil_Heavy_Duty-50_50-e1624974327548.png","type":"image\/png"}],"twitter_card":"summary_large_image","twitter_misc":{"Tiempo de lectura":"2 minutos"},"schema":{"@context":"https:\/\/schema.org","@graph":[{"@type":"WebPage","@id":"https:\/\/pldistribucion.com.ar\/web\/producto\/mobil-heavy-duty-50-50\/","url":"https:\/\/pldistribucion.com.ar\/web\/producto\/mobil-heavy-duty-50-50\/","name":"MOBIL HEAVY DUTY 50\/50 - Perfomance Lube -Lubricantes","isPartOf":{"@id":"https:\/\/pldistribucion.com.ar\/web\/#website"},"primaryImageOfPage":{"@id":"https:\/\/pldistribucion.com.ar\/web\/producto\/mobil-heavy-duty-50-50\/#primaryimage"},"image":{"@id":"https:\/\/pldistribucion.com.ar\/web\/producto\/mobil-heavy-duty-50-50\/#primaryimage"},"thumbnailUrl":"https:\/\/pldistribucion.com.ar\/web\/wp-content\/uploads\/Mobil_Heavy_Duty-50_50-e1624974327548.png","datePublished":"2021-06-29T13:45:47+00:00","dateModified":"2022-04-13T14:01:32+00:00","description":"Distribuidor de lubricantes MOBIL de diferentes aplicaciones. Env\u00edos a todo el pa\u00eds. Variedad de productos y stock disponible.MOBIL HEAVY DUTY 50\/50","breadcrumb":{"@id":"https:\/\/pldistribucion.com.ar\/web\/producto\/mobil-heavy-duty-50-50\/#breadcrumb"},"inLanguage":"es","potentialAction":[{"@type":"ReadAction","target":["https:\/\/pldistribucion.com.ar\/web\/producto\/mobil-heavy-duty-50-50\/"]}]},{"@type":"ImageObject","inLanguage":"es","@id":"https:\/\/pldistribucion.com.ar\/web\/producto\/mobil-heavy-duty-50-50\/#primaryimage","url":"https:\/\/pldistribucion.com.ar\/web\/wp-content\/uploads\/Mobil_Heavy_Duty-50_50-e1624974327548.png","contentUrl":"https:\/\/pldistribucion.com.ar\/web\/wp-content\/uploads\/Mobil_Heavy_Duty-50_50-e1624974327548.png","width":480,"height":480,"caption":"MOBIL HEAVY DUTY 50\/50"},{"@type":"BreadcrumbList","@id":"https:\/\/pldistribucion.com.ar\/web\/producto\/mobil-heavy-duty-50-50\/#breadcrumb","itemListElement":[{"@type":"ListItem","position":1,"name":"Portada","item":"https:\/\/pldistribucion.com.ar\/web\/"},{"@type":"ListItem","position":2,"name":"Productos","item":"https:\/\/pldistribucion.com.ar\/web\/productos\/"},{"@type":"ListItem","position":3,"name":"MOBIL HEAVY DUTY 50\/50"}]},{"@type":"WebSite","@id":"https:\/\/pldistribucion.com.ar\/web\/#website","url":"https:\/\/pldistribucion.com.ar\/web\/","name":"Perfomance Lube","description":"","publisher":{"@id":"https:\/\/pldistribucion.com.ar\/web\/#organization"},"potentialAction":[{"@type":"SearchAction","target":{"@type":"EntryPoint","urlTemplate":"https:\/\/pldistribucion.com.ar\/web\/?s={search_term_string}"},"query-input":"required name=search_term_string"}],"inLanguage":"es"},{"@type":"Organization","@id":"https:\/\/pldistribucion.com.ar\/web\/#organization","name":"PERFORMANCE LUBE","url":"https:\/\/pldistribucion.com.ar\/web\/","logo":{"@type":"ImageObject","inLanguage":"es","@id":"https:\/\/pldistribucion.com.ar\/web\/#\/schema\/logo\/image\/","url":"https:\/\/pldistribucion.com.ar\/web\/wp-content\/uploads\/pld_logo_GB-removebg-preview.png","contentUrl":"https:\/\/pldistribucion.com.ar\/web\/wp-content\/uploads\/pld_logo_GB-removebg-preview.png","width":787,"height":317,"caption":"PERFORMANCE LUBE"},"image":{"@id":"https:\/\/pldistribucion.com.ar\/web\/#\/schema\/logo\/image\/"}}]}},"_links":{"self":[{"href":"https:\/\/pldistribucion.com.ar\/web\/wp-json\/wp\/v2\/product\/1295"}],"collection":[{"href":"https:\/\/pldistribucion.com.ar\/web\/wp-json\/wp\/v2\/product"}],"about":[{"href":"https:\/\/pldistribucion.com.ar\/web\/wp-json\/wp\/v2\/types\/product"}],"replies":[{"embeddable":true,"href":"https:\/\/pldistribucion.com.ar\/web\/wp-json\/wp\/v2\/comments?post=1295"}],"wp:featuredmedia":[{"embeddable":true,"href":"https:\/\/pldistribucion.com.ar\/web\/wp-json\/wp\/v2\/media\/1296"}],"wp:attachment":[{"href":"https:\/\/pldistribucion.com.ar\/web\/wp-json\/wp\/v2\/media?parent=1295"}],"wp:term":[{"taxonomy":"product_cat","embeddable":true,"href":"https:\/\/pldistribucion.com.ar\/web\/wp-json\/wp\/v2\/product_cat?post=1295"},{"taxonomy":"product_tag","embeddable":true,"href":"https:\/\/pldistribucion.com.ar\/web\/wp-json\/wp\/v2\/product_tag?post=1295"}],"curies":[{"name":"wp","href":"https:\/\/api.w.org\/{rel}","templated":true}]}}