{"id":1236,"date":"2021-04-30T14:57:49","date_gmt":"2021-04-30T14:57:49","guid":{"rendered":"https:\/\/pldistribucion.com.ar\/web\/?post_type=product&#038;p=1236"},"modified":"2022-04-18T15:44:29","modified_gmt":"2022-04-18T15:44:29","slug":"mobil-aviation-grease-shc-100","status":"publish","type":"product","link":"https:\/\/pldistribucion.com.ar\/web\/producto\/mobil-aviation-grease-shc-100\/","title":{"rendered":"MOBIL AVIATION GREASE SHC 100"},"content":{"rendered":"<h1 id=\"divSubTitle\" class=\"row\"><span style=\"font-size: 80%;\"><em><strong>MOBIL AVIATION GREASE SHC 100 \/ <\/strong><\/em><strong>Grasa sint\u00e9tica para aviaci\u00f3n.<\/strong><\/span><\/h1>\n<div id=\"divPDSContent\" class=\"row\">\n<div class=\"col-12 breakpoints bp-xs bp-sm bp-md bp-lg bp-xl bp-max-xl\">\n<h3><span style=\"font-size: 80%; background-color: #ddb4e0;\"><em><strong>DESCRIPCI\u00d3N DEL PRODUCTO<\/strong><\/em><\/span><\/h3>\n<p><span style=\"color: #000000;\">Mobil Aviation Grease SHC 100 es una grasa sint\u00e9tica de supremo desempe\u00f1o. Combina las exclusivas propiedades de un fluido base sint\u00e9tico de polialfaolefina (PAO) con las de un espesante de alta calidad de jab\u00f3n de complejo de litio. El sistema espesante proporciona un alto punto de goteo, as\u00ed como una excelente resistencia al lavado con agua y una tenaz estabilidad estructural. Las exclusivas propiedades f\u00edsicas del aceite brindan una protecci\u00f3n excepcional contra el desgaste, el \u00f3xido, la corrosi\u00f3n y la degradaci\u00f3n a altas temperaturas. Ya que el aceite base sint\u00e9tico no contiene ceras, este permite la movilidad\/bombeabilidad a bajas temperaturas y proporcionar bajos valores de par de arranque y de funcionamiento. Mobil Aviation Grease SHC 100 es el producto preferido para aplicaciones de rodamientos de ruedas de aviones.<\/span><\/p>\n<h3><span style=\"font-size: 80%; background-color: #ddb4e0;\"><em><strong>PROPIEDADES Y BENEFICIOS<\/strong><\/em><\/span><\/h3>\n<p><span style=\"color: #000000;\">Un factor clave en el desarrollo de Mobil Aviation Grease SHC 100 fue el contacto cercano entre los ingenieros de productos de ExxonMobil y los principales fabricantes de equipos. Esto fue para garantizar que el lubricante proporcionase un desempe\u00f1o excepcional en los rodamientos de las ruedas de aviones.\u00a0 Este trabajo ha ayudado a confirmar los resultados de las pruebas de laboratorio de ExxonMobil que mostraban el desempe\u00f1o excepcional de Mobil Aviation Grease SHC 100. Este incluye una larga vida \u00fatil de la grasa, una mayor protecci\u00f3n y vida \u00fatil de los rodamientos en las ruedas de aviones, y un amplio rango de temperaturas de aplicaci\u00f3n.<\/span><\/p>\n<p><span style=\"color: #000000;\">Para combatir la alta exposici\u00f3n t\u00e9rmica del aceite, los formuladores de productos ExxonMobil escogieron aceites base de hidrocarburos sint\u00e9ticos. Esto fue debido a su excepcional potencial de resistencia t\u00e9rmica\/oxidativa. Se desarroll\u00f3 una tecnolog\u00eda de espesante de complejo de litio de \u00faltima generaci\u00f3n y se usaron aditivos espec\u00edficos para mejorar el desempe\u00f1o.<\/span><\/p>\n<h3><span style=\"font-size: 80%; background-color: #ddb4e0;\"><em><strong>APLICACIONES<\/strong><\/em><\/span><\/h3>\n<p><span style=\"color: #000000;\">Mobil Aviation Grease SHC 100 se recomienda para aplicaciones de aviaci\u00f3n que necesitan un lubricante que pueda realizar las funciones normales. Pero tiene que ir mucho m\u00e1s all\u00e1 en t\u00e9rminos de altas y bajas temperaturas y de desempe\u00f1o de larga duraci\u00f3n.\u00a0 Es una grasa NLGI Grado 2\/ISO VG 100 que posee la misma resistencia al bombeo a temperaturas fr\u00edas que la mayor\u00eda de las grasas de aceite mineral NLGI Grado 0.\u00a0 Proporciona una protecci\u00f3n excepcional a temperaturas de operaci\u00f3n desde \u201354 \u00baC (-65 \u00baF) hasta 177 \u00baC (350 \u00baF).<\/span><\/p>\n<p><span style=\"color: #000000;\">La grasa Mobil Aviation SHC 100 se recomienda para aplicaciones de alta velocidad y cargas pesadas. Estas son rodamientos de ruedas, as\u00ed como para aplicaciones de baja velocidad y alta carga, como rodamientos de trenes de aterrizaje, correderas y juntas.<\/span><\/p>\n<p><span style=\"color: #000000;\">Mobil Aviation Grease SHC 100 est\u00e1 aprobada como grasa para rodamientos de ruedas por todos los principales fabricantes de ruedas de aviones.<\/span><\/p>\n<p><strong><span style=\"color: #0000ff;\"><a style=\"color: #0000ff;\" href=\"https:\/\/pldistribucion.com.ar\/web\/wp-content\/uploads\/1111-1.pdf\" target=\"_blank\" rel=\"noopener\">Ver ficha t\u00e9cnica<\/a><\/span><\/strong><\/p>\n<p><span style=\"color: #0000ff;\"><strong><a style=\"color: #0000ff;\" href=\"https:\/\/pldistribucion.com.ar\/web\/categoria-producto\/lubricantes\/?filter_marcas=mobil\">Ver m\u00e1s productos MOBIL<\/a><\/strong><\/span><\/p>\n<p><span style=\"color: #000000;\">( Esta compa\u00f1\u00eda fue fundada en 1870 bajo el nombre de Standard Oil Company por el estadounidense John D. Rockefeller, tomando en 1920 como registro el nombre comercial de \u201cMobiloil\u201d. Debido a esto, el logo de la marca tambi\u00e9n evoluciona y en 1955, se adopta la marca denominativa \u201c<strong>Mobil<\/strong>\u201d, que se coloc\u00f3 dentro de una forma de escudo y desde este tiempo se ha mantenido el esquema de su color caracter\u00edstico en rojo y azul. Desde autom\u00f3viles, motos y camiones hasta aviones y cohetes espaciales: Mobil mueve la industria, la econom\u00eda y los l\u00edmites&#8230;)<\/span><\/p>\n<p><strong><span style=\"color: #0000ff;\"><a style=\"color: #0000ff;\" href=\"https:\/\/www.mobil.com\/en\/\" target=\"_blank\" rel=\"noopener\">Conoce m\u00e1s sobre MOBIL<\/a><\/span><\/strong><\/p>\n<\/div>\n<\/div>\n","protected":false},"excerpt":{"rendered":"<p><img loading=\"lazy\" decoding=\"async\" class=\"alignnone size-medium wp-image-259\" src=\"https:\/\/pldistribucion.com.ar\/web\/wp-content\/uploads\/Mobil_logo-300x300.jpg\" alt=\"\" width=\"300\" height=\"300\" \/><\/p>\n<h1>Lubricantes MOBIL<\/h1>\n<p><strong>Mobil<\/strong> tiene una l\u00ednea de lubricantes exclusivas para cada segmento de operaci\u00f3n que cumple con las especificaciones mas diversas del mercado, ya sea con Mobil Delvac \u2122 para camiones pesados y livianos, Mobil Super \u2122 para autom\u00f3viles, Mobil Super Moto \u2122 para motos, y Mobil \u2122 para industrias, generamos movimiento para todo tipo de veh\u00edculos y motores.<\/p>\n","protected":false},"featured_media":1698,"comment_status":"open","ping_status":"closed","template":"","meta":[],"product_cat":[16,87],"product_tag":[],"yoast_head":"<!-- This site is optimized with the Yoast SEO plugin v23.0 - https:\/\/yoast.com\/wordpress\/plugins\/seo\/ -->\n<title>MOBIL AVIATION GREASE SHC 100 - Perfomance Lube - Lubricantes<\/title>\n<meta name=\"description\" content=\"Distribuidor de lubricantes MOBIL de diferentes aplicaciones. Env\u00edos a todo el pa\u00eds. Variedad de productos y stock disponible.\" \/>\n<meta name=\"robots\" content=\"index, follow, max-snippet:-1, max-image-preview:large, max-video-preview:-1\" \/>\n<link rel=\"canonical\" href=\"https:\/\/pldistribucion.com.ar\/web\/producto\/mobil-aviation-grease-shc-100\/\" \/>\n<meta property=\"og:locale\" content=\"es_ES\" \/>\n<meta property=\"og:type\" content=\"article\" \/>\n<meta property=\"og:title\" content=\"MOBIL AVIATION GREASE SHC 100 - Perfomance Lube - Lubricantes\" \/>\n<meta property=\"og:description\" content=\"Distribuidor de lubricantes MOBIL de diferentes aplicaciones. Env\u00edos a todo el pa\u00eds. Variedad de productos y stock disponible.\" \/>\n<meta property=\"og:url\" content=\"https:\/\/pldistribucion.com.ar\/web\/producto\/mobil-aviation-grease-shc-100\/\" \/>\n<meta property=\"og:site_name\" content=\"Perfomance Lube\" \/>\n<meta property=\"article:modified_time\" content=\"2022-04-18T15:44:29+00:00\" \/>\n<meta property=\"og:image\" content=\"https:\/\/pldistribucion.com.ar\/web\/wp-content\/uploads\/SJs12e2A.png\" \/>\n\t<meta property=\"og:image:width\" content=\"1200\" \/>\n\t<meta property=\"og:image:height\" content=\"1200\" \/>\n\t<meta property=\"og:image:type\" content=\"image\/png\" \/>\n<meta name=\"twitter:card\" content=\"summary_large_image\" \/>\n<meta name=\"twitter:label1\" content=\"Tiempo de lectura\" \/>\n\t<meta name=\"twitter:data1\" content=\"3 minutos\" \/>\n<script type=\"application\/ld+json\" class=\"yoast-schema-graph\">{\"@context\":\"https:\/\/schema.org\",\"@graph\":[{\"@type\":\"WebPage\",\"@id\":\"https:\/\/pldistribucion.com.ar\/web\/producto\/mobil-aviation-grease-shc-100\/\",\"url\":\"https:\/\/pldistribucion.com.ar\/web\/producto\/mobil-aviation-grease-shc-100\/\",\"name\":\"MOBIL AVIATION GREASE SHC 100 - Perfomance Lube - Lubricantes\",\"isPartOf\":{\"@id\":\"https:\/\/pldistribucion.com.ar\/web\/#website\"},\"primaryImageOfPage\":{\"@id\":\"https:\/\/pldistribucion.com.ar\/web\/producto\/mobil-aviation-grease-shc-100\/#primaryimage\"},\"image\":{\"@id\":\"https:\/\/pldistribucion.com.ar\/web\/producto\/mobil-aviation-grease-shc-100\/#primaryimage\"},\"thumbnailUrl\":\"https:\/\/pldistribucion.com.ar\/web\/wp-content\/uploads\/SJs12e2A.png\",\"datePublished\":\"2021-04-30T14:57:49+00:00\",\"dateModified\":\"2022-04-18T15:44:29+00:00\",\"description\":\"Distribuidor de lubricantes MOBIL de diferentes aplicaciones. Env\u00edos a todo el pa\u00eds. Variedad de productos y stock disponible.\",\"breadcrumb\":{\"@id\":\"https:\/\/pldistribucion.com.ar\/web\/producto\/mobil-aviation-grease-shc-100\/#breadcrumb\"},\"inLanguage\":\"es\",\"potentialAction\":[{\"@type\":\"ReadAction\",\"target\":[\"https:\/\/pldistribucion.com.ar\/web\/producto\/mobil-aviation-grease-shc-100\/\"]}]},{\"@type\":\"ImageObject\",\"inLanguage\":\"es\",\"@id\":\"https:\/\/pldistribucion.com.ar\/web\/producto\/mobil-aviation-grease-shc-100\/#primaryimage\",\"url\":\"https:\/\/pldistribucion.com.ar\/web\/wp-content\/uploads\/SJs12e2A.png\",\"contentUrl\":\"https:\/\/pldistribucion.com.ar\/web\/wp-content\/uploads\/SJs12e2A.png\",\"width\":1200,\"height\":1200,\"caption\":\"MOBIL AVIATION GREASE SHC 100\"},{\"@type\":\"BreadcrumbList\",\"@id\":\"https:\/\/pldistribucion.com.ar\/web\/producto\/mobil-aviation-grease-shc-100\/#breadcrumb\",\"itemListElement\":[{\"@type\":\"ListItem\",\"position\":1,\"name\":\"Portada\",\"item\":\"https:\/\/pldistribucion.com.ar\/web\/\"},{\"@type\":\"ListItem\",\"position\":2,\"name\":\"Productos\",\"item\":\"https:\/\/pldistribucion.com.ar\/web\/productos\/\"},{\"@type\":\"ListItem\",\"position\":3,\"name\":\"MOBIL AVIATION GREASE SHC 100\"}]},{\"@type\":\"WebSite\",\"@id\":\"https:\/\/pldistribucion.com.ar\/web\/#website\",\"url\":\"https:\/\/pldistribucion.com.ar\/web\/\",\"name\":\"Perfomance Lube\",\"description\":\"\",\"publisher\":{\"@id\":\"https:\/\/pldistribucion.com.ar\/web\/#organization\"},\"potentialAction\":[{\"@type\":\"SearchAction\",\"target\":{\"@type\":\"EntryPoint\",\"urlTemplate\":\"https:\/\/pldistribucion.com.ar\/web\/?s={search_term_string}\"},\"query-input\":\"required name=search_term_string\"}],\"inLanguage\":\"es\"},{\"@type\":\"Organization\",\"@id\":\"https:\/\/pldistribucion.com.ar\/web\/#organization\",\"name\":\"PERFORMANCE LUBE\",\"url\":\"https:\/\/pldistribucion.com.ar\/web\/\",\"logo\":{\"@type\":\"ImageObject\",\"inLanguage\":\"es\",\"@id\":\"https:\/\/pldistribucion.com.ar\/web\/#\/schema\/logo\/image\/\",\"url\":\"https:\/\/pldistribucion.com.ar\/web\/wp-content\/uploads\/pld_logo_GB-removebg-preview.png\",\"contentUrl\":\"https:\/\/pldistribucion.com.ar\/web\/wp-content\/uploads\/pld_logo_GB-removebg-preview.png\",\"width\":787,\"height\":317,\"caption\":\"PERFORMANCE LUBE\"},\"image\":{\"@id\":\"https:\/\/pldistribucion.com.ar\/web\/#\/schema\/logo\/image\/\"}}]}<\/script>\n<!-- \/ Yoast SEO plugin. -->","yoast_head_json":{"title":"MOBIL AVIATION GREASE SHC 100 - Perfomance Lube - Lubricantes","description":"Distribuidor de lubricantes MOBIL de diferentes aplicaciones. Env\u00edos a todo el pa\u00eds. Variedad de productos y stock disponible.","robots":{"index":"index","follow":"follow","max-snippet":"max-snippet:-1","max-image-preview":"max-image-preview:large","max-video-preview":"max-video-preview:-1"},"canonical":"https:\/\/pldistribucion.com.ar\/web\/producto\/mobil-aviation-grease-shc-100\/","og_locale":"es_ES","og_type":"article","og_title":"MOBIL AVIATION GREASE SHC 100 - Perfomance Lube - Lubricantes","og_description":"Distribuidor de lubricantes MOBIL de diferentes aplicaciones. Env\u00edos a todo el pa\u00eds. Variedad de productos y stock disponible.","og_url":"https:\/\/pldistribucion.com.ar\/web\/producto\/mobil-aviation-grease-shc-100\/","og_site_name":"Perfomance Lube","article_modified_time":"2022-04-18T15:44:29+00:00","og_image":[{"width":1200,"height":1200,"url":"https:\/\/pldistribucion.com.ar\/web\/wp-content\/uploads\/SJs12e2A.png","type":"image\/png"}],"twitter_card":"summary_large_image","twitter_misc":{"Tiempo de lectura":"3 minutos"},"schema":{"@context":"https:\/\/schema.org","@graph":[{"@type":"WebPage","@id":"https:\/\/pldistribucion.com.ar\/web\/producto\/mobil-aviation-grease-shc-100\/","url":"https:\/\/pldistribucion.com.ar\/web\/producto\/mobil-aviation-grease-shc-100\/","name":"MOBIL AVIATION GREASE SHC 100 - Perfomance Lube - Lubricantes","isPartOf":{"@id":"https:\/\/pldistribucion.com.ar\/web\/#website"},"primaryImageOfPage":{"@id":"https:\/\/pldistribucion.com.ar\/web\/producto\/mobil-aviation-grease-shc-100\/#primaryimage"},"image":{"@id":"https:\/\/pldistribucion.com.ar\/web\/producto\/mobil-aviation-grease-shc-100\/#primaryimage"},"thumbnailUrl":"https:\/\/pldistribucion.com.ar\/web\/wp-content\/uploads\/SJs12e2A.png","datePublished":"2021-04-30T14:57:49+00:00","dateModified":"2022-04-18T15:44:29+00:00","description":"Distribuidor de lubricantes MOBIL de diferentes aplicaciones. Env\u00edos a todo el pa\u00eds. Variedad de productos y stock disponible.","breadcrumb":{"@id":"https:\/\/pldistribucion.com.ar\/web\/producto\/mobil-aviation-grease-shc-100\/#breadcrumb"},"inLanguage":"es","potentialAction":[{"@type":"ReadAction","target":["https:\/\/pldistribucion.com.ar\/web\/producto\/mobil-aviation-grease-shc-100\/"]}]},{"@type":"ImageObject","inLanguage":"es","@id":"https:\/\/pldistribucion.com.ar\/web\/producto\/mobil-aviation-grease-shc-100\/#primaryimage","url":"https:\/\/pldistribucion.com.ar\/web\/wp-content\/uploads\/SJs12e2A.png","contentUrl":"https:\/\/pldistribucion.com.ar\/web\/wp-content\/uploads\/SJs12e2A.png","width":1200,"height":1200,"caption":"MOBIL AVIATION GREASE SHC 100"},{"@type":"BreadcrumbList","@id":"https:\/\/pldistribucion.com.ar\/web\/producto\/mobil-aviation-grease-shc-100\/#breadcrumb","itemListElement":[{"@type":"ListItem","position":1,"name":"Portada","item":"https:\/\/pldistribucion.com.ar\/web\/"},{"@type":"ListItem","position":2,"name":"Productos","item":"https:\/\/pldistribucion.com.ar\/web\/productos\/"},{"@type":"ListItem","position":3,"name":"MOBIL AVIATION GREASE SHC 100"}]},{"@type":"WebSite","@id":"https:\/\/pldistribucion.com.ar\/web\/#website","url":"https:\/\/pldistribucion.com.ar\/web\/","name":"Perfomance Lube","description":"","publisher":{"@id":"https:\/\/pldistribucion.com.ar\/web\/#organization"},"potentialAction":[{"@type":"SearchAction","target":{"@type":"EntryPoint","urlTemplate":"https:\/\/pldistribucion.com.ar\/web\/?s={search_term_string}"},"query-input":"required name=search_term_string"}],"inLanguage":"es"},{"@type":"Organization","@id":"https:\/\/pldistribucion.com.ar\/web\/#organization","name":"PERFORMANCE LUBE","url":"https:\/\/pldistribucion.com.ar\/web\/","logo":{"@type":"ImageObject","inLanguage":"es","@id":"https:\/\/pldistribucion.com.ar\/web\/#\/schema\/logo\/image\/","url":"https:\/\/pldistribucion.com.ar\/web\/wp-content\/uploads\/pld_logo_GB-removebg-preview.png","contentUrl":"https:\/\/pldistribucion.com.ar\/web\/wp-content\/uploads\/pld_logo_GB-removebg-preview.png","width":787,"height":317,"caption":"PERFORMANCE LUBE"},"image":{"@id":"https:\/\/pldistribucion.com.ar\/web\/#\/schema\/logo\/image\/"}}]}},"_links":{"self":[{"href":"https:\/\/pldistribucion.com.ar\/web\/wp-json\/wp\/v2\/product\/1236"}],"collection":[{"href":"https:\/\/pldistribucion.com.ar\/web\/wp-json\/wp\/v2\/product"}],"about":[{"href":"https:\/\/pldistribucion.com.ar\/web\/wp-json\/wp\/v2\/types\/product"}],"replies":[{"embeddable":true,"href":"https:\/\/pldistribucion.com.ar\/web\/wp-json\/wp\/v2\/comments?post=1236"}],"wp:featuredmedia":[{"embeddable":true,"href":"https:\/\/pldistribucion.com.ar\/web\/wp-json\/wp\/v2\/media\/1698"}],"wp:attachment":[{"href":"https:\/\/pldistribucion.com.ar\/web\/wp-json\/wp\/v2\/media?parent=1236"}],"wp:term":[{"taxonomy":"product_cat","embeddable":true,"href":"https:\/\/pldistribucion.com.ar\/web\/wp-json\/wp\/v2\/product_cat?post=1236"},{"taxonomy":"product_tag","embeddable":true,"href":"https:\/\/pldistribucion.com.ar\/web\/wp-json\/wp\/v2\/product_tag?post=1236"}],"curies":[{"name":"wp","href":"https:\/\/api.w.org\/{rel}","templated":true}]}}