{"id":1221,"date":"2021-04-28T14:13:15","date_gmt":"2021-04-28T14:13:15","guid":{"rendered":"https:\/\/pldistribucion.com.ar\/web\/?post_type=product&#038;p=1221"},"modified":"2022-10-17T14:05:27","modified_gmt":"2022-10-17T14:05:27","slug":"mobil-1-syn-gear-lube-ls-75w-90","status":"publish","type":"product","link":"https:\/\/pldistribucion.com.ar\/web\/producto\/mobil-1-syn-gear-lube-ls-75w-90\/","title":{"rendered":"MOBIL 1 SYN GEAR LUBE LS 75W-90"},"content":{"rendered":"<div class=\"row\">\n<div class=\"col-12 breakpoints bp-xs bp-sm bp-md bp-lg bp-max-lg\">\n<h1 class=\"component b06-heading\" data-cmpvariant=\"B06 Heading|h3 bold\"><span style=\"font-size: 80%;\"><strong>MOBIL 1 SYN GEAR LUBE LS 75W-90<\/strong><\/span><\/h1>\n<h3><span style=\"font-size: 80%; background-color: #ddb4e0;\"><em><strong>DESCRIPCI\u00d3N DEL PRODUCTO<\/strong><\/em><\/span><\/h3>\n<\/div>\n<\/div>\n<div class=\"row\">\n<div class=\"col-12 col-lg-9 breakpoints bp-xs bp-sm bp-md bp-lg bp-max-lg\">\n<div class=\"component b01-paragraph paragraph\" data-cmpvariant=\"B01 Paragraph|Default\">\n<p><span style=\"color: #000000;\">MOBIL 1 SYN GEAR LUBE LS 75W-90 es un lubricante sint\u00e9tico, dise\u00f1ado espec\u00edficamente para diferenciales autoblocantes o de deslizamiento limitado (LSD por las siglas en ingl\u00e9s) para ser usado por largos per\u00edodos. Recomendado para todo tipo de ejes traseros donde se requiera un nivel API GL-5 y tambi\u00e9n para cajas manuales donde se especifique API GL-4. Soporta altas cargas de impacto. Conserva la viscosidad a alta temperatura.<\/span><\/p>\n<\/div>\n<h3><span style=\"font-size: 80%; background-color: #ddb4e0;\"><em><strong>CARACTER\u00cdSTICAS<\/strong><\/em><\/span><span style=\"font-size: 80%; background-color: #ddb4e0;\"><em><strong>\u00a0Y BENEFICIOS<\/strong><\/em><\/span><\/h3>\n<p><em><span style=\"color: #000000;\">Excepcional estabilidad t\u00e9rmica y resistencia a la oxidaci\u00f3n a altas temperaturas:\u00a0 <\/span><\/em><\/p>\n<ul>\n<li><span style=\"color: #000000;\">Ayuda a prolongar la vida \u00fatil de los engranajes y cojinetes debido a una m\u00ednima generaci\u00f3n de dep\u00f3sitos.<\/span><\/li>\n<li><span style=\"color: #000000;\">Larga vida \u00fatil de los sellos.<\/span><\/li>\n<li><span style=\"color: #000000;\">Posible prolongaci\u00f3n de los intervalos entre cambios de aceite y de servicio.<\/span><\/li>\n<\/ul>\n<p><em><span style=\"color: #000000;\">Sobresaliente protecci\u00f3n contra el desgaste a bajas velocidades\/altos torques y contra el rayado a altas velocidades:\u00a0<\/span><\/em><\/p>\n<ul>\n<li><span style=\"color: #000000;\">Capacidad para manejar algunas de las condiciones de conducci\u00f3n m\u00e1s severas a la vez que brinda un rendimiento confiable y eficiente.<\/span><\/li>\n<\/ul>\n<p><em><span style=\"color: #000000;\">Excepcional estabilidad ante los esfuerzos de corte :\u00a0<\/span><\/em><\/p>\n<ul>\n<li><span style=\"color: #000000;\">Ayuda a retener la viscosidad y la resistencia de la pel\u00edcula bajo condiciones de operaci\u00f3n severas para as\u00ed prevenir el desgaste.<\/span><\/li>\n<\/ul>\n<p><em><span style=\"color: #000000;\">Excelente protecci\u00f3n contra la herrumbre, las manchas y la corrosi\u00f3n del cobre y sus aleaciones:<\/span><\/em><\/p>\n<ul>\n<li><span style=\"color: #000000;\">Reduce el desgaste.<\/span><\/li>\n<li><span style=\"color: #000000;\">Larga vida de los componentes.<\/span><\/li>\n<\/ul>\n<p><em><span style=\"color: #000000;\">Propiedades de fricci\u00f3n mejoradas:\u00a0<\/span><\/em><\/p>\n<ul>\n<li><span style=\"color: #000000;\">Mejor econom\u00eda de combustible y menores costos de operaci\u00f3n.<\/span><\/li>\n<\/ul>\n<p><em><span style=\"color: #000000;\">Sobresaliente fluidez a bajas temperaturas en comparaci\u00f3n con los aceites minerales:\u00a0<\/span><\/em><\/p>\n<ul>\n<li><span style=\"color: #000000;\"><span style=\"color: #000000;\">Reducir el desgaste al arranque y a facilitar el arranque incluso en condiciones \u00e1rticas.<\/span><\/span><\/li>\n<\/ul>\n<h3><span style=\"font-size: 80%; background-color: #ddb4e0;\"><em><strong>APLICACIONES<\/strong><\/em><\/span><\/h3>\n<p><span style=\"color: #000000;\">Este producto es adecuado para autom\u00f3viles modernos de alto rendimiento como SUV, furgonetas y camiones ligeros que requieren un rendimiento de nivel API GL-5.<\/span><\/p>\n<p><span style=\"color: #000000;\">Tambi\u00e9n donde se requieran garant\u00edas e intervalos de servicio extendidos.<\/span><\/p>\n<p><span style=\"color: #000000;\">No recomendado para transmisiones autom\u00e1ticas, manuales o semiautom\u00e1ticas para las que se recomiendan aceite de motor o l\u00edquidos de transmisi\u00f3n autom\u00e1tica.<\/span><\/p>\n<p><span style=\"color: #0000ff;\"><strong><a style=\"color: #0000ff;\" href=\"https:\/\/pldistribucion.com.ar\/web\/wp-content\/uploads\/11-1.pdf\" target=\"_blank\" rel=\"noopener\">Ver ficha t\u00e9cnica \/ <\/a><a style=\"color: #0000ff;\" href=\"https:\/\/pldistribucion.com.ar\/web\/wp-content\/uploads\/22-1.pdf\" target=\"_blank\" rel=\"noopener\">Ver hoja de seguridad<\/a><\/strong><\/span><\/p>\n<p><span style=\"color: #0000ff;\"><strong><a style=\"color: #0000ff;\" href=\"https:\/\/pldistribucion.com.ar\/web\/categoria-producto\/lubricantes\/?filter_marcas=mobil\">Ver m\u00e1s productos MOBIL<\/a><\/strong><\/span><\/p>\n<p><span style=\"color: #000000;\">( Esta compa\u00f1\u00eda fue fundada en 1870 bajo el nombre de Standard Oil Company por el estadounidense John D. Rockefeller, tomando en 1920 como registro el nombre comercial de \u201cMobiloil\u201d. Debido a esto, el logo de la marca tambi\u00e9n evoluciona y en 1955, se adopta la marca denominativa \u201c<strong>Mobil<\/strong>\u201d, que se coloc\u00f3 dentro de una forma de escudo y desde este tiempo se ha mantenido el esquema de su color caracter\u00edstico en rojo y azul. Desde autom\u00f3viles, motos y camiones hasta aviones y cohetes espaciales: Mobil mueve la industria, la econom\u00eda y los l\u00edmites&#8230;)<\/span><\/p>\n<p><strong><span style=\"color: #0000ff;\"><a style=\"color: #0000ff;\" href=\"https:\/\/www.mobil.com\/en\/\" target=\"_blank\" rel=\"noopener\">Conoce m\u00e1s sobre MOBIL<\/a><\/span><\/strong><\/p>\n<\/div>\n<\/div>\n","protected":false},"excerpt":{"rendered":"<p><img loading=\"lazy\" decoding=\"async\" class=\"alignnone wp-image-259 size-medium\" src=\"https:\/\/pldistribucion.com.ar\/web\/wp-content\/uploads\/Mobil_logo-e1655908272998-300x110.jpg\" alt=\"\" width=\"300\" height=\"110\" \/><\/p>\n<p><strong>BID\u00d3N X 3,785L\u00a0 \u27a2<\/strong><\/p>\n<h2 style=\"text-align: left;\"><span style=\"font-size: 75%;\"><strong><a rel=\"noopener noreferrer\" href=\"https:\/\/performancelube.mercadoshops.com.ar\/MLA-1197085971-mobil-delvac-1-syn-go-75w90-x3785l-_JM#position=6&#038;search_layout=stack&#038;type=item&#038;tracking_id=1bcf7669-5190-45a8-9c79-999a68528828#position=1&#038;search_layout=stack&#038;type=item&#038;tracking_id=8eec1a3c-ddb3-4e6f-bca6-9dc7130a1a7c#position=1&#038;search_layout=stack&#038;type=item&#038;tracking_id=bbc8064c-7b0a-4bdf-bbd3-38c8c93e73bd\" target=\"_blank\" class=\"button primary\"  >\n    <span>VER EN TIENDA ?<\/span>\n  <\/a>\n<span style=\"color: #69314d;\">\u00a0<\/span><\/strong><strong>\u00a0 \u00a0<\/strong><\/span><\/h2>\n<p><strong>Mobil<\/strong> tiene una l\u00ednea de lubricantes exclusivas para cada segmento de operaci\u00f3n que cumple con las especificaciones mas diversas del mercado, ya sea con Mobil Delvac \u2122 para camiones pesados y livianos, Mobil Super \u2122 para autom\u00f3viles, Mobil Super Moto \u2122 para motos, y Mobil \u2122 para industrias, generamos movimiento para todo tipo de veh\u00edculos y motores.<\/p>\n","protected":false},"featured_media":5437,"comment_status":"open","ping_status":"closed","template":"","meta":[],"product_cat":[16,35],"product_tag":[],"yoast_head":"<!-- This site is optimized with the Yoast SEO plugin v23.0 - https:\/\/yoast.com\/wordpress\/plugins\/seo\/ -->\n<title>MOBIL 1 SYN GEAR LUBE LS 75W-90 - Perfomance Lube - Lubricantes<\/title>\n<meta name=\"description\" content=\"Distribuidor de lubricantes MOBIL de diferentes aplicaciones. Env\u00edos a todo el pa\u00eds. Variedad de productos y stock disponible.\" \/>\n<meta name=\"robots\" content=\"index, follow, max-snippet:-1, max-image-preview:large, max-video-preview:-1\" \/>\n<link rel=\"canonical\" href=\"https:\/\/pldistribucion.com.ar\/web\/producto\/mobil-1-syn-gear-lube-ls-75w-90\/\" \/>\n<meta property=\"og:locale\" content=\"es_ES\" \/>\n<meta property=\"og:type\" content=\"article\" \/>\n<meta property=\"og:title\" content=\"MOBIL 1 SYN GEAR LUBE LS 75W-90 - Perfomance Lube - Lubricantes\" \/>\n<meta property=\"og:description\" content=\"Distribuidor de lubricantes MOBIL de diferentes aplicaciones. Env\u00edos a todo el pa\u00eds. Variedad de productos y stock disponible.\" \/>\n<meta property=\"og:url\" content=\"https:\/\/pldistribucion.com.ar\/web\/producto\/mobil-1-syn-gear-lube-ls-75w-90\/\" \/>\n<meta property=\"og:site_name\" content=\"Perfomance Lube\" \/>\n<meta property=\"article:modified_time\" content=\"2022-10-17T14:05:27+00:00\" \/>\n<meta property=\"og:image\" content=\"https:\/\/pldistribucion.com.ar\/web\/wp-content\/uploads\/Sin-titulo-17-e1666015518179.png\" \/>\n\t<meta property=\"og:image:width\" content=\"614\" \/>\n\t<meta property=\"og:image:height\" content=\"743\" \/>\n\t<meta property=\"og:image:type\" content=\"image\/png\" \/>\n<meta name=\"twitter:card\" content=\"summary_large_image\" \/>\n<meta name=\"twitter:label1\" content=\"Tiempo de lectura\" \/>\n\t<meta name=\"twitter:data1\" content=\"2 minutos\" \/>\n<script type=\"application\/ld+json\" class=\"yoast-schema-graph\">{\"@context\":\"https:\/\/schema.org\",\"@graph\":[{\"@type\":\"WebPage\",\"@id\":\"https:\/\/pldistribucion.com.ar\/web\/producto\/mobil-1-syn-gear-lube-ls-75w-90\/\",\"url\":\"https:\/\/pldistribucion.com.ar\/web\/producto\/mobil-1-syn-gear-lube-ls-75w-90\/\",\"name\":\"MOBIL 1 SYN GEAR LUBE LS 75W-90 - Perfomance Lube - Lubricantes\",\"isPartOf\":{\"@id\":\"https:\/\/pldistribucion.com.ar\/web\/#website\"},\"primaryImageOfPage\":{\"@id\":\"https:\/\/pldistribucion.com.ar\/web\/producto\/mobil-1-syn-gear-lube-ls-75w-90\/#primaryimage\"},\"image\":{\"@id\":\"https:\/\/pldistribucion.com.ar\/web\/producto\/mobil-1-syn-gear-lube-ls-75w-90\/#primaryimage\"},\"thumbnailUrl\":\"https:\/\/pldistribucion.com.ar\/web\/wp-content\/uploads\/Sin-titulo-17-e1666015518179.png\",\"datePublished\":\"2021-04-28T14:13:15+00:00\",\"dateModified\":\"2022-10-17T14:05:27+00:00\",\"description\":\"Distribuidor de lubricantes MOBIL de diferentes aplicaciones. Env\u00edos a todo el pa\u00eds. Variedad de productos y stock disponible.\",\"breadcrumb\":{\"@id\":\"https:\/\/pldistribucion.com.ar\/web\/producto\/mobil-1-syn-gear-lube-ls-75w-90\/#breadcrumb\"},\"inLanguage\":\"es\",\"potentialAction\":[{\"@type\":\"ReadAction\",\"target\":[\"https:\/\/pldistribucion.com.ar\/web\/producto\/mobil-1-syn-gear-lube-ls-75w-90\/\"]}]},{\"@type\":\"ImageObject\",\"inLanguage\":\"es\",\"@id\":\"https:\/\/pldistribucion.com.ar\/web\/producto\/mobil-1-syn-gear-lube-ls-75w-90\/#primaryimage\",\"url\":\"https:\/\/pldistribucion.com.ar\/web\/wp-content\/uploads\/Sin-titulo-17-e1666015518179.png\",\"contentUrl\":\"https:\/\/pldistribucion.com.ar\/web\/wp-content\/uploads\/Sin-titulo-17-e1666015518179.png\",\"width\":614,\"height\":743,\"caption\":\"MOBIL 1 SYN GEAR LUBE LS 75W-90\"},{\"@type\":\"BreadcrumbList\",\"@id\":\"https:\/\/pldistribucion.com.ar\/web\/producto\/mobil-1-syn-gear-lube-ls-75w-90\/#breadcrumb\",\"itemListElement\":[{\"@type\":\"ListItem\",\"position\":1,\"name\":\"Portada\",\"item\":\"https:\/\/pldistribucion.com.ar\/web\/\"},{\"@type\":\"ListItem\",\"position\":2,\"name\":\"Productos\",\"item\":\"https:\/\/pldistribucion.com.ar\/web\/productos\/\"},{\"@type\":\"ListItem\",\"position\":3,\"name\":\"MOBIL 1 SYN GEAR LUBE LS 75W-90\"}]},{\"@type\":\"WebSite\",\"@id\":\"https:\/\/pldistribucion.com.ar\/web\/#website\",\"url\":\"https:\/\/pldistribucion.com.ar\/web\/\",\"name\":\"Perfomance Lube\",\"description\":\"\",\"publisher\":{\"@id\":\"https:\/\/pldistribucion.com.ar\/web\/#organization\"},\"potentialAction\":[{\"@type\":\"SearchAction\",\"target\":{\"@type\":\"EntryPoint\",\"urlTemplate\":\"https:\/\/pldistribucion.com.ar\/web\/?s={search_term_string}\"},\"query-input\":\"required name=search_term_string\"}],\"inLanguage\":\"es\"},{\"@type\":\"Organization\",\"@id\":\"https:\/\/pldistribucion.com.ar\/web\/#organization\",\"name\":\"PERFORMANCE LUBE\",\"url\":\"https:\/\/pldistribucion.com.ar\/web\/\",\"logo\":{\"@type\":\"ImageObject\",\"inLanguage\":\"es\",\"@id\":\"https:\/\/pldistribucion.com.ar\/web\/#\/schema\/logo\/image\/\",\"url\":\"https:\/\/pldistribucion.com.ar\/web\/wp-content\/uploads\/pld_logo_GB-removebg-preview.png\",\"contentUrl\":\"https:\/\/pldistribucion.com.ar\/web\/wp-content\/uploads\/pld_logo_GB-removebg-preview.png\",\"width\":787,\"height\":317,\"caption\":\"PERFORMANCE LUBE\"},\"image\":{\"@id\":\"https:\/\/pldistribucion.com.ar\/web\/#\/schema\/logo\/image\/\"}}]}<\/script>\n<!-- \/ Yoast SEO plugin. -->","yoast_head_json":{"title":"MOBIL 1 SYN GEAR LUBE LS 75W-90 - Perfomance Lube - Lubricantes","description":"Distribuidor de lubricantes MOBIL de diferentes aplicaciones. Env\u00edos a todo el pa\u00eds. Variedad de productos y stock disponible.","robots":{"index":"index","follow":"follow","max-snippet":"max-snippet:-1","max-image-preview":"max-image-preview:large","max-video-preview":"max-video-preview:-1"},"canonical":"https:\/\/pldistribucion.com.ar\/web\/producto\/mobil-1-syn-gear-lube-ls-75w-90\/","og_locale":"es_ES","og_type":"article","og_title":"MOBIL 1 SYN GEAR LUBE LS 75W-90 - Perfomance Lube - Lubricantes","og_description":"Distribuidor de lubricantes MOBIL de diferentes aplicaciones. Env\u00edos a todo el pa\u00eds. Variedad de productos y stock disponible.","og_url":"https:\/\/pldistribucion.com.ar\/web\/producto\/mobil-1-syn-gear-lube-ls-75w-90\/","og_site_name":"Perfomance Lube","article_modified_time":"2022-10-17T14:05:27+00:00","og_image":[{"width":614,"height":743,"url":"https:\/\/pldistribucion.com.ar\/web\/wp-content\/uploads\/Sin-titulo-17-e1666015518179.png","type":"image\/png"}],"twitter_card":"summary_large_image","twitter_misc":{"Tiempo de lectura":"2 minutos"},"schema":{"@context":"https:\/\/schema.org","@graph":[{"@type":"WebPage","@id":"https:\/\/pldistribucion.com.ar\/web\/producto\/mobil-1-syn-gear-lube-ls-75w-90\/","url":"https:\/\/pldistribucion.com.ar\/web\/producto\/mobil-1-syn-gear-lube-ls-75w-90\/","name":"MOBIL 1 SYN GEAR LUBE LS 75W-90 - Perfomance Lube - Lubricantes","isPartOf":{"@id":"https:\/\/pldistribucion.com.ar\/web\/#website"},"primaryImageOfPage":{"@id":"https:\/\/pldistribucion.com.ar\/web\/producto\/mobil-1-syn-gear-lube-ls-75w-90\/#primaryimage"},"image":{"@id":"https:\/\/pldistribucion.com.ar\/web\/producto\/mobil-1-syn-gear-lube-ls-75w-90\/#primaryimage"},"thumbnailUrl":"https:\/\/pldistribucion.com.ar\/web\/wp-content\/uploads\/Sin-titulo-17-e1666015518179.png","datePublished":"2021-04-28T14:13:15+00:00","dateModified":"2022-10-17T14:05:27+00:00","description":"Distribuidor de lubricantes MOBIL de diferentes aplicaciones. Env\u00edos a todo el pa\u00eds. Variedad de productos y stock disponible.","breadcrumb":{"@id":"https:\/\/pldistribucion.com.ar\/web\/producto\/mobil-1-syn-gear-lube-ls-75w-90\/#breadcrumb"},"inLanguage":"es","potentialAction":[{"@type":"ReadAction","target":["https:\/\/pldistribucion.com.ar\/web\/producto\/mobil-1-syn-gear-lube-ls-75w-90\/"]}]},{"@type":"ImageObject","inLanguage":"es","@id":"https:\/\/pldistribucion.com.ar\/web\/producto\/mobil-1-syn-gear-lube-ls-75w-90\/#primaryimage","url":"https:\/\/pldistribucion.com.ar\/web\/wp-content\/uploads\/Sin-titulo-17-e1666015518179.png","contentUrl":"https:\/\/pldistribucion.com.ar\/web\/wp-content\/uploads\/Sin-titulo-17-e1666015518179.png","width":614,"height":743,"caption":"MOBIL 1 SYN GEAR LUBE LS 75W-90"},{"@type":"BreadcrumbList","@id":"https:\/\/pldistribucion.com.ar\/web\/producto\/mobil-1-syn-gear-lube-ls-75w-90\/#breadcrumb","itemListElement":[{"@type":"ListItem","position":1,"name":"Portada","item":"https:\/\/pldistribucion.com.ar\/web\/"},{"@type":"ListItem","position":2,"name":"Productos","item":"https:\/\/pldistribucion.com.ar\/web\/productos\/"},{"@type":"ListItem","position":3,"name":"MOBIL 1 SYN GEAR LUBE LS 75W-90"}]},{"@type":"WebSite","@id":"https:\/\/pldistribucion.com.ar\/web\/#website","url":"https:\/\/pldistribucion.com.ar\/web\/","name":"Perfomance Lube","description":"","publisher":{"@id":"https:\/\/pldistribucion.com.ar\/web\/#organization"},"potentialAction":[{"@type":"SearchAction","target":{"@type":"EntryPoint","urlTemplate":"https:\/\/pldistribucion.com.ar\/web\/?s={search_term_string}"},"query-input":"required name=search_term_string"}],"inLanguage":"es"},{"@type":"Organization","@id":"https:\/\/pldistribucion.com.ar\/web\/#organization","name":"PERFORMANCE LUBE","url":"https:\/\/pldistribucion.com.ar\/web\/","logo":{"@type":"ImageObject","inLanguage":"es","@id":"https:\/\/pldistribucion.com.ar\/web\/#\/schema\/logo\/image\/","url":"https:\/\/pldistribucion.com.ar\/web\/wp-content\/uploads\/pld_logo_GB-removebg-preview.png","contentUrl":"https:\/\/pldistribucion.com.ar\/web\/wp-content\/uploads\/pld_logo_GB-removebg-preview.png","width":787,"height":317,"caption":"PERFORMANCE LUBE"},"image":{"@id":"https:\/\/pldistribucion.com.ar\/web\/#\/schema\/logo\/image\/"}}]}},"_links":{"self":[{"href":"https:\/\/pldistribucion.com.ar\/web\/wp-json\/wp\/v2\/product\/1221"}],"collection":[{"href":"https:\/\/pldistribucion.com.ar\/web\/wp-json\/wp\/v2\/product"}],"about":[{"href":"https:\/\/pldistribucion.com.ar\/web\/wp-json\/wp\/v2\/types\/product"}],"replies":[{"embeddable":true,"href":"https:\/\/pldistribucion.com.ar\/web\/wp-json\/wp\/v2\/comments?post=1221"}],"wp:featuredmedia":[{"embeddable":true,"href":"https:\/\/pldistribucion.com.ar\/web\/wp-json\/wp\/v2\/media\/5437"}],"wp:attachment":[{"href":"https:\/\/pldistribucion.com.ar\/web\/wp-json\/wp\/v2\/media?parent=1221"}],"wp:term":[{"taxonomy":"product_cat","embeddable":true,"href":"https:\/\/pldistribucion.com.ar\/web\/wp-json\/wp\/v2\/product_cat?post=1221"},{"taxonomy":"product_tag","embeddable":true,"href":"https:\/\/pldistribucion.com.ar\/web\/wp-json\/wp\/v2\/product_tag?post=1221"}],"curies":[{"name":"wp","href":"https:\/\/api.w.org\/{rel}","templated":true}]}}