{"id":1167,"date":"2021-03-25T14:58:19","date_gmt":"2021-03-25T14:58:19","guid":{"rendered":"https:\/\/pldistribucion.com.ar\/web\/?post_type=product&#038;p=1167"},"modified":"2023-01-31T12:39:45","modified_gmt":"2023-01-31T12:39:45","slug":"mobil-super-1000-10w-30-y-20w-50","status":"publish","type":"product","link":"https:\/\/pldistribucion.com.ar\/web\/producto\/mobil-super-1000-10w-30-y-20w-50\/","title":{"rendered":"MOBIL SUPER 1000 10W-30 y 20W-50"},"content":{"rendered":"<h1><span style=\"font-size: 80%;\"><strong>MOBIL SUPER 1000 10W-30 y 20W-50<\/strong><\/span><\/h1>\n<h3><span style=\"font-size: 80%; background-color: #ddb4e0;\"><strong>DESCRIPCI\u00d3N DEL PRODUCTO<\/strong><\/span><\/h3>\n<p><span style=\"color: #000000;\">MOBIL SUPER 1000 10W-30 y 20W-50\u00a0son aceites minerales premium para motores que cumplen con las m\u00e1s recientes especificaciones de la industria de los aceites para motores. Est\u00e1n dise\u00f1ados para proporcionar un alto nivel de desempe\u00f1o y de protecci\u00f3n en la mayor\u00eda de las condiciones de operaci\u00f3n.<\/span><\/p>\n<h3><span style=\"font-size: 80%; background-color: #ddb4e0;\"><strong>CARACTER\u00cdSTICAS<\/strong><\/span><span style=\"font-size: 80%; background-color: #ddb4e0;\"><strong>\u00a0Y BENEFICIOS<\/strong><\/span><\/h3>\n<ul>\n<li><span style=\"color: #000000;\">Protecci\u00f3n del motor durante el arranque.<\/span><\/li>\n<li><span style=\"color: #000000;\">Protecci\u00f3n prolongada contra el desgaste del motor y la formaci\u00f3n de dep\u00f3sitos.<\/span><\/li>\n<li><span style=\"color: #000000;\">Ayuda a combatir los lodos.<\/span><\/li>\n<\/ul>\n<p><span style=\"color: #000000;\">MOBIL SUPER 1000 10W-30 y 20W-50 est\u00e1n meticulosamente dise\u00f1ado para cumplir con las especificaciones de motores m\u00e1s estrictas de la actualidad. Proporciona una muy buena protecci\u00f3n del motor y ayuda a promover una larga vida \u00fatil del motor.<\/span><\/p>\n<h3><span style=\"font-size: 80%; background-color: #ddb4e0;\"><strong>APLICACIONES<\/strong><\/span><\/h3>\n<p><span style=\"color: #000000;\">Estos productos han sido formulados para usarse en casi todos los tipos de veh\u00edculos. ExxonMobil recomienda el aceite Mobil Super 1000 especialmente para la conducci\u00f3n diaria en condiciones normales.<\/span><\/p>\n<ul>\n<li><span style=\"color: #000000;\">Casi todas las tecnolog\u00edas de motores de gasolina.<\/span><\/li>\n<li><span style=\"color: #000000;\">Veh\u00edculos de pasajeros, camionetas deportivas, camiones ligeros y furgonetas.<\/span><\/li>\n<li><span style=\"color: #000000;\">Condiciones de operaci\u00f3n normales.<\/span><\/li>\n<li><span style=\"color: #000000;\">Aptos para utilizarse en una amplia gama de condiciones de temperatura.<\/span><\/li>\n<\/ul>\n<hr \/>\n<p><span style=\"color: #000080;\"><strong><a style=\"color: #000080;\" href=\"https:\/\/pldistribucion.com.ar\/web\/wp-content\/uploads\/GL-XX-Mobil-Super-1000-10W-30-20W-50-1.pdf\" target=\"_blank\" rel=\"noopener\">Ver ficha t\u00e9cnica<\/a><\/strong><\/span><\/p>\n<p><span style=\"color: #000080;\"><strong><a style=\"color: #000080;\" href=\"https:\/\/pldistribucion.com.ar\/web\/categoria-producto\/lubricantes\/?filter_marcas=mobil\">Ver m\u00e1s productos MOBIL<\/a><\/strong><\/span><\/p>\n<p><span style=\"color: #000000;\">( Esta compa\u00f1\u00eda fue fundada en 1870 bajo el nombre de Standard Oil Company por el estadounidense John D. Rockefeller, tomando en 1920 como registro el nombre comercial de \u201cMobiloil\u201d. Debido a esto, el logo de la marca tambi\u00e9n evoluciona y en 1955, se adopta la marca denominativa \u201c<strong>Mobil<\/strong>\u201d, que se coloc\u00f3 dentro de una forma de escudo y desde este tiempo se ha mantenido el esquema de su color caracter\u00edstico en rojo y azul. Desde autom\u00f3viles, motos y camiones hasta aviones y cohetes espaciales: Mobil mueve la industria, la econom\u00eda y los l\u00edmites&#8230;)<\/span><\/p>\n<p><span style=\"color: #000080;\"><strong><a style=\"color: #000080;\" href=\"https:\/\/www.mobil.com\/en\/\" target=\"_blank\" rel=\"noopener\">Conoce m\u00e1s sobre MOBIL<\/a><\/strong><\/span><\/p>\n","protected":false},"excerpt":{"rendered":"<p><img loading=\"lazy\" decoding=\"async\" class=\"alignnone size-medium wp-image-259\" src=\"https:\/\/pldistribucion.com.ar\/web\/wp-content\/uploads\/Mobil_logo-300x300.jpg\" alt=\"\" width=\"300\" height=\"300\" \/><\/p>\n<h1>Lubricantes MOBIL<\/h1>\n<p><strong>Mobil<\/strong> tiene una l\u00ednea de lubricantes exclusivas para cada segmento de operaci\u00f3n que cumple con las especificaciones mas diversas del mercado, ya sea con Mobil Delvac \u2122 para camiones pesados y livianos, Mobil Super \u2122 para autom\u00f3viles, Mobil Super Moto \u2122 para motos, y Mobil \u2122 para industrias, generamos movimiento para todo tipo de veh\u00edculos y motores.<\/p>\n","protected":false},"featured_media":0,"comment_status":"open","ping_status":"closed","template":"","meta":[],"product_cat":[16,35],"product_tag":[],"yoast_head":"<!-- This site is optimized with the Yoast SEO plugin v23.0 - https:\/\/yoast.com\/wordpress\/plugins\/seo\/ -->\n<title>MOBIL SUPER 1000 10W-30 y 20W-50 - Perfomance Lube -Lubricantes<\/title>\n<meta name=\"description\" content=\"Distribuidor de lubricantes MOBIL de diferentes aplicaciones. Env\u00edos a todo el pa\u00eds. Variedad de productos y stock disponible.\" \/>\n<meta name=\"robots\" content=\"index, follow, max-snippet:-1, max-image-preview:large, max-video-preview:-1\" \/>\n<link rel=\"canonical\" href=\"https:\/\/pldistribucion.com.ar\/web\/producto\/mobil-super-1000-10w-30-y-20w-50\/\" \/>\n<meta property=\"og:locale\" content=\"es_ES\" \/>\n<meta property=\"og:type\" content=\"article\" \/>\n<meta property=\"og:title\" content=\"MOBIL SUPER 1000 10W-30 y 20W-50 - Perfomance Lube -Lubricantes\" \/>\n<meta property=\"og:description\" content=\"Distribuidor de lubricantes MOBIL de diferentes aplicaciones. Env\u00edos a todo el pa\u00eds. Variedad de productos y stock disponible.\" \/>\n<meta property=\"og:url\" content=\"https:\/\/pldistribucion.com.ar\/web\/producto\/mobil-super-1000-10w-30-y-20w-50\/\" \/>\n<meta property=\"og:site_name\" content=\"Perfomance Lube\" \/>\n<meta property=\"article:modified_time\" content=\"2023-01-31T12:39:45+00:00\" \/>\n<meta property=\"og:image\" content=\"https:\/\/pldistribucion.com.ar\/web\/wp-content\/uploads\/Economy_MOB_Mineral_10W30_SN_CF_1L_v1_flat-532x1024.png\" \/>\n\t<meta property=\"og:image:width\" content=\"532\" \/>\n\t<meta property=\"og:image:height\" content=\"1024\" \/>\n\t<meta property=\"og:image:type\" content=\"image\/png\" \/>\n<meta name=\"twitter:card\" content=\"summary_large_image\" \/>\n<meta name=\"twitter:label1\" content=\"Tiempo de lectura\" \/>\n\t<meta name=\"twitter:data1\" content=\"2 minutos\" \/>\n<script type=\"application\/ld+json\" class=\"yoast-schema-graph\">{\"@context\":\"https:\/\/schema.org\",\"@graph\":[{\"@type\":\"WebPage\",\"@id\":\"https:\/\/pldistribucion.com.ar\/web\/producto\/mobil-super-1000-10w-30-y-20w-50\/\",\"url\":\"https:\/\/pldistribucion.com.ar\/web\/producto\/mobil-super-1000-10w-30-y-20w-50\/\",\"name\":\"MOBIL SUPER 1000 10W-30 y 20W-50 - Perfomance Lube -Lubricantes\",\"isPartOf\":{\"@id\":\"https:\/\/pldistribucion.com.ar\/web\/#website\"},\"datePublished\":\"2021-03-25T14:58:19+00:00\",\"dateModified\":\"2023-01-31T12:39:45+00:00\",\"description\":\"Distribuidor de lubricantes MOBIL de diferentes aplicaciones. Env\u00edos a todo el pa\u00eds. Variedad de productos y stock disponible.\",\"breadcrumb\":{\"@id\":\"https:\/\/pldistribucion.com.ar\/web\/producto\/mobil-super-1000-10w-30-y-20w-50\/#breadcrumb\"},\"inLanguage\":\"es\",\"potentialAction\":[{\"@type\":\"ReadAction\",\"target\":[\"https:\/\/pldistribucion.com.ar\/web\/producto\/mobil-super-1000-10w-30-y-20w-50\/\"]}]},{\"@type\":\"BreadcrumbList\",\"@id\":\"https:\/\/pldistribucion.com.ar\/web\/producto\/mobil-super-1000-10w-30-y-20w-50\/#breadcrumb\",\"itemListElement\":[{\"@type\":\"ListItem\",\"position\":1,\"name\":\"Portada\",\"item\":\"https:\/\/pldistribucion.com.ar\/web\/\"},{\"@type\":\"ListItem\",\"position\":2,\"name\":\"Productos\",\"item\":\"https:\/\/pldistribucion.com.ar\/web\/productos\/\"},{\"@type\":\"ListItem\",\"position\":3,\"name\":\"MOBIL SUPER 1000 10W-30 y 20W-50\"}]},{\"@type\":\"WebSite\",\"@id\":\"https:\/\/pldistribucion.com.ar\/web\/#website\",\"url\":\"https:\/\/pldistribucion.com.ar\/web\/\",\"name\":\"Perfomance Lube\",\"description\":\"\",\"publisher\":{\"@id\":\"https:\/\/pldistribucion.com.ar\/web\/#organization\"},\"potentialAction\":[{\"@type\":\"SearchAction\",\"target\":{\"@type\":\"EntryPoint\",\"urlTemplate\":\"https:\/\/pldistribucion.com.ar\/web\/?s={search_term_string}\"},\"query-input\":\"required name=search_term_string\"}],\"inLanguage\":\"es\"},{\"@type\":\"Organization\",\"@id\":\"https:\/\/pldistribucion.com.ar\/web\/#organization\",\"name\":\"PERFORMANCE LUBE\",\"url\":\"https:\/\/pldistribucion.com.ar\/web\/\",\"logo\":{\"@type\":\"ImageObject\",\"inLanguage\":\"es\",\"@id\":\"https:\/\/pldistribucion.com.ar\/web\/#\/schema\/logo\/image\/\",\"url\":\"https:\/\/pldistribucion.com.ar\/web\/wp-content\/uploads\/pld_logo_GB-removebg-preview.png\",\"contentUrl\":\"https:\/\/pldistribucion.com.ar\/web\/wp-content\/uploads\/pld_logo_GB-removebg-preview.png\",\"width\":787,\"height\":317,\"caption\":\"PERFORMANCE LUBE\"},\"image\":{\"@id\":\"https:\/\/pldistribucion.com.ar\/web\/#\/schema\/logo\/image\/\"}}]}<\/script>\n<!-- \/ Yoast SEO plugin. -->","yoast_head_json":{"title":"MOBIL SUPER 1000 10W-30 y 20W-50 - Perfomance Lube -Lubricantes","description":"Distribuidor de lubricantes MOBIL de diferentes aplicaciones. Env\u00edos a todo el pa\u00eds. Variedad de productos y stock disponible.","robots":{"index":"index","follow":"follow","max-snippet":"max-snippet:-1","max-image-preview":"max-image-preview:large","max-video-preview":"max-video-preview:-1"},"canonical":"https:\/\/pldistribucion.com.ar\/web\/producto\/mobil-super-1000-10w-30-y-20w-50\/","og_locale":"es_ES","og_type":"article","og_title":"MOBIL SUPER 1000 10W-30 y 20W-50 - Perfomance Lube -Lubricantes","og_description":"Distribuidor de lubricantes MOBIL de diferentes aplicaciones. Env\u00edos a todo el pa\u00eds. Variedad de productos y stock disponible.","og_url":"https:\/\/pldistribucion.com.ar\/web\/producto\/mobil-super-1000-10w-30-y-20w-50\/","og_site_name":"Perfomance Lube","article_modified_time":"2023-01-31T12:39:45+00:00","og_image":[{"width":532,"height":1024,"url":"https:\/\/pldistribucion.com.ar\/web\/wp-content\/uploads\/Economy_MOB_Mineral_10W30_SN_CF_1L_v1_flat-532x1024.png","type":"image\/png"}],"twitter_card":"summary_large_image","twitter_misc":{"Tiempo de lectura":"2 minutos"},"schema":{"@context":"https:\/\/schema.org","@graph":[{"@type":"WebPage","@id":"https:\/\/pldistribucion.com.ar\/web\/producto\/mobil-super-1000-10w-30-y-20w-50\/","url":"https:\/\/pldistribucion.com.ar\/web\/producto\/mobil-super-1000-10w-30-y-20w-50\/","name":"MOBIL SUPER 1000 10W-30 y 20W-50 - Perfomance Lube -Lubricantes","isPartOf":{"@id":"https:\/\/pldistribucion.com.ar\/web\/#website"},"datePublished":"2021-03-25T14:58:19+00:00","dateModified":"2023-01-31T12:39:45+00:00","description":"Distribuidor de lubricantes MOBIL de diferentes aplicaciones. Env\u00edos a todo el pa\u00eds. Variedad de productos y stock disponible.","breadcrumb":{"@id":"https:\/\/pldistribucion.com.ar\/web\/producto\/mobil-super-1000-10w-30-y-20w-50\/#breadcrumb"},"inLanguage":"es","potentialAction":[{"@type":"ReadAction","target":["https:\/\/pldistribucion.com.ar\/web\/producto\/mobil-super-1000-10w-30-y-20w-50\/"]}]},{"@type":"BreadcrumbList","@id":"https:\/\/pldistribucion.com.ar\/web\/producto\/mobil-super-1000-10w-30-y-20w-50\/#breadcrumb","itemListElement":[{"@type":"ListItem","position":1,"name":"Portada","item":"https:\/\/pldistribucion.com.ar\/web\/"},{"@type":"ListItem","position":2,"name":"Productos","item":"https:\/\/pldistribucion.com.ar\/web\/productos\/"},{"@type":"ListItem","position":3,"name":"MOBIL SUPER 1000 10W-30 y 20W-50"}]},{"@type":"WebSite","@id":"https:\/\/pldistribucion.com.ar\/web\/#website","url":"https:\/\/pldistribucion.com.ar\/web\/","name":"Perfomance Lube","description":"","publisher":{"@id":"https:\/\/pldistribucion.com.ar\/web\/#organization"},"potentialAction":[{"@type":"SearchAction","target":{"@type":"EntryPoint","urlTemplate":"https:\/\/pldistribucion.com.ar\/web\/?s={search_term_string}"},"query-input":"required name=search_term_string"}],"inLanguage":"es"},{"@type":"Organization","@id":"https:\/\/pldistribucion.com.ar\/web\/#organization","name":"PERFORMANCE LUBE","url":"https:\/\/pldistribucion.com.ar\/web\/","logo":{"@type":"ImageObject","inLanguage":"es","@id":"https:\/\/pldistribucion.com.ar\/web\/#\/schema\/logo\/image\/","url":"https:\/\/pldistribucion.com.ar\/web\/wp-content\/uploads\/pld_logo_GB-removebg-preview.png","contentUrl":"https:\/\/pldistribucion.com.ar\/web\/wp-content\/uploads\/pld_logo_GB-removebg-preview.png","width":787,"height":317,"caption":"PERFORMANCE LUBE"},"image":{"@id":"https:\/\/pldistribucion.com.ar\/web\/#\/schema\/logo\/image\/"}}]}},"_links":{"self":[{"href":"https:\/\/pldistribucion.com.ar\/web\/wp-json\/wp\/v2\/product\/1167"}],"collection":[{"href":"https:\/\/pldistribucion.com.ar\/web\/wp-json\/wp\/v2\/product"}],"about":[{"href":"https:\/\/pldistribucion.com.ar\/web\/wp-json\/wp\/v2\/types\/product"}],"replies":[{"embeddable":true,"href":"https:\/\/pldistribucion.com.ar\/web\/wp-json\/wp\/v2\/comments?post=1167"}],"wp:attachment":[{"href":"https:\/\/pldistribucion.com.ar\/web\/wp-json\/wp\/v2\/media?parent=1167"}],"wp:term":[{"taxonomy":"product_cat","embeddable":true,"href":"https:\/\/pldistribucion.com.ar\/web\/wp-json\/wp\/v2\/product_cat?post=1167"},{"taxonomy":"product_tag","embeddable":true,"href":"https:\/\/pldistribucion.com.ar\/web\/wp-json\/wp\/v2\/product_tag?post=1167"}],"curies":[{"name":"wp","href":"https:\/\/api.w.org\/{rel}","templated":true}]}}