{"id":1162,"date":"2021-03-25T14:42:10","date_gmt":"2021-03-25T14:42:10","guid":{"rendered":"https:\/\/pldistribucion.com.ar\/web\/?post_type=product&#038;p=1162"},"modified":"2022-04-20T12:10:33","modified_gmt":"2022-04-20T12:10:33","slug":"mobil-1-syn-gear-lube-ls-75w-140","status":"publish","type":"product","link":"https:\/\/pldistribucion.com.ar\/web\/producto\/mobil-1-syn-gear-lube-ls-75w-140\/","title":{"rendered":"MOBIL 1 SYN GEAR LUBE LS 75W-140"},"content":{"rendered":"<h1><span style=\"font-size: 80%;\"><em><strong>MOBIL 1 SYN GEAR LUBE LS 75W-140<\/strong><\/em><\/span><\/h1>\n<h3><span style=\"font-size: 80%; background-color: #ddb4e0;\"><em><strong>DESCRIPCI\u00d3N DEL PRODUCTO<\/strong><\/em><\/span><\/h3>\n<p><span style=\"color: #000000;\">MOBIL 1 SYN GEAR LUBE LS 75W-140 es un lubricante de engranajes automotrices multiusos, sint\u00e9tico y de alto rendimiento dise\u00f1ado para ayudar a cumplir con los requisitos de rendimiento de m\u00e1s alto nivel de muchos veh\u00edculos de pasajeros modernos en todo tipo de condiciones de operaci\u00f3n, desde leves hasta severas, incluidas las aplicaciones de deslizamiento limitado. Adem\u00e1s, ofrece un rendimiento de transferencia de potencia excepcional.<\/span><\/p>\n<p><span style=\"color: #000000;\"> En comparaci\u00f3n con los lubricantes convencionales para engranajes hipoidales, Mobil 1 Syn Gear Lube LS 75W-140 se desempe\u00f1a excepcionalmente en un amplio rango de temperaturas. Mobil 1 Syn Gear Lube LS 75W-140 logra esto a trav\u00e9s de una combinaci\u00f3n exclusiva de aceites base sint\u00e9ticos y un sistema de aditivos equilibrado con precisi\u00f3n. Este ayuda a brindar propiedades optimizadas de viscosidad-temperatura junto con el m\u00e1s alto nivel de estabilidad inherente de la formulaci\u00f3n. Tambi\u00e9n ayuda a proteger contra la degradaci\u00f3n t\u00e9rmica y oxidativa.<\/span><\/p>\n<h3><span style=\"font-size: 80%; background-color: #ddb4e0;\"><em><strong>CARACTER\u00cdSTICAS<\/strong><\/em><\/span><span style=\"font-size: 80%; background-color: #ddb4e0;\"><em><strong>\u00a0Y BENEFICIOS<\/strong><\/em><\/span><\/h3>\n<p><span style=\"color: #000000;\">Este producto combina aceites base de hidrocarburo sintetizado sin cera y un sistema de aditivos de azufre-f\u00f3sforo de extrema presi\u00f3n y deslizamiento limitado especialmente dise\u00f1ado para ayudar a proporcionar un nivel significativamente m\u00e1s alto de rendimiento en los ejes traseros y diferenciales en comparaci\u00f3n con los convencionales fluidos Mayor resistencia de la pel\u00edcula a temperaturas de funcionamiento m\u00e1s altas, menor fricci\u00f3n del fluido y ventajas significativas frente a las formulaciones de aceite mineral convencionales. Ayuda a reducir el desgaste y el desprendimiento en condiciones de alta velocidad,alta torsi\u00f3n y alta potencia en muchos veh\u00edculos utilitarios deportivos, furgonetas, camionetas y autom\u00f3viles.<\/span><\/p>\n<p><span style=\"color: #000000;\"> Este exclusivo lubricante de alta tecnolog\u00eda para engranajes de transmisi\u00f3n final ha demostrado un rendimiento sobresaliente que incluye retenci\u00f3n de fricci\u00f3n a largo plazo, excelente estabilidad de la viscosidad y mayor durabilidad y limpieza del eje\/diferencial.<\/span><\/p>\n<p><strong><em> Las caracter\u00edsticas clave y los beneficios potenciales incluyen:<\/em><\/strong><\/p>\n<p><span style=\"color: #000000;\">Excepcional estabilidad t\u00e9rmica y resistencia a la oxidaci\u00f3n a alta temperatura:<\/span><\/p>\n<ul>\n<li><span style=\"color: #000000;\">Ayuda a prolongar la vida \u00fatil de los engranajes y cojinetes debido a los dep\u00f3sitos m\u00ednimos.<\/span><\/li>\n<li><span style=\"color: #000000;\">Larga vida \u00fatil del sello.<\/span><\/li>\n<li><span style=\"color: #000000;\">Posibles intervalos extendidos de servicio\/drenaje de aceite.<\/span><\/li>\n<li><span style=\"color: #000000;\">Excelente protecci\u00f3n contra el desgaste a baja velocidad\/alta torsi\u00f3n y contra el rayado a alta velocidad.<\/span><\/li>\n<li><span style=\"color: #000000;\">Estabilidad al corte excepcional.<\/span><\/li>\n<li><span style=\"color: #000000;\">Excelente protecci\u00f3n contra la herrumbre, las manchas y la corrosi\u00f3n del cobre y sus aleaciones.<\/span><\/li>\n<li><span style=\"color: #000000;\">Propiedades de fricci\u00f3n mejoradas.<\/span><\/li>\n<li><span style=\"color: #000000;\">Excelente fluidez a baja temperatura en comparaci\u00f3n con los aceites minerales.<\/span><\/li>\n<\/ul>\n<h3><span style=\"font-size: 80%; background-color: #ddb4e0;\"><em><strong>APLICACIONES<\/strong><\/em><\/span><\/h3>\n<p><span style=\"color: #000000;\">Se recomienda para su uso en veh\u00edculos modernos de alto rendimiento como veh\u00edculos deportivos utilitarios, furgonetas y camiones ligeros que requieren un rendimiento API GL-5 que requieren una excelente durabilidad.<\/span><\/p>\n<p><span style=\"color: #000000;\">Est\u00e1 dise\u00f1ado para el llenado inicial, el tope o el llenado de diferenciales, mandos finales, cajas de transferencia y otras aplicaciones de engranajes donde se utilizan lubricantes que cumplen con API Service GL-5 y lubricantes de engranajes EP suaves o de usos m\u00faltiples. recomendado.<\/span><\/p>\n<p><span style=\"color: #000000;\">Tambi\u00e9n se puede usar en ejes traseros donde se recomienda el lubricante API Service GL-4.<\/span><\/p>\n<p><span style=\"color: #000000;\">No recomendado para transmisiones autom\u00e1ticas, manuales o semiautom\u00e1ticas para las que se recomiendan aceite de motor o l\u00edquidos de transmisi\u00f3n autom\u00e1tica. Pero si es recomendado para muchas aplicaciones de deslizamiento limitado. Para ciertas aplicaciones LS de alto nivel, es posible que se requiera un aditivo de deslizamiento limitado adicional si se observa vibraci\u00f3n en el eje.<\/span><\/p>\n<p><span style=\"color: #0000ff;\"><strong><a style=\"color: #0000ff;\" href=\"https:\/\/www.mobil.com\/en-us\/passenger-vehicle-lube\/pds\/gl-xx-mobil-1-syn-gear-lube-ls-75w140\">Ver ficha t\u00e9cnica<\/a><\/strong><\/span><\/p>\n<p><span style=\"color: #0000ff;\"><strong><a style=\"color: #0000ff;\" href=\"https:\/\/pldistribucion.com.ar\/web\/categoria-producto\/lubricantes\/?filter_marcas=mobil\">Ver m\u00e1s productos MOBIL<\/a><\/strong><\/span><\/p>\n<p><span style=\"color: #000000;\">( Esta compa\u00f1\u00eda fue fundada en 1870 bajo el nombre de Standard Oil Company por el estadounidense John D. Rockefeller, tomando en 1920 como registro el nombre comercial de \u201cMobiloil\u201d. Debido a esto, el logo de la marca tambi\u00e9n evoluciona y en 1955, se adopta la marca denominativa \u201c<strong>Mobil<\/strong>\u201d, que se coloc\u00f3 dentro de una forma de escudo y desde este tiempo se ha mantenido el esquema de su color caracter\u00edstico en rojo y azul. Desde autom\u00f3viles, motos y camiones hasta aviones y cohetes espaciales: Mobil mueve la industria, la econom\u00eda y los l\u00edmites&#8230;)<\/span><\/p>\n<p><strong><span style=\"color: #0000ff;\"><a style=\"color: #0000ff;\" href=\"https:\/\/www.mobil.com\/en\/\" target=\"_blank\" rel=\"noopener\">Conoce m\u00e1s sobre MOBIL<\/a><\/span><\/strong><\/p>\n","protected":false},"excerpt":{"rendered":"<p><img loading=\"lazy\" decoding=\"async\" class=\"alignnone size-medium wp-image-259\" src=\"https:\/\/pldistribucion.com.ar\/web\/wp-content\/uploads\/Mobil_logo-300x300.jpg\" alt=\"\" width=\"300\" height=\"300\" \/><\/p>\n<h1>Lubricantes MOBIL<\/h1>\n<p><strong>Mobil<\/strong> tiene una l\u00ednea de lubricantes exclusivas para cada segmento de operaci\u00f3n que cumple con las especificaciones mas diversas del mercado, ya sea con Mobil Delvac \u2122 para camiones pesados y livianos, Mobil Super \u2122 para autom\u00f3viles, Mobil Super Moto \u2122 para motos, y Mobil \u2122 para industrias, generamos movimiento para todo tipo de veh\u00edculos y motores.<\/p>\n","protected":false},"featured_media":1163,"comment_status":"open","ping_status":"closed","template":"","meta":[],"product_cat":[16,35],"product_tag":[],"yoast_head":"<!-- This site is optimized with the Yoast SEO plugin v23.0 - https:\/\/yoast.com\/wordpress\/plugins\/seo\/ -->\n<title>MOBIL 1 SYN GEAR LUBE LS 75W-140 - Perfomance Lube -Lubricantes<\/title>\n<meta name=\"description\" content=\"Distribuidor de lubricantes MOBIL de diferentes aplicaciones. Env\u00edos a todo el pa\u00eds. Variedad de productos y stock disponible.\" \/>\n<meta name=\"robots\" content=\"index, follow, max-snippet:-1, max-image-preview:large, max-video-preview:-1\" \/>\n<link rel=\"canonical\" href=\"https:\/\/pldistribucion.com.ar\/web\/producto\/mobil-1-syn-gear-lube-ls-75w-140\/\" \/>\n<meta property=\"og:locale\" content=\"es_ES\" \/>\n<meta property=\"og:type\" content=\"article\" \/>\n<meta property=\"og:title\" content=\"MOBIL 1 SYN GEAR LUBE LS 75W-140 - Perfomance Lube -Lubricantes\" \/>\n<meta property=\"og:description\" content=\"Distribuidor de lubricantes MOBIL de diferentes aplicaciones. Env\u00edos a todo el pa\u00eds. Variedad de productos y stock disponible.\" \/>\n<meta property=\"og:url\" content=\"https:\/\/pldistribucion.com.ar\/web\/producto\/mobil-1-syn-gear-lube-ls-75w-140\/\" \/>\n<meta property=\"og:site_name\" content=\"Perfomance Lube\" \/>\n<meta property=\"article:modified_time\" content=\"2022-04-20T12:10:33+00:00\" \/>\n<meta property=\"og:image\" content=\"https:\/\/pldistribucion.com.ar\/web\/wp-content\/uploads\/F143981733.jpg\" \/>\n\t<meta property=\"og:image:width\" content=\"450\" \/>\n\t<meta property=\"og:image:height\" content=\"450\" \/>\n\t<meta property=\"og:image:type\" content=\"image\/jpeg\" \/>\n<meta name=\"twitter:card\" content=\"summary_large_image\" \/>\n<meta name=\"twitter:label1\" content=\"Tiempo de lectura\" \/>\n\t<meta name=\"twitter:data1\" content=\"4 minutos\" \/>\n<script type=\"application\/ld+json\" class=\"yoast-schema-graph\">{\"@context\":\"https:\/\/schema.org\",\"@graph\":[{\"@type\":\"WebPage\",\"@id\":\"https:\/\/pldistribucion.com.ar\/web\/producto\/mobil-1-syn-gear-lube-ls-75w-140\/\",\"url\":\"https:\/\/pldistribucion.com.ar\/web\/producto\/mobil-1-syn-gear-lube-ls-75w-140\/\",\"name\":\"MOBIL 1 SYN GEAR LUBE LS 75W-140 - Perfomance Lube -Lubricantes\",\"isPartOf\":{\"@id\":\"https:\/\/pldistribucion.com.ar\/web\/#website\"},\"primaryImageOfPage\":{\"@id\":\"https:\/\/pldistribucion.com.ar\/web\/producto\/mobil-1-syn-gear-lube-ls-75w-140\/#primaryimage\"},\"image\":{\"@id\":\"https:\/\/pldistribucion.com.ar\/web\/producto\/mobil-1-syn-gear-lube-ls-75w-140\/#primaryimage\"},\"thumbnailUrl\":\"https:\/\/pldistribucion.com.ar\/web\/wp-content\/uploads\/F143981733.jpg\",\"datePublished\":\"2021-03-25T14:42:10+00:00\",\"dateModified\":\"2022-04-20T12:10:33+00:00\",\"description\":\"Distribuidor de lubricantes MOBIL de diferentes aplicaciones. Env\u00edos a todo el pa\u00eds. Variedad de productos y stock disponible.\",\"breadcrumb\":{\"@id\":\"https:\/\/pldistribucion.com.ar\/web\/producto\/mobil-1-syn-gear-lube-ls-75w-140\/#breadcrumb\"},\"inLanguage\":\"es\",\"potentialAction\":[{\"@type\":\"ReadAction\",\"target\":[\"https:\/\/pldistribucion.com.ar\/web\/producto\/mobil-1-syn-gear-lube-ls-75w-140\/\"]}]},{\"@type\":\"ImageObject\",\"inLanguage\":\"es\",\"@id\":\"https:\/\/pldistribucion.com.ar\/web\/producto\/mobil-1-syn-gear-lube-ls-75w-140\/#primaryimage\",\"url\":\"https:\/\/pldistribucion.com.ar\/web\/wp-content\/uploads\/F143981733.jpg\",\"contentUrl\":\"https:\/\/pldistribucion.com.ar\/web\/wp-content\/uploads\/F143981733.jpg\",\"width\":450,\"height\":450,\"caption\":\"MOBIL 1 SYN GEAR LUBE LS 75W-140\"},{\"@type\":\"BreadcrumbList\",\"@id\":\"https:\/\/pldistribucion.com.ar\/web\/producto\/mobil-1-syn-gear-lube-ls-75w-140\/#breadcrumb\",\"itemListElement\":[{\"@type\":\"ListItem\",\"position\":1,\"name\":\"Portada\",\"item\":\"https:\/\/pldistribucion.com.ar\/web\/\"},{\"@type\":\"ListItem\",\"position\":2,\"name\":\"Productos\",\"item\":\"https:\/\/pldistribucion.com.ar\/web\/productos\/\"},{\"@type\":\"ListItem\",\"position\":3,\"name\":\"MOBIL 1 SYN GEAR LUBE LS 75W-140\"}]},{\"@type\":\"WebSite\",\"@id\":\"https:\/\/pldistribucion.com.ar\/web\/#website\",\"url\":\"https:\/\/pldistribucion.com.ar\/web\/\",\"name\":\"Perfomance Lube\",\"description\":\"\",\"publisher\":{\"@id\":\"https:\/\/pldistribucion.com.ar\/web\/#organization\"},\"potentialAction\":[{\"@type\":\"SearchAction\",\"target\":{\"@type\":\"EntryPoint\",\"urlTemplate\":\"https:\/\/pldistribucion.com.ar\/web\/?s={search_term_string}\"},\"query-input\":\"required name=search_term_string\"}],\"inLanguage\":\"es\"},{\"@type\":\"Organization\",\"@id\":\"https:\/\/pldistribucion.com.ar\/web\/#organization\",\"name\":\"PERFORMANCE LUBE\",\"url\":\"https:\/\/pldistribucion.com.ar\/web\/\",\"logo\":{\"@type\":\"ImageObject\",\"inLanguage\":\"es\",\"@id\":\"https:\/\/pldistribucion.com.ar\/web\/#\/schema\/logo\/image\/\",\"url\":\"https:\/\/pldistribucion.com.ar\/web\/wp-content\/uploads\/pld_logo_GB-removebg-preview.png\",\"contentUrl\":\"https:\/\/pldistribucion.com.ar\/web\/wp-content\/uploads\/pld_logo_GB-removebg-preview.png\",\"width\":787,\"height\":317,\"caption\":\"PERFORMANCE LUBE\"},\"image\":{\"@id\":\"https:\/\/pldistribucion.com.ar\/web\/#\/schema\/logo\/image\/\"}}]}<\/script>\n<!-- \/ Yoast SEO plugin. -->","yoast_head_json":{"title":"MOBIL 1 SYN GEAR LUBE LS 75W-140 - Perfomance Lube -Lubricantes","description":"Distribuidor de lubricantes MOBIL de diferentes aplicaciones. Env\u00edos a todo el pa\u00eds. Variedad de productos y stock disponible.","robots":{"index":"index","follow":"follow","max-snippet":"max-snippet:-1","max-image-preview":"max-image-preview:large","max-video-preview":"max-video-preview:-1"},"canonical":"https:\/\/pldistribucion.com.ar\/web\/producto\/mobil-1-syn-gear-lube-ls-75w-140\/","og_locale":"es_ES","og_type":"article","og_title":"MOBIL 1 SYN GEAR LUBE LS 75W-140 - Perfomance Lube -Lubricantes","og_description":"Distribuidor de lubricantes MOBIL de diferentes aplicaciones. Env\u00edos a todo el pa\u00eds. Variedad de productos y stock disponible.","og_url":"https:\/\/pldistribucion.com.ar\/web\/producto\/mobil-1-syn-gear-lube-ls-75w-140\/","og_site_name":"Perfomance Lube","article_modified_time":"2022-04-20T12:10:33+00:00","og_image":[{"width":450,"height":450,"url":"https:\/\/pldistribucion.com.ar\/web\/wp-content\/uploads\/F143981733.jpg","type":"image\/jpeg"}],"twitter_card":"summary_large_image","twitter_misc":{"Tiempo de lectura":"4 minutos"},"schema":{"@context":"https:\/\/schema.org","@graph":[{"@type":"WebPage","@id":"https:\/\/pldistribucion.com.ar\/web\/producto\/mobil-1-syn-gear-lube-ls-75w-140\/","url":"https:\/\/pldistribucion.com.ar\/web\/producto\/mobil-1-syn-gear-lube-ls-75w-140\/","name":"MOBIL 1 SYN GEAR LUBE LS 75W-140 - Perfomance Lube -Lubricantes","isPartOf":{"@id":"https:\/\/pldistribucion.com.ar\/web\/#website"},"primaryImageOfPage":{"@id":"https:\/\/pldistribucion.com.ar\/web\/producto\/mobil-1-syn-gear-lube-ls-75w-140\/#primaryimage"},"image":{"@id":"https:\/\/pldistribucion.com.ar\/web\/producto\/mobil-1-syn-gear-lube-ls-75w-140\/#primaryimage"},"thumbnailUrl":"https:\/\/pldistribucion.com.ar\/web\/wp-content\/uploads\/F143981733.jpg","datePublished":"2021-03-25T14:42:10+00:00","dateModified":"2022-04-20T12:10:33+00:00","description":"Distribuidor de lubricantes MOBIL de diferentes aplicaciones. Env\u00edos a todo el pa\u00eds. Variedad de productos y stock disponible.","breadcrumb":{"@id":"https:\/\/pldistribucion.com.ar\/web\/producto\/mobil-1-syn-gear-lube-ls-75w-140\/#breadcrumb"},"inLanguage":"es","potentialAction":[{"@type":"ReadAction","target":["https:\/\/pldistribucion.com.ar\/web\/producto\/mobil-1-syn-gear-lube-ls-75w-140\/"]}]},{"@type":"ImageObject","inLanguage":"es","@id":"https:\/\/pldistribucion.com.ar\/web\/producto\/mobil-1-syn-gear-lube-ls-75w-140\/#primaryimage","url":"https:\/\/pldistribucion.com.ar\/web\/wp-content\/uploads\/F143981733.jpg","contentUrl":"https:\/\/pldistribucion.com.ar\/web\/wp-content\/uploads\/F143981733.jpg","width":450,"height":450,"caption":"MOBIL 1 SYN GEAR LUBE LS 75W-140"},{"@type":"BreadcrumbList","@id":"https:\/\/pldistribucion.com.ar\/web\/producto\/mobil-1-syn-gear-lube-ls-75w-140\/#breadcrumb","itemListElement":[{"@type":"ListItem","position":1,"name":"Portada","item":"https:\/\/pldistribucion.com.ar\/web\/"},{"@type":"ListItem","position":2,"name":"Productos","item":"https:\/\/pldistribucion.com.ar\/web\/productos\/"},{"@type":"ListItem","position":3,"name":"MOBIL 1 SYN GEAR LUBE LS 75W-140"}]},{"@type":"WebSite","@id":"https:\/\/pldistribucion.com.ar\/web\/#website","url":"https:\/\/pldistribucion.com.ar\/web\/","name":"Perfomance Lube","description":"","publisher":{"@id":"https:\/\/pldistribucion.com.ar\/web\/#organization"},"potentialAction":[{"@type":"SearchAction","target":{"@type":"EntryPoint","urlTemplate":"https:\/\/pldistribucion.com.ar\/web\/?s={search_term_string}"},"query-input":"required name=search_term_string"}],"inLanguage":"es"},{"@type":"Organization","@id":"https:\/\/pldistribucion.com.ar\/web\/#organization","name":"PERFORMANCE LUBE","url":"https:\/\/pldistribucion.com.ar\/web\/","logo":{"@type":"ImageObject","inLanguage":"es","@id":"https:\/\/pldistribucion.com.ar\/web\/#\/schema\/logo\/image\/","url":"https:\/\/pldistribucion.com.ar\/web\/wp-content\/uploads\/pld_logo_GB-removebg-preview.png","contentUrl":"https:\/\/pldistribucion.com.ar\/web\/wp-content\/uploads\/pld_logo_GB-removebg-preview.png","width":787,"height":317,"caption":"PERFORMANCE LUBE"},"image":{"@id":"https:\/\/pldistribucion.com.ar\/web\/#\/schema\/logo\/image\/"}}]}},"_links":{"self":[{"href":"https:\/\/pldistribucion.com.ar\/web\/wp-json\/wp\/v2\/product\/1162"}],"collection":[{"href":"https:\/\/pldistribucion.com.ar\/web\/wp-json\/wp\/v2\/product"}],"about":[{"href":"https:\/\/pldistribucion.com.ar\/web\/wp-json\/wp\/v2\/types\/product"}],"replies":[{"embeddable":true,"href":"https:\/\/pldistribucion.com.ar\/web\/wp-json\/wp\/v2\/comments?post=1162"}],"wp:featuredmedia":[{"embeddable":true,"href":"https:\/\/pldistribucion.com.ar\/web\/wp-json\/wp\/v2\/media\/1163"}],"wp:attachment":[{"href":"https:\/\/pldistribucion.com.ar\/web\/wp-json\/wp\/v2\/media?parent=1162"}],"wp:term":[{"taxonomy":"product_cat","embeddable":true,"href":"https:\/\/pldistribucion.com.ar\/web\/wp-json\/wp\/v2\/product_cat?post=1162"},{"taxonomy":"product_tag","embeddable":true,"href":"https:\/\/pldistribucion.com.ar\/web\/wp-json\/wp\/v2\/product_tag?post=1162"}],"curies":[{"name":"wp","href":"https:\/\/api.w.org\/{rel}","templated":true}]}}