{"id":1067,"date":"2021-02-04T16:20:07","date_gmt":"2021-02-04T16:20:07","guid":{"rendered":"https:\/\/pldistribucion.com.ar\/web\/?post_type=product&#038;p=1067"},"modified":"2023-07-04T14:55:34","modified_gmt":"2023-07-04T14:55:34","slug":"puma-gear-oil-4-80w","status":"publish","type":"product","link":"https:\/\/pldistribucion.com.ar\/web\/producto\/puma-gear-oil-4-80w\/","title":{"rendered":"PUMA GEAR OIL 4 80W"},"content":{"rendered":"<h1><strong><span style=\"font-size: 80%;\">PUMA GEAR OIL 4 80W &#8211; Aceite de transmisi\u00f3n.<\/span><\/strong><\/h1>\n<h3><span style=\"font-size: 80%; color: #f99b1c;\"><strong>DESCRIPCI\u00d3N: <span style=\"color: #000080;\"><a style=\"color: #000080;\" href=\"https:\/\/pldistribucion.com.ar\/web\/wp-content\/uploads\/PUMA-Gear-Oil-4.pdf\" target=\"_blank\" rel=\"noopener\">Ver ficha t\u00e9cnica<\/a><\/span><\/strong><\/span><\/h3>\n<p><span style=\"color: #000000;\">PUMA GEAR OIL 4 80W es un aceite para engranajes de alto rendimiento dise\u00f1ado para su uso en una amplia gama de aplicaciones, incluidas transmisiones manuales, diferenciales y cajas de transferencia. Es un aceite sint\u00e9tico que ha sido especialmente formulado para brindar una protecci\u00f3n superior contra el desgaste, la corrosi\u00f3n y la oxidaci\u00f3n.\u00a0Tambi\u00e9n tiene una excelente estabilidad t\u00e9rmica y baja volatilidad, lo que significa que puede soportar altas temperaturas y resistir la evaporaci\u00f3n.<\/span><\/p>\n<h3><span style=\"font-size: 80%; color: #f99b1c;\"><strong>CARACTER\u00cdSTICAS:<\/strong><\/span><\/h3>\n<p><span style=\"color: #000000;\">Tiene un alto \u00edndice de viscosidad, lo que significa que mantiene su viscosidad en un amplio rango de temperaturas. Esto ayuda a garantizar que el aceite proporcione la lubricaci\u00f3n y protecci\u00f3n adecuadas a los engranajes en condiciones de clima fr\u00edo y c\u00e1lido. El aceite tambi\u00e9n tiene una pel\u00edcula de alta resistencia, lo que significa que forma una pel\u00edcula fuerte entre los engranajes para ayudar a prevenir el desgaste.<\/span><\/p>\n<h3><span style=\"font-size: 80%; color: #f99b1c;\"><strong>APLICACIONES:<\/strong><\/span><\/h3>\n<p><span style=\"color: #000000;\">Se recomienda para su uso en una amplia gama de aplicaciones, que incluyen:<\/span><\/p>\n<ul>\n<li style=\"list-style-type: none;\">\n<ul>\n<li><span style=\"color: #000000;\">Transmisiones manuales.<\/span><\/li>\n<li><span style=\"color: #000000;\">diferenciales.<\/span><\/li>\n<li><span style=\"color: #000000;\">Cajas de transferencia.<\/span><\/li>\n<li><span style=\"color: #000000;\">Veh\u00edculos todo terreno.<\/span><\/li>\n<li><span style=\"color: #000000;\">Equipos de construcci\u00f3n.<\/span><\/li>\n<li><span style=\"color: #000000;\">maquinaria pesada.<\/span><\/li>\n<\/ul>\n<\/li>\n<\/ul>\n<p><span style=\"color: #000000;\">Aqu\u00ed hay informaci\u00f3n adicional sobre Puma Gear Oil 4 80W:<\/span><\/p>\n<ul>\n<li style=\"list-style-type: none;\">\n<ul>\n<li style=\"list-style-type: none;\">\n<ul>\n<li><span style=\"color: #000000;\">Est\u00e1 elaborado con aceites base sint\u00e9ticos y aditivos avanzados.<\/span><\/li>\n<li><span style=\"color: #000000;\">Certificado por el Instituto Americano del Petr\u00f3leo (API) y el Comit\u00e9 Internacional de Aprobaci\u00f3n y Estandarizaci\u00f3n de Lubricantes (ILSAC).<\/span><\/li>\n<li><span style=\"color: #000000;\">Tiene un alto nivel de satisfacci\u00f3n de los clientes, seg\u00fan encuestas independientes.<\/span><\/li>\n<\/ul>\n<\/li>\n<\/ul>\n<\/li>\n<\/ul>\n<hr \/>\n<p><span style=\"color: #000080;\"><strong><a style=\"color: #000080;\" href=\"https:\/\/pldistribucion.com.ar\/web\/categoria-producto\/lubricantes\/?filter_marcas=puma\">Ver m\u00e1s productos PUMA<\/a><\/strong><\/span><\/p>\n<hr \/>\n<p>(Puma es una marca de renombre mundial con una rica historia en la industria del calzado, la moda y los deportes. Fundada en 1948 en Alemania, se ha destacado por su innovaci\u00f3n, dise\u00f1o y calidad en sus productos. A lo largo de los a\u00f1os, Puma ha colaborado con reconocidos atletas y equipos deportivos, estableci\u00e9ndose como una marca ic\u00f3nica en el mundo del deporte. Su enfoque en la moda urbana y el estilo de vida activo ha hecho de Puma una opci\u00f3n popular entre personas de todas las edades&#8230;)<\/p>\n<p>&nbsp;<\/p>\n","protected":false},"excerpt":{"rendered":"<p><img loading=\"lazy\" decoding=\"async\" class=\"wp-image-1025 alignleft\" src=\"https:\/\/pldistribucion.com.ar\/web\/wp-content\/uploads\/aceite-lubricante-puma-advanced-5w30-x4lts-D_NQ_NP_666377-MLA31646896362_072019-F-300x142.jpg\" alt=\"\" width=\"232\" height=\"110\" srcset=\"https:\/\/pldistribucion.com.ar\/web\/wp-content\/uploads\/aceite-lubricante-puma-advanced-5w30-x4lts-D_NQ_NP_666377-MLA31646896362_072019-F-300x142.jpg 300w, https:\/\/pldistribucion.com.ar\/web\/wp-content\/uploads\/aceite-lubricante-puma-advanced-5w30-x4lts-D_NQ_NP_666377-MLA31646896362_072019-F-768x363.jpg 768w, https:\/\/pldistribucion.com.ar\/web\/wp-content\/uploads\/aceite-lubricante-puma-advanced-5w30-x4lts-D_NQ_NP_666377-MLA31646896362_072019-F-600x283.jpg 600w, https:\/\/pldistribucion.com.ar\/web\/wp-content\/uploads\/aceite-lubricante-puma-advanced-5w30-x4lts-D_NQ_NP_666377-MLA31646896362_072019-F.jpg 944w\" sizes=\"(max-width: 232px) 100vw, 232px\" \/><\/p>\n<h2 style=\"text-align: left;\"><span style=\"font-size: 75%;\"><strong><a rel=\"noopener noreferrer\" href=\"https:\/\/performancelube.mercadoshops.com.ar\/listado\/accesorios-vehiculos\/#position=1&#038;search_layout=stack&#038;type=item&#038;tracking_id=bbc8064c-7b0a-4bdf-bbd3-38c8c93e73bd\" target=\"_blank\" class=\"button primary\"  >\n    <span>VER TIENDA ONLINE ?<\/span>\n  <\/a>\n<span style=\"color: #69314d;\">\u00a0<\/span><\/strong><strong>\u00a0<\/strong><\/span><\/h2>\n<p><strong>Disponible \u2013 Solicitar STOCK\u00a0<\/strong><strong>\u27a2 X20L \/ X200L<\/strong><\/p>\n<p>Puma es una reconocida marca que comercializa aceites lubricantes para una amplia variedad de aplicaciones. Abarcan desde aceites para autom\u00f3viles, camiones y maquinaria agr\u00edcola hasta aceites industriales para diversos equipos y maquinarias. Puma se destaca por ofrecer lubricantes de alta calidad que brindan protecci\u00f3n y rendimiento \u00f3ptimos en cada aplicaci\u00f3n.<\/p>\n<p>&nbsp;<\/p>\n","protected":false},"featured_media":6801,"comment_status":"open","ping_status":"closed","template":"","meta":[],"product_cat":[16,35,34],"product_tag":[],"yoast_head":"<!-- This site is optimized with the Yoast SEO plugin v23.0 - https:\/\/yoast.com\/wordpress\/plugins\/seo\/ -->\n<title>PUMA GEAR OIL 4 80W - Perfomance Lube - Lubricantes<\/title>\n<meta name=\"description\" content=\"Distribuidor de lubricantes PUMA, l\u00ednea ADVANCED de diferentes aplicaciones. Env\u00edos a todo el pa\u00eds. Variedad de productos y stock disponible.PUMA GEAR OIL 4 80W\" \/>\n<meta name=\"robots\" content=\"index, follow, max-snippet:-1, max-image-preview:large, max-video-preview:-1\" \/>\n<link rel=\"canonical\" href=\"https:\/\/pldistribucion.com.ar\/web\/producto\/puma-gear-oil-4-80w\/\" \/>\n<meta property=\"og:locale\" content=\"es_ES\" \/>\n<meta property=\"og:type\" content=\"article\" \/>\n<meta property=\"og:title\" content=\"PUMA GEAR OIL 4 80W - Perfomance Lube - Lubricantes\" \/>\n<meta property=\"og:description\" content=\"Distribuidor de lubricantes PUMA, l\u00ednea ADVANCED de diferentes aplicaciones. Env\u00edos a todo el pa\u00eds. Variedad de productos y stock disponible.PUMA GEAR OIL 4 80W\" \/>\n<meta property=\"og:url\" content=\"https:\/\/pldistribucion.com.ar\/web\/producto\/puma-gear-oil-4-80w\/\" \/>\n<meta property=\"og:site_name\" content=\"Perfomance Lube\" \/>\n<meta property=\"article:modified_time\" content=\"2023-07-04T14:55:34+00:00\" \/>\n<meta property=\"og:image\" content=\"https:\/\/pldistribucion.com.ar\/web\/wp-content\/uploads\/Copia-de-Diseno-sin-titulo-6.png\" \/>\n\t<meta property=\"og:image:width\" content=\"700\" \/>\n\t<meta property=\"og:image:height\" content=\"700\" \/>\n\t<meta property=\"og:image:type\" content=\"image\/png\" \/>\n<meta name=\"twitter:card\" content=\"summary_large_image\" \/>\n<meta name=\"twitter:label1\" content=\"Tiempo de lectura\" \/>\n\t<meta name=\"twitter:data1\" content=\"2 minutos\" \/>\n<script type=\"application\/ld+json\" class=\"yoast-schema-graph\">{\"@context\":\"https:\/\/schema.org\",\"@graph\":[{\"@type\":\"WebPage\",\"@id\":\"https:\/\/pldistribucion.com.ar\/web\/producto\/puma-gear-oil-4-80w\/\",\"url\":\"https:\/\/pldistribucion.com.ar\/web\/producto\/puma-gear-oil-4-80w\/\",\"name\":\"PUMA GEAR OIL 4 80W - Perfomance Lube - Lubricantes\",\"isPartOf\":{\"@id\":\"https:\/\/pldistribucion.com.ar\/web\/#website\"},\"primaryImageOfPage\":{\"@id\":\"https:\/\/pldistribucion.com.ar\/web\/producto\/puma-gear-oil-4-80w\/#primaryimage\"},\"image\":{\"@id\":\"https:\/\/pldistribucion.com.ar\/web\/producto\/puma-gear-oil-4-80w\/#primaryimage\"},\"thumbnailUrl\":\"https:\/\/pldistribucion.com.ar\/web\/wp-content\/uploads\/Copia-de-Diseno-sin-titulo-6.png\",\"datePublished\":\"2021-02-04T16:20:07+00:00\",\"dateModified\":\"2023-07-04T14:55:34+00:00\",\"description\":\"Distribuidor de lubricantes PUMA, l\u00ednea ADVANCED de diferentes aplicaciones. Env\u00edos a todo el pa\u00eds. Variedad de productos y stock disponible.PUMA GEAR OIL 4 80W\",\"breadcrumb\":{\"@id\":\"https:\/\/pldistribucion.com.ar\/web\/producto\/puma-gear-oil-4-80w\/#breadcrumb\"},\"inLanguage\":\"es\",\"potentialAction\":[{\"@type\":\"ReadAction\",\"target\":[\"https:\/\/pldistribucion.com.ar\/web\/producto\/puma-gear-oil-4-80w\/\"]}]},{\"@type\":\"ImageObject\",\"inLanguage\":\"es\",\"@id\":\"https:\/\/pldistribucion.com.ar\/web\/producto\/puma-gear-oil-4-80w\/#primaryimage\",\"url\":\"https:\/\/pldistribucion.com.ar\/web\/wp-content\/uploads\/Copia-de-Diseno-sin-titulo-6.png\",\"contentUrl\":\"https:\/\/pldistribucion.com.ar\/web\/wp-content\/uploads\/Copia-de-Diseno-sin-titulo-6.png\",\"width\":700,\"height\":700,\"caption\":\"PUMA GEAR OIL 4 80W\"},{\"@type\":\"BreadcrumbList\",\"@id\":\"https:\/\/pldistribucion.com.ar\/web\/producto\/puma-gear-oil-4-80w\/#breadcrumb\",\"itemListElement\":[{\"@type\":\"ListItem\",\"position\":1,\"name\":\"Portada\",\"item\":\"https:\/\/pldistribucion.com.ar\/web\/\"},{\"@type\":\"ListItem\",\"position\":2,\"name\":\"Productos\",\"item\":\"https:\/\/pldistribucion.com.ar\/web\/productos\/\"},{\"@type\":\"ListItem\",\"position\":3,\"name\":\"PUMA GEAR OIL 4 80W\"}]},{\"@type\":\"WebSite\",\"@id\":\"https:\/\/pldistribucion.com.ar\/web\/#website\",\"url\":\"https:\/\/pldistribucion.com.ar\/web\/\",\"name\":\"Perfomance Lube\",\"description\":\"\",\"publisher\":{\"@id\":\"https:\/\/pldistribucion.com.ar\/web\/#organization\"},\"potentialAction\":[{\"@type\":\"SearchAction\",\"target\":{\"@type\":\"EntryPoint\",\"urlTemplate\":\"https:\/\/pldistribucion.com.ar\/web\/?s={search_term_string}\"},\"query-input\":\"required name=search_term_string\"}],\"inLanguage\":\"es\"},{\"@type\":\"Organization\",\"@id\":\"https:\/\/pldistribucion.com.ar\/web\/#organization\",\"name\":\"PERFORMANCE LUBE\",\"url\":\"https:\/\/pldistribucion.com.ar\/web\/\",\"logo\":{\"@type\":\"ImageObject\",\"inLanguage\":\"es\",\"@id\":\"https:\/\/pldistribucion.com.ar\/web\/#\/schema\/logo\/image\/\",\"url\":\"https:\/\/pldistribucion.com.ar\/web\/wp-content\/uploads\/pld_logo_GB-removebg-preview.png\",\"contentUrl\":\"https:\/\/pldistribucion.com.ar\/web\/wp-content\/uploads\/pld_logo_GB-removebg-preview.png\",\"width\":787,\"height\":317,\"caption\":\"PERFORMANCE LUBE\"},\"image\":{\"@id\":\"https:\/\/pldistribucion.com.ar\/web\/#\/schema\/logo\/image\/\"}}]}<\/script>\n<!-- \/ Yoast SEO plugin. -->","yoast_head_json":{"title":"PUMA GEAR OIL 4 80W - Perfomance Lube - Lubricantes","description":"Distribuidor de lubricantes PUMA, l\u00ednea ADVANCED de diferentes aplicaciones. Env\u00edos a todo el pa\u00eds. Variedad de productos y stock disponible.PUMA GEAR OIL 4 80W","robots":{"index":"index","follow":"follow","max-snippet":"max-snippet:-1","max-image-preview":"max-image-preview:large","max-video-preview":"max-video-preview:-1"},"canonical":"https:\/\/pldistribucion.com.ar\/web\/producto\/puma-gear-oil-4-80w\/","og_locale":"es_ES","og_type":"article","og_title":"PUMA GEAR OIL 4 80W - Perfomance Lube - Lubricantes","og_description":"Distribuidor de lubricantes PUMA, l\u00ednea ADVANCED de diferentes aplicaciones. Env\u00edos a todo el pa\u00eds. Variedad de productos y stock disponible.PUMA GEAR OIL 4 80W","og_url":"https:\/\/pldistribucion.com.ar\/web\/producto\/puma-gear-oil-4-80w\/","og_site_name":"Perfomance Lube","article_modified_time":"2023-07-04T14:55:34+00:00","og_image":[{"width":700,"height":700,"url":"https:\/\/pldistribucion.com.ar\/web\/wp-content\/uploads\/Copia-de-Diseno-sin-titulo-6.png","type":"image\/png"}],"twitter_card":"summary_large_image","twitter_misc":{"Tiempo de lectura":"2 minutos"},"schema":{"@context":"https:\/\/schema.org","@graph":[{"@type":"WebPage","@id":"https:\/\/pldistribucion.com.ar\/web\/producto\/puma-gear-oil-4-80w\/","url":"https:\/\/pldistribucion.com.ar\/web\/producto\/puma-gear-oil-4-80w\/","name":"PUMA GEAR OIL 4 80W - Perfomance Lube - Lubricantes","isPartOf":{"@id":"https:\/\/pldistribucion.com.ar\/web\/#website"},"primaryImageOfPage":{"@id":"https:\/\/pldistribucion.com.ar\/web\/producto\/puma-gear-oil-4-80w\/#primaryimage"},"image":{"@id":"https:\/\/pldistribucion.com.ar\/web\/producto\/puma-gear-oil-4-80w\/#primaryimage"},"thumbnailUrl":"https:\/\/pldistribucion.com.ar\/web\/wp-content\/uploads\/Copia-de-Diseno-sin-titulo-6.png","datePublished":"2021-02-04T16:20:07+00:00","dateModified":"2023-07-04T14:55:34+00:00","description":"Distribuidor de lubricantes PUMA, l\u00ednea ADVANCED de diferentes aplicaciones. Env\u00edos a todo el pa\u00eds. Variedad de productos y stock disponible.PUMA GEAR OIL 4 80W","breadcrumb":{"@id":"https:\/\/pldistribucion.com.ar\/web\/producto\/puma-gear-oil-4-80w\/#breadcrumb"},"inLanguage":"es","potentialAction":[{"@type":"ReadAction","target":["https:\/\/pldistribucion.com.ar\/web\/producto\/puma-gear-oil-4-80w\/"]}]},{"@type":"ImageObject","inLanguage":"es","@id":"https:\/\/pldistribucion.com.ar\/web\/producto\/puma-gear-oil-4-80w\/#primaryimage","url":"https:\/\/pldistribucion.com.ar\/web\/wp-content\/uploads\/Copia-de-Diseno-sin-titulo-6.png","contentUrl":"https:\/\/pldistribucion.com.ar\/web\/wp-content\/uploads\/Copia-de-Diseno-sin-titulo-6.png","width":700,"height":700,"caption":"PUMA GEAR OIL 4 80W"},{"@type":"BreadcrumbList","@id":"https:\/\/pldistribucion.com.ar\/web\/producto\/puma-gear-oil-4-80w\/#breadcrumb","itemListElement":[{"@type":"ListItem","position":1,"name":"Portada","item":"https:\/\/pldistribucion.com.ar\/web\/"},{"@type":"ListItem","position":2,"name":"Productos","item":"https:\/\/pldistribucion.com.ar\/web\/productos\/"},{"@type":"ListItem","position":3,"name":"PUMA GEAR OIL 4 80W"}]},{"@type":"WebSite","@id":"https:\/\/pldistribucion.com.ar\/web\/#website","url":"https:\/\/pldistribucion.com.ar\/web\/","name":"Perfomance Lube","description":"","publisher":{"@id":"https:\/\/pldistribucion.com.ar\/web\/#organization"},"potentialAction":[{"@type":"SearchAction","target":{"@type":"EntryPoint","urlTemplate":"https:\/\/pldistribucion.com.ar\/web\/?s={search_term_string}"},"query-input":"required name=search_term_string"}],"inLanguage":"es"},{"@type":"Organization","@id":"https:\/\/pldistribucion.com.ar\/web\/#organization","name":"PERFORMANCE LUBE","url":"https:\/\/pldistribucion.com.ar\/web\/","logo":{"@type":"ImageObject","inLanguage":"es","@id":"https:\/\/pldistribucion.com.ar\/web\/#\/schema\/logo\/image\/","url":"https:\/\/pldistribucion.com.ar\/web\/wp-content\/uploads\/pld_logo_GB-removebg-preview.png","contentUrl":"https:\/\/pldistribucion.com.ar\/web\/wp-content\/uploads\/pld_logo_GB-removebg-preview.png","width":787,"height":317,"caption":"PERFORMANCE LUBE"},"image":{"@id":"https:\/\/pldistribucion.com.ar\/web\/#\/schema\/logo\/image\/"}}]}},"_links":{"self":[{"href":"https:\/\/pldistribucion.com.ar\/web\/wp-json\/wp\/v2\/product\/1067"}],"collection":[{"href":"https:\/\/pldistribucion.com.ar\/web\/wp-json\/wp\/v2\/product"}],"about":[{"href":"https:\/\/pldistribucion.com.ar\/web\/wp-json\/wp\/v2\/types\/product"}],"replies":[{"embeddable":true,"href":"https:\/\/pldistribucion.com.ar\/web\/wp-json\/wp\/v2\/comments?post=1067"}],"wp:featuredmedia":[{"embeddable":true,"href":"https:\/\/pldistribucion.com.ar\/web\/wp-json\/wp\/v2\/media\/6801"}],"wp:attachment":[{"href":"https:\/\/pldistribucion.com.ar\/web\/wp-json\/wp\/v2\/media?parent=1067"}],"wp:term":[{"taxonomy":"product_cat","embeddable":true,"href":"https:\/\/pldistribucion.com.ar\/web\/wp-json\/wp\/v2\/product_cat?post=1067"},{"taxonomy":"product_tag","embeddable":true,"href":"https:\/\/pldistribucion.com.ar\/web\/wp-json\/wp\/v2\/product_tag?post=1067"}],"curies":[{"name":"wp","href":"https:\/\/api.w.org\/{rel}","templated":true}]}}