{"id":5260,"date":"2022-09-06T11:29:49","date_gmt":"2022-09-06T11:29:49","guid":{"rendered":"https:\/\/pldistribucion.com.ar\/web\/?page_id=5260"},"modified":"2022-09-06T11:33:42","modified_gmt":"2022-09-06T11:33:42","slug":"segui-tu-envio","status":"publish","type":"page","link":"https:\/\/pldistribucion.com.ar\/web\/segui-tu-envio\/","title":{"rendered":"Segu\u00ed tu env\u00edo"},"content":{"rendered":"\n<h2 class=\"uppercase\">SEGU\u00cd TU ENV\u00cdO<\/h2>\n<h3 class=\"thin-font\">Aqu\u00ed puedes ver donde se encuentra tu pedido.<\/h3>\n\t<div id=\"gap-902719612\" class=\"gap-element clearfix\" style=\"display:block; height:auto;\">\n\t\t\t<\/div>\n\t\n\n<div class=\"row align-center\"  id=\"row-1620625893\">\n\n<div class=\"col medium-9 small-12 large-9\"  ><div class=\"col-inner\"  >\n\n<div id=\"Container\" style=\"padding-bottom:56.25%; position:relative; display:block; width: 100%\"> <iframe loading=\"lazy\" name=\"SistrackIframe\" id=\"SistrackIframe\" width=\"100%\" height=\"100%\" src=\"https:\/\/performancelube.sistrack.net\/widget\" frameborder=\"0\" allowfullscreen=\"\" style=\"position:absolute; top:0; left: 0\"><\/iframe> <\/div>\n\n<\/div><\/div>\n\n\n<style scope=\"scope\">\n\n<\/style>\n<\/div>\n\n","protected":false},"excerpt":{"rendered":"<p>SEGU\u00cd TU ENV\u00cdO Aqu\u00ed puedes ver donde se encuentra tu pedido.<\/p>\n","protected":false},"author":1,"featured_media":0,"parent":0,"menu_order":0,"comment_status":"closed","ping_status":"closed","template":"","meta":{"footnotes":""},"yoast_head":"<!-- This site is optimized with the Yoast SEO plugin v23.0 - https:\/\/yoast.com\/wordpress\/plugins\/seo\/ -->\n<title>Segu\u00ed tu env\u00edo - Perfomance Lube<\/title>\n<meta name=\"robots\" content=\"index, follow, max-snippet:-1, max-image-preview:large, max-video-preview:-1\" \/>\n<link rel=\"canonical\" href=\"https:\/\/pldistribucion.com.ar\/web\/segui-tu-envio\/\" \/>\n<meta property=\"og:locale\" content=\"es_ES\" \/>\n<meta property=\"og:type\" content=\"article\" \/>\n<meta property=\"og:title\" content=\"Segu\u00ed tu env\u00edo - Perfomance Lube\" \/>\n<meta property=\"og:description\" content=\"SEGU\u00cd TU ENV\u00cdO Aqu\u00ed puedes ver donde se encuentra tu pedido.\" \/>\n<meta property=\"og:url\" content=\"https:\/\/pldistribucion.com.ar\/web\/segui-tu-envio\/\" \/>\n<meta property=\"og:site_name\" content=\"Perfomance Lube\" \/>\n<meta property=\"article:modified_time\" content=\"2022-09-06T11:33:42+00:00\" \/>\n<meta name=\"twitter:card\" content=\"summary_large_image\" \/>\n<meta name=\"twitter:label1\" content=\"Tiempo de lectura\" \/>\n\t<meta name=\"twitter:data1\" content=\"1 minuto\" \/>\n<script type=\"application\/ld+json\" class=\"yoast-schema-graph\">{\"@context\":\"https:\/\/schema.org\",\"@graph\":[{\"@type\":\"WebPage\",\"@id\":\"https:\/\/pldistribucion.com.ar\/web\/segui-tu-envio\/\",\"url\":\"https:\/\/pldistribucion.com.ar\/web\/segui-tu-envio\/\",\"name\":\"Segu\u00ed tu env\u00edo - Perfomance Lube\",\"isPartOf\":{\"@id\":\"https:\/\/pldistribucion.com.ar\/web\/#website\"},\"datePublished\":\"2022-09-06T11:29:49+00:00\",\"dateModified\":\"2022-09-06T11:33:42+00:00\",\"breadcrumb\":{\"@id\":\"https:\/\/pldistribucion.com.ar\/web\/segui-tu-envio\/#breadcrumb\"},\"inLanguage\":\"es\",\"potentialAction\":[{\"@type\":\"ReadAction\",\"target\":[\"https:\/\/pldistribucion.com.ar\/web\/segui-tu-envio\/\"]}]},{\"@type\":\"BreadcrumbList\",\"@id\":\"https:\/\/pldistribucion.com.ar\/web\/segui-tu-envio\/#breadcrumb\",\"itemListElement\":[{\"@type\":\"ListItem\",\"position\":1,\"name\":\"Portada\",\"item\":\"https:\/\/pldistribucion.com.ar\/web\/\"},{\"@type\":\"ListItem\",\"position\":2,\"name\":\"Segu\u00ed tu env\u00edo\"}]},{\"@type\":\"WebSite\",\"@id\":\"https:\/\/pldistribucion.com.ar\/web\/#website\",\"url\":\"https:\/\/pldistribucion.com.ar\/web\/\",\"name\":\"Perfomance Lube\",\"description\":\"\",\"publisher\":{\"@id\":\"https:\/\/pldistribucion.com.ar\/web\/#organization\"},\"potentialAction\":[{\"@type\":\"SearchAction\",\"target\":{\"@type\":\"EntryPoint\",\"urlTemplate\":\"https:\/\/pldistribucion.com.ar\/web\/?s={search_term_string}\"},\"query-input\":\"required name=search_term_string\"}],\"inLanguage\":\"es\"},{\"@type\":\"Organization\",\"@id\":\"https:\/\/pldistribucion.com.ar\/web\/#organization\",\"name\":\"PERFORMANCE LUBE\",\"url\":\"https:\/\/pldistribucion.com.ar\/web\/\",\"logo\":{\"@type\":\"ImageObject\",\"inLanguage\":\"es\",\"@id\":\"https:\/\/pldistribucion.com.ar\/web\/#\/schema\/logo\/image\/\",\"url\":\"https:\/\/pldistribucion.com.ar\/web\/wp-content\/uploads\/pld_logo_GB-removebg-preview.png\",\"contentUrl\":\"https:\/\/pldistribucion.com.ar\/web\/wp-content\/uploads\/pld_logo_GB-removebg-preview.png\",\"width\":787,\"height\":317,\"caption\":\"PERFORMANCE LUBE\"},\"image\":{\"@id\":\"https:\/\/pldistribucion.com.ar\/web\/#\/schema\/logo\/image\/\"}}]}<\/script>\n<!-- \/ Yoast SEO plugin. -->","yoast_head_json":{"title":"Segu\u00ed tu env\u00edo - Perfomance Lube","robots":{"index":"index","follow":"follow","max-snippet":"max-snippet:-1","max-image-preview":"max-image-preview:large","max-video-preview":"max-video-preview:-1"},"canonical":"https:\/\/pldistribucion.com.ar\/web\/segui-tu-envio\/","og_locale":"es_ES","og_type":"article","og_title":"Segu\u00ed tu env\u00edo - Perfomance Lube","og_description":"SEGU\u00cd TU ENV\u00cdO Aqu\u00ed puedes ver donde se encuentra tu pedido.","og_url":"https:\/\/pldistribucion.com.ar\/web\/segui-tu-envio\/","og_site_name":"Perfomance Lube","article_modified_time":"2022-09-06T11:33:42+00:00","twitter_card":"summary_large_image","twitter_misc":{"Tiempo de lectura":"1 minuto"},"schema":{"@context":"https:\/\/schema.org","@graph":[{"@type":"WebPage","@id":"https:\/\/pldistribucion.com.ar\/web\/segui-tu-envio\/","url":"https:\/\/pldistribucion.com.ar\/web\/segui-tu-envio\/","name":"Segu\u00ed tu env\u00edo - Perfomance Lube","isPartOf":{"@id":"https:\/\/pldistribucion.com.ar\/web\/#website"},"datePublished":"2022-09-06T11:29:49+00:00","dateModified":"2022-09-06T11:33:42+00:00","breadcrumb":{"@id":"https:\/\/pldistribucion.com.ar\/web\/segui-tu-envio\/#breadcrumb"},"inLanguage":"es","potentialAction":[{"@type":"ReadAction","target":["https:\/\/pldistribucion.com.ar\/web\/segui-tu-envio\/"]}]},{"@type":"BreadcrumbList","@id":"https:\/\/pldistribucion.com.ar\/web\/segui-tu-envio\/#breadcrumb","itemListElement":[{"@type":"ListItem","position":1,"name":"Portada","item":"https:\/\/pldistribucion.com.ar\/web\/"},{"@type":"ListItem","position":2,"name":"Segu\u00ed tu env\u00edo"}]},{"@type":"WebSite","@id":"https:\/\/pldistribucion.com.ar\/web\/#website","url":"https:\/\/pldistribucion.com.ar\/web\/","name":"Perfomance Lube","description":"","publisher":{"@id":"https:\/\/pldistribucion.com.ar\/web\/#organization"},"potentialAction":[{"@type":"SearchAction","target":{"@type":"EntryPoint","urlTemplate":"https:\/\/pldistribucion.com.ar\/web\/?s={search_term_string}"},"query-input":"required name=search_term_string"}],"inLanguage":"es"},{"@type":"Organization","@id":"https:\/\/pldistribucion.com.ar\/web\/#organization","name":"PERFORMANCE LUBE","url":"https:\/\/pldistribucion.com.ar\/web\/","logo":{"@type":"ImageObject","inLanguage":"es","@id":"https:\/\/pldistribucion.com.ar\/web\/#\/schema\/logo\/image\/","url":"https:\/\/pldistribucion.com.ar\/web\/wp-content\/uploads\/pld_logo_GB-removebg-preview.png","contentUrl":"https:\/\/pldistribucion.com.ar\/web\/wp-content\/uploads\/pld_logo_GB-removebg-preview.png","width":787,"height":317,"caption":"PERFORMANCE LUBE"},"image":{"@id":"https:\/\/pldistribucion.com.ar\/web\/#\/schema\/logo\/image\/"}}]}},"_links":{"self":[{"href":"https:\/\/pldistribucion.com.ar\/web\/wp-json\/wp\/v2\/pages\/5260"}],"collection":[{"href":"https:\/\/pldistribucion.com.ar\/web\/wp-json\/wp\/v2\/pages"}],"about":[{"href":"https:\/\/pldistribucion.com.ar\/web\/wp-json\/wp\/v2\/types\/page"}],"author":[{"embeddable":true,"href":"https:\/\/pldistribucion.com.ar\/web\/wp-json\/wp\/v2\/users\/1"}],"replies":[{"embeddable":true,"href":"https:\/\/pldistribucion.com.ar\/web\/wp-json\/wp\/v2\/comments?post=5260"}],"version-history":[{"count":3,"href":"https:\/\/pldistribucion.com.ar\/web\/wp-json\/wp\/v2\/pages\/5260\/revisions"}],"predecessor-version":[{"id":5264,"href":"https:\/\/pldistribucion.com.ar\/web\/wp-json\/wp\/v2\/pages\/5260\/revisions\/5264"}],"wp:attachment":[{"href":"https:\/\/pldistribucion.com.ar\/web\/wp-json\/wp\/v2\/media?parent=5260"}],"curies":[{"name":"wp","href":"https:\/\/api.w.org\/{rel}","templated":true}]}}